{"id":21356,"date":"2025-12-18T12:20:39","date_gmt":"2025-12-18T12:20:39","guid":{"rendered":"https:\/\/oboemuebles.com\/aviso-legal\/"},"modified":"2026-03-24T08:58:01","modified_gmt":"2026-03-24T08:58:01","slug":"legal-notice","status":"publish","type":"page","link":"https:\/\/oboemuebles.com\/en\/legal-notice\/","title":{"rendered":"Legal Notice"},"content":{"rendered":"<div class=\"fusion-fullwidth fullwidth-box fusion-builder-row-1 fusion-flex-container nonhundred-percent-fullwidth non-hundred-percent-height-scrolling\" style=\"--awb-border-radius-top-left:0px;--awb-border-radius-top-right:0px;--awb-border-radius-bottom-right:0px;--awb-border-radius-bottom-left:0px;--awb-flex-wrap:wrap;\" ><div class=\"fusion-builder-row fusion-row fusion-flex-align-items-flex-start fusion-flex-content-wrap\" style=\"max-width:1320.8px;margin-left: calc(-4% \/ 2 );margin-right: calc(-4% \/ 2 );\"><div class=\"fusion-layout-column fusion_builder_column fusion-builder-column-0 fusion_builder_column_1_1 1_1 fusion-flex-column\" style=\"--awb-bg-size:cover;--awb-width-large:100%;--awb-margin-top-large:0px;--awb-spacing-right-large:1.92%;--awb-margin-bottom-large:0px;--awb-spacing-left-large:1.92%;--awb-width-medium:100%;--awb-spacing-right-medium:1.92%;--awb-spacing-left-medium:1.92%;--awb-width-small:100%;--awb-spacing-right-small:1.92%;--awb-spacing-left-small:1.92%;\"><div class=\"fusion-column-wrapper fusion-flex-justify-content-flex-start fusion-content-layout-column\"><div class=\"fusion-text fusion-text-1\"><p>OBOGAR S.L, (hereinafter OBOE) informs you about its Privacy Policy regarding the processing and protection of personal data of users and customers that may be collected by browsing or contracting services through the website www.oboemuebles.com<br \/>\nIn this regard, OBOE guarantees compliance with current regulations on the protection of personal data, reflected in the Organic Law 3\/2018 of December 5, Protection of Personal Data and Guarantee of Digital Rights (LOPD GDD). It also complies with Regulation (EU) 2016\/679 of the European Parliament and of the Council of 27 April 2016 on the protection of natural persons (GDPR).<br \/>\nThe use of the Web site implies the acceptance of this Privacy Policy as well as the conditions included in the Legal Notice.<\/p>\n<\/div><div class=\"fusion-title title fusion-title-1 fusion-sep-none fusion-title-text fusion-title-size-three\" style=\"--awb-margin-top-small:8px;--awb-margin-right-small:0px;--awb-margin-bottom-small:16px;--awb-margin-left-small:0px;\"><h3 class=\"fusion-title-heading title-heading-left fusion-responsive-typography-calculated\" style=\"margin:0;--fontSize:28;line-height:1.32;\">Identity of the responsible<\/h3><\/div><ul style=\"--awb-line-height:23.8px;--awb-icon-width:23.8px;--awb-icon-height:23.8px;--awb-icon-margin:9.8px;--awb-content-margin:33.6px;\" class=\"fusion-checklist fusion-checklist-1 fusion-checklist-default type-icons\"><li class=\"fusion-li-item\" style=\"\"><span class=\"icon-wrapper circle-no\"><i class=\"fusion-li-icon fa-user fas\" aria-hidden=\"true\"><\/i><\/span><div class=\"fusion-li-item-content\">\n<p>Owner: OBOGAR S.L<\/p>\n<\/div><\/li><li class=\"fusion-li-item\" style=\"\"><span class=\"icon-wrapper circle-no\"><i class=\"fusion-li-icon fa-id-card fas\" aria-hidden=\"true\"><\/i><\/span><div class=\"fusion-li-item-content\">\n<p>NIF\/CIF: B29653300<\/p>\n<\/div><\/li><li class=\"fusion-li-item\" style=\"\"><span class=\"icon-wrapper circle-no\"><i class=\"fusion-li-icon fa-home fas\" aria-hidden=\"true\"><\/i><\/span><div class=\"fusion-li-item-content\">\n<p>Address: HERMANAS BRONTE 75, 29004. M\u00c1LAGA<\/p>\n<\/div><\/li><li class=\"fusion-li-item\" style=\"\"><span class=\"icon-wrapper circle-no\"><i class=\"fusion-li-icon fa-envelope fas\" aria-hidden=\"true\"><\/i><\/span><div class=\"fusion-li-item-content\">\n<p>E-mail: administracion@obogar.com<\/p>\n<\/div><\/li><li class=\"fusion-li-item\" style=\"\"><span class=\"icon-wrapper circle-no\"><i class=\"fusion-li-icon fa-at fas\" aria-hidden=\"true\"><\/i><\/span><div class=\"fusion-li-item-content\">\n<p>Web Site: www.oboemuebles.com<\/p>\n<\/div><\/li><\/ul><div class=\"fusion-title title fusion-title-2 fusion-sep-none fusion-title-text fusion-title-size-three\" style=\"--awb-margin-top-small:8px;--awb-margin-right-small:0px;--awb-margin-bottom-small:16px;--awb-margin-left-small:0px;\"><h3 class=\"fusion-title-heading title-heading-left fusion-responsive-typography-calculated\" style=\"margin:0;--fontSize:28;line-height:1.32;\">Principles applied in data processing<\/h3><\/div><ul style=\"--awb-line-height:23.8px;--awb-icon-width:23.8px;--awb-icon-height:23.8px;--awb-icon-margin:9.8px;--awb-content-margin:33.6px;\" class=\"fusion-checklist fusion-checklist-2 fusion-checklist-default type-icons\"><li class=\"fusion-li-item\" style=\"\"><span class=\"icon-wrapper circle-no\"><i class=\"fusion-li-icon fa-folder fas\" aria-hidden=\"true\"><\/i><\/span><div class=\"fusion-li-item-content\">\n<p>Principle of legality, loyalty and transparency: OBOE will always require consent for the processing of your personal data, which may be for one or more specific purposes about which you will be informed in advance with absolute transparency.<\/p>\n<\/div><\/li><li class=\"fusion-li-item\" style=\"\"><span class=\"icon-wrapper circle-no\"><i class=\"fusion-li-icon fa-folder fas\" aria-hidden=\"true\"><\/i><\/span><div class=\"fusion-li-item-content\">\n<p>Principle of data minimization: OBOE will request from you only the data strictly necessary for the purpose or purposes for which it is requesting it.<\/p>\n<\/div><\/li><li class=\"fusion-li-item\" style=\"\"><span class=\"icon-wrapper circle-no\"><i class=\"fusion-li-icon fa-folder fas\" aria-hidden=\"true\"><\/i><\/span><div class=\"fusion-li-item-content\">\n<p>Principio de limitaci\u00f3n del plazo de conservaci\u00f3n: Los datos se mantendr\u00e1n durante el tiempo estrictamente necesario para el fin o los fines del tratamiento.<br \/>\nOBOE te informar\u00e1 del plazo de conservaci\u00f3n correspondiente seg\u00fan la finalidad.<\/p>\n<\/div><\/li><li class=\"fusion-li-item\" style=\"\"><span class=\"icon-wrapper circle-no\"><i class=\"fusion-li-icon fa-folder fas\" aria-hidden=\"true\"><\/i><\/span><div class=\"fusion-li-item-content\">\n<p>Principle of integrity and confidentiality: Your data will be treated in such a way that its security, confidentiality and integrity is guaranteed.<br \/>\nYou should know that OBOE takes the necessary precautions to prevent unauthorized access or misuse of user data by third parties.<\/p>\n<\/div><\/li><\/ul><div class=\"fusion-title title fusion-title-3 fusion-sep-none fusion-title-text fusion-title-size-three\" style=\"--awb-margin-top-small:8px;--awb-margin-right-small:0px;--awb-margin-bottom-small:16px;--awb-margin-left-small:0px;\"><h3 class=\"fusion-title-heading title-heading-left fusion-responsive-typography-calculated\" style=\"margin:0;--fontSize:28;line-height:1.32;\">Collection of personal data<\/h3><\/div><div class=\"fusion-text fusion-text-2\"><p>To browse www.oboemuebles.com you do not need to provide any personal information. The cases in which you do provide your personal data are the following:<\/p>\n<\/div><ul style=\"--awb-line-height:23.8px;--awb-icon-width:23.8px;--awb-icon-height:23.8px;--awb-icon-margin:9.8px;--awb-content-margin:33.6px;\" class=\"fusion-checklist fusion-checklist-3 fusion-checklist-default type-icons\"><li class=\"fusion-li-item\" style=\"\"><span class=\"icon-wrapper circle-no\"><i class=\"fusion-li-icon fa-file-signature fas\" aria-hidden=\"true\"><\/i><\/span><div class=\"fusion-li-item-content\">\n<p>By contacting us through the contact forms, sending an e-mail or making a phone call.<\/p>\n<\/div><\/li><\/ul><div class=\"fusion-title title fusion-title-4 fusion-sep-none fusion-title-text fusion-title-size-three\" style=\"--awb-margin-top-small:8px;--awb-margin-right-small:0px;--awb-margin-bottom-small:16px;--awb-margin-left-small:0px;\"><h3 class=\"fusion-title-heading title-heading-left fusion-responsive-typography-calculated\" style=\"margin:0;--fontSize:28;line-height:1.32;\">Your rights<\/h3><\/div><ul style=\"--awb-line-height:23.8px;--awb-icon-width:23.8px;--awb-icon-height:23.8px;--awb-icon-margin:9.8px;--awb-content-margin:33.6px;\" class=\"fusion-checklist fusion-checklist-4 fusion-checklist-default type-icons\"><li class=\"fusion-li-item\" style=\"\"><span class=\"icon-wrapper circle-no\"><i class=\"fusion-li-icon fa-file-signature fas\" aria-hidden=\"true\"><\/i><\/span><div class=\"fusion-li-item-content\">\n<p>Request access to stored data.<\/p>\n<\/div><\/li><li class=\"fusion-li-item\" style=\"\"><span class=\"icon-wrapper circle-no\"><i class=\"fusion-li-icon fa-file-signature fas\" aria-hidden=\"true\"><\/i><\/span><div class=\"fusion-li-item-content\">\n<p>Request a rectification or cancellation.<\/p>\n<\/div><\/li><li class=\"fusion-li-item\" style=\"\"><span class=\"icon-wrapper circle-no\"><i class=\"fusion-li-icon fa-file-signature fas\" aria-hidden=\"true\"><\/i><\/span><div class=\"fusion-li-item-content\">\n<p>Request the limitation of your treatment.<\/p>\n<\/div><\/li><li class=\"fusion-li-item\" style=\"\"><span class=\"icon-wrapper circle-no\"><i class=\"fusion-li-icon fa-file-signature fas\" aria-hidden=\"true\"><\/i><\/span><div class=\"fusion-li-item-content\">\n<p>Oppose treatment.<\/p>\n<\/div><\/li><li class=\"fusion-li-item\" style=\"\"><span class=\"icon-wrapper circle-no\"><i class=\"fusion-li-icon fa-file-signature fas\" aria-hidden=\"true\"><\/i><\/span><div class=\"fusion-li-item-content\">\n<p>Request the portability of your data.<\/p>\n<\/div><\/li><\/ul><div class=\"fusion-text fusion-text-3\"><p>The exercise of these rights is personal and therefore must be exercised directly by the person concerned, requesting it directly OBOE, which means that any customer, subscriber or collaborator who has provided their data at any time may contact the OBOE and request information about the data it has stored and how it was obtained, request the rectification of the same, request the portability of their personal data, oppose the treatment, limit its use or request the cancellation of such data in the files of OBOE.<br \/>\nTo exercise your rights of access, rectification, cancellation, portability and opposition you have to send an email to administracion@obogar.com along with valid proof in law such as a photocopy of your ID card or equivalent.<br \/>\nYou have the right to effective judicial protection and to file a complaint before the supervisory authority, in this case, the Spanish Data Protection Agency, if you consider that the processing of personal data concerning you violates the Regulation.<\/p>\n<\/div><div class=\"fusion-title title fusion-title-5 fusion-sep-none fusion-title-text fusion-title-size-three\" style=\"--awb-margin-top-small:8px;--awb-margin-right-small:0px;--awb-margin-bottom-small:16px;--awb-margin-left-small:0px;\"><h3 class=\"fusion-title-heading title-heading-left fusion-responsive-typography-calculated\" style=\"margin:0;--fontSize:28;line-height:1.32;\">Purpose of personal data processing<\/h3><\/div><div class=\"fusion-text fusion-text-4\"><p>When you connect to the Web site to send an OBOE email, subscribe to its newsletter or make a contract, you are providing personal information for which OBOE is responsible. This information may include personal information such as your IP address, first and last name, physical address, email address, telephone number, and other information. By providing this information, you consent to the collection, use, management and storage of your information by superadmin.es , only as described in the Legal Notice and this Privacy Policy.<\/p>\n<\/div><div class=\"fusion-text fusion-text-5\"><p>The personal data and the purpose of the processing by the OBOE is different depending on the information capture system:<\/p>\n<\/div><ul style=\"--awb-line-height:23.8px;--awb-icon-width:23.8px;--awb-icon-height:23.8px;--awb-icon-margin:9.8px;--awb-content-margin:33.6px;\" class=\"fusion-checklist fusion-checklist-5 fusion-checklist-default type-icons\"><li class=\"fusion-li-item\" style=\"\"><span class=\"icon-wrapper circle-no\"><i class=\"fusion-li-icon fa-file-signature fas\" aria-hidden=\"true\"><\/i><\/span><div class=\"fusion-li-item-content\">\n<p>Contact forms: The Holder requests personal data which may include: Name and surname, e-mail address, telephone number and address of your Web site in order to respond to your inquiries.<br \/>\nFor example, OBOE uses this data to respond to your messages, questions, complaints, comments or concerns you may have regarding the information included in www.oboemuebles.com, the services provided through the Web site, the processing of your personal data, questions regarding the legal texts included in the Web site, as well as any other query you may have that is not subject to the conditions of the Web site or the contract.<\/p>\n<\/div><\/li><li class=\"fusion-li-item\" style=\"\"><span class=\"icon-wrapper circle-no\"><i class=\"fusion-li-icon fa-file-signature fas\" aria-hidden=\"true\"><\/i><\/span><div class=\"fusion-li-item-content\">\n<p>To ensure compliance with the conditions contained in the Legal Notice and applicable law. This may include the development of tools and algorithms to help this Web site ensure the confidentiality of the personal data it collects.<\/p>\n<\/div><\/li><li class=\"fusion-li-item\" style=\"\"><span class=\"icon-wrapper circle-no\"><i class=\"fusion-li-icon fa-file-signature fas\" aria-hidden=\"true\"><\/i><\/span><div class=\"fusion-li-item-content\">\n<p>To support and improve the services offered by this Web site.<\/p>\n<\/div><\/li><li class=\"fusion-li-item\" style=\"\"><span class=\"icon-wrapper circle-no\"><i class=\"fusion-li-icon fa-file-signature fas\" aria-hidden=\"true\"><\/i><\/span><div class=\"fusion-li-item-content\">\n<p>To analyze navigation. OBOGAR collects other non-identifying data obtained through the use of cookies that are downloaded to your computer when you browse the website whose characteristics and purpose are detailed in the Cookies Policy.<\/p>\n<\/div><\/li><li class=\"fusion-li-item\" style=\"\"><span class=\"icon-wrapper circle-no\"><i class=\"fusion-li-icon fa-file-signature fas\" aria-hidden=\"true\"><\/i><\/span><div class=\"fusion-li-item-content\">\n<p>To manage social networks. OBOE has a presence in social networks. If you become a follower on OBOE&#8217;s social networks, the processing of personal data shall be governed by this section, as well as by those conditions of use, privacy policies and access regulations that belong to the social network that applies in each case and that you have previously accepted.<\/p>\n<\/div><\/li><\/ul><div class=\"fusion-text fusion-text-6\"><p>You can consult the privacy policies of the main social networks in these links:<\/p>\n<\/div><ul style=\"--awb-line-height:23.8px;--awb-icon-width:23.8px;--awb-icon-height:23.8px;--awb-icon-margin:9.8px;--awb-content-margin:33.6px;\" class=\"fusion-checklist fusion-checklist-6 fusion-checklist-default type-icons\"><li class=\"fusion-li-item\" style=\"\"><span class=\"icon-wrapper circle-no\"><i class=\"fusion-li-icon icon-furnitureinstagram-brands\" aria-hidden=\"true\"><\/i><\/span><div class=\"fusion-li-item-content\">\n<p>Instagram<\/p>\n<\/div><\/li><li class=\"fusion-li-item\" style=\"\"><span class=\"icon-wrapper circle-no\"><i class=\"fusion-li-icon fa-file-signature fas\" aria-hidden=\"true\"><\/i><\/span><div class=\"fusion-li-item-content\">\n<p>Facebook<\/p>\n<\/div><\/li><\/ul><div class=\"fusion-text fusion-text-7\"><p>OBOE will process your personal data in order to properly manage its presence in the social network, inform you of its activities, products or services, as well as for any other purpose that the regulations of social networks allow.<br \/>\nIn no case OBOE will use the profiles of followers in social networks to send advertising individually.<\/p>\n<\/div><div class=\"fusion-title title fusion-title-6 fusion-sep-none fusion-title-text fusion-title-size-three\" style=\"--awb-margin-top-small:8px;--awb-margin-right-small:0px;--awb-margin-bottom-small:16px;--awb-margin-left-small:0px;\"><h3 class=\"fusion-title-heading title-heading-left fusion-responsive-typography-calculated\" style=\"margin:0;--fontSize:28;line-height:1.32;\">Personal data security<\/h3><\/div><div class=\"fusion-text fusion-text-8\"><p>To protect your personal data, OBOE takes all reasonable precautions and follows industry best practices to prevent the loss, misuse, improper access, disclosure, alteration or destruction of your personal data. The security of your data is guaranteed, as they take all the necessary security measures. You can consult their privacy policy for more information.<\/p>\n<\/div><div class=\"fusion-title title fusion-title-7 fusion-sep-none fusion-title-text fusion-title-size-three\" style=\"--awb-margin-top-small:8px;--awb-margin-right-small:0px;--awb-margin-bottom-small:16px;--awb-margin-left-small:0px;\"><h3 class=\"fusion-title-heading title-heading-left fusion-responsive-typography-calculated\" style=\"margin:0;--fontSize:28;line-height:1.32;\">Content from other websites<\/h3><\/div><div class=\"fusion-text fusion-text-9\"><p>The pages of this Web site may include embedded content (e.g., videos, images, articles, etc.). Embedded content from other websites behaves in exactly the same way as if you had visited the other website.<br \/>\nThese websites may collect data about you, use cookies, embed additional tracking code from third parties, and monitor your interaction using this code.<\/p>\n<\/div><div class=\"fusion-title title fusion-title-8 fusion-sep-none fusion-title-text fusion-title-size-three\" style=\"--awb-margin-top-small:8px;--awb-margin-right-small:0px;--awb-margin-bottom-small:16px;--awb-margin-left-small:0px;\"><h3 class=\"fusion-title-heading title-heading-left fusion-responsive-typography-calculated\" style=\"margin:0;--fontSize:28;line-height:1.32;\">Cookies Policy<\/h3><\/div><div class=\"fusion-text fusion-text-10\"><p>For this website to function properly it needs to use cookies, which is information that is stored in your web browser.<br \/>\nIn the Cookies Policy page you can consult all the information related to the collection policy, the purpose and treatment of cookies.<\/p>\n<\/div><div class=\"fusion-title title fusion-title-9 fusion-sep-none fusion-title-text fusion-title-size-three\" style=\"--awb-margin-top-small:8px;--awb-margin-right-small:0px;--awb-margin-bottom-small:16px;--awb-margin-left-small:0px;\"><h3 class=\"fusion-title-heading title-heading-left fusion-responsive-typography-calculated\" style=\"margin:0;--fontSize:28;line-height:1.32;\">Legitimation for data processing<\/h3><\/div><div class=\"fusion-text fusion-text-11\"><p>The legal basis for the processing of your data is: consent.<br \/>\nTo contact OBOE, subscribe to a newsletter or make comments on this website you must accept this Privacy Policy.<\/p>\n<\/div><div class=\"fusion-title title fusion-title-10 fusion-sep-none fusion-title-text fusion-title-size-three\" style=\"--awb-margin-top-small:8px;--awb-margin-right-small:0px;--awb-margin-bottom-small:16px;--awb-margin-left-small:0px;\"><h3 class=\"fusion-title-heading title-heading-left fusion-responsive-typography-calculated\" style=\"margin:0;--fontSize:28;line-height:1.32;\">Categories of personal data<\/h3><\/div><div class=\"fusion-text fusion-text-12\"><p>The categories of personal data processed by the OBOE are:<\/p>\n<\/div><ul style=\"--awb-line-height:23.8px;--awb-icon-width:23.8px;--awb-icon-height:23.8px;--awb-icon-margin:9.8px;--awb-content-margin:33.6px;\" class=\"fusion-checklist fusion-checklist-7 fusion-checklist-default type-icons\"><li class=\"fusion-li-item\" style=\"\"><span class=\"icon-wrapper circle-no\"><i class=\"fusion-li-icon icon-furnitureinstagram-brands\" aria-hidden=\"true\"><\/i><\/span><div class=\"fusion-li-item-content\">\n<p><strong>Identification data.<\/strong><br \/>\nRetention of personal data<br \/>\nPersonal data you provide to OBOE will be retained until you request its deletion.<br \/>\nRecipients of personal data<\/p>\n<\/div><\/li><li class=\"fusion-li-item\" style=\"\"><span class=\"icon-wrapper circle-no\"><i class=\"fusion-li-icon icon-furnitureinstagram-brands\" aria-hidden=\"true\"><\/i><\/span><div class=\"fusion-li-item-content\">\n<p><strong>Google Analytics<\/strong> is a web analytics service provided by Google, Inc., a Delaware company headquartered at 1600 Amphitheatre Parkway, Mountain View (California), CA 94043, United States (&#8220;Google&#8221;).<br \/>\nMore information is available at: https:\/\/analytics.google.com.<br \/>\nGoogle Analytics uses &#8220;cookies&#8221;, which are text files placed on your computer, to help the Owner analyze how users use the Website. The information generated by the cookie about your use of the website (including your IP address) will be transmitted to and stored by Google on servers in the United States.<\/p>\n<\/div><\/li><\/ul><div class=\"fusion-text fusion-text-13\"><p>You can also see a list of the types of cookies used by Google and its partners and all the information regarding their use of advertising cookies.<\/p>\n<\/div><div class=\"fusion-title title fusion-title-11 fusion-sep-none fusion-title-text fusion-title-size-three\" style=\"--awb-margin-top-small:8px;--awb-margin-right-small:0px;--awb-margin-bottom-small:16px;--awb-margin-left-small:0px;\"><h3 class=\"fusion-title-heading title-heading-left fusion-responsive-typography-calculated\" style=\"margin:0;--fontSize:28;line-height:1.32;\">Web browsing<\/h3><\/div><div class=\"fusion-text fusion-text-14\"><p>As you browse www.oboemuebles.com non-identifying data may be collected, which may include, IP address, geolocation, a record of how services and sites are used, browsing habits and other data that cannot be used to identify you.<br \/>\nThe website uses the following third party analytics services:<\/p>\n<ul>\n<li>Google Analytics<\/li>\n<\/ul>\n<\/div><div class=\"fusion-title title fusion-title-12 fusion-sep-none fusion-title-text fusion-title-size-three\" style=\"--awb-margin-top-small:8px;--awb-margin-right-small:0px;--awb-margin-bottom-small:16px;--awb-margin-left-small:0px;\"><h3 class=\"fusion-title-heading title-heading-left fusion-responsive-typography-calculated\" style=\"margin:0;--fontSize:28;line-height:1.32;\">Accuracy and veracity of personal data<\/h3><\/div><div class=\"fusion-text fusion-text-15\"><p>You agree that the data provided to OBOE are correct, complete, accurate and current, as well as to keep them properly updated.<\/p>\n<p>As a user of the website you are solely responsible for the accuracy and correctness of the data you submit to the site exonerating OBOE from any liability in this regard.<\/p>\n<\/div><div class=\"fusion-title title fusion-title-13 fusion-sep-none fusion-title-text fusion-title-size-three\" style=\"--awb-margin-top-small:8px;--awb-margin-right-small:0px;--awb-margin-bottom-small:16px;--awb-margin-left-small:0px;\"><h3 class=\"fusion-title-heading title-heading-left fusion-responsive-typography-calculated\" style=\"margin:0;--fontSize:28;line-height:1.32;\">Acceptance and consent<\/h3><\/div><div class=\"fusion-text fusion-text-16\"><p>As a User of the Website, you declare that you have been informed of the conditions on the protection of personal data, you accept and consent to the processing of such data by OBOE in the manner and for the purposes indicated in this Privacy Policy.<\/p>\n<\/div><div class=\"fusion-title title fusion-title-14 fusion-sep-none fusion-title-text fusion-title-size-three\" style=\"--awb-margin-top-small:8px;--awb-margin-right-small:0px;--awb-margin-bottom-small:16px;--awb-margin-left-small:0px;\"><h3 class=\"fusion-title-heading title-heading-left fusion-responsive-typography-calculated\" style=\"margin:0;--fontSize:28;line-height:1.32;\">Revocability<\/h3><\/div><div class=\"fusion-text fusion-text-17\"><p>To exercise your rights of access, rectification, cancellation, portability and opposition you have to send an email to administracion@obogar.com together with valid legal proof such as a photocopy of your ID card or equivalent.<br \/>\nThe exercise of your rights does not include any data that the Holder is obliged to keep for administrative, legal or security purposes.<\/p>\n<\/div><div class=\"fusion-title title fusion-title-15 fusion-sep-none fusion-title-text fusion-title-size-three\" style=\"--awb-margin-top-small:8px;--awb-margin-right-small:0px;--awb-margin-bottom-small:16px;--awb-margin-left-small:0px;\"><h3 class=\"fusion-title-heading title-heading-left fusion-responsive-typography-calculated\" style=\"margin:0;--fontSize:28;line-height:1.32;\">Changes in the Privacy Policy<\/h3><\/div><div class=\"fusion-text fusion-text-18\"><p>OBOE reserves the right to modify this Privacy Policy to adapt it to new legislation or jurisprudence, as well as to industry practices.<br \/>\nThese policies will be in force until they are modified by other duly published policies.<\/p>\n<\/div><\/div><\/div><\/div><\/div>\n","protected":false},"excerpt":{"rendered":"","protected":false},"author":1,"featured_media":0,"parent":0,"menu_order":0,"comment_status":"closed","ping_status":"open","template":"","meta":{"_acf_changed":false,"footnotes":""},"class_list":["post-21356","page","type-page","status-publish","hentry"],"acf":[],"_links":{"self":[{"href":"https:\/\/oboemuebles.com\/en\/wp-json\/wp\/v2\/pages\/21356","targetHints":{"allow":["GET"]}}],"collection":[{"href":"https:\/\/oboemuebles.com\/en\/wp-json\/wp\/v2\/pages"}],"about":[{"href":"https:\/\/oboemuebles.com\/en\/wp-json\/wp\/v2\/types\/page"}],"author":[{"embeddable":true,"href":"https:\/\/oboemuebles.com\/en\/wp-json\/wp\/v2\/users\/1"}],"replies":[{"embeddable":true,"href":"https:\/\/oboemuebles.com\/en\/wp-json\/wp\/v2\/comments?post=21356"}],"version-history":[{"count":15,"href":"https:\/\/oboemuebles.com\/en\/wp-json\/wp\/v2\/pages\/21356\/revisions"}],"predecessor-version":[{"id":21371,"href":"https:\/\/oboemuebles.com\/en\/wp-json\/wp\/v2\/pages\/21356\/revisions\/21371"}],"wp:attachment":[{"href":"https:\/\/oboemuebles.com\/en\/wp-json\/wp\/v2\/media?parent=21356"}],"curies":[{"name":"wp","href":"https:\/\/api.w.org\/{rel}","templated":true}]}}