{"id":21830,"date":"2025-11-13T17:04:25","date_gmt":"2025-11-13T17:04:25","guid":{"rendered":"https:\/\/oboemuebles.com\/producto\/mesa-de-centro-boomerang\/"},"modified":"2025-11-13T17:04:25","modified_gmt":"2025-11-13T17:04:25","slug":"mesa-de-centro-boomerang","status":"publish","type":"product","link":"https:\/\/oboemuebles.com\/en\/producto\/mesa-de-centro-boomerang\/","title":{"rendered":"Mesa de centro Boomerang"},"content":{"rendered":"","protected":false},"excerpt":{"rendered":"<p>Formas juguetonas de guijarros en la hermosa base plegada. La mesa de centro Boomerang es un complemento fant\u00e1stico y bien proporcionado para cualquier espacio. Configurada con los dos tama\u00f1os juntos, o de modo independiente, este dise\u00f1o seguramente llamar\u00e1 la atenci\u00f3n. Material: Roble, Caoba te\u00f1ida de marr\u00f3n oscuro, Teca marr\u00f3n. Dimensiones: 90 x 61 x 29 cm, 126 x 74 x 40cm.    <\/p>\n","protected":false},"featured_media":20494,"comment_status":"closed","ping_status":"closed","template":"","meta":{"_acf_changed":false},"product_brand":[],"product_cat":[890,922,919],"product_tag":[923],"class_list":{"0":"post-21830","1":"product","2":"type-product","3":"status-publish","4":"has-post-thumbnail","6":"product_cat-modern-furniture","7":"product_cat-mesas-de-centro","8":"product_cat-tables-malaga-marbella-2","9":"product_tag-alain-van-havre","11":"first","12":"instock","13":"product-type-simple"},"acf":[],"_links":{"self":[{"href":"https:\/\/oboemuebles.com\/en\/wp-json\/wp\/v2\/product\/21830","targetHints":{"allow":["GET"]}}],"collection":[{"href":"https:\/\/oboemuebles.com\/en\/wp-json\/wp\/v2\/product"}],"about":[{"href":"https:\/\/oboemuebles.com\/en\/wp-json\/wp\/v2\/types\/product"}],"replies":[{"embeddable":true,"href":"https:\/\/oboemuebles.com\/en\/wp-json\/wp\/v2\/comments?post=21830"}],"wp:featuredmedia":[{"embeddable":true,"href":"https:\/\/oboemuebles.com\/en\/wp-json\/wp\/v2\/media\/20494"}],"wp:attachment":[{"href":"https:\/\/oboemuebles.com\/en\/wp-json\/wp\/v2\/media?parent=21830"}],"wp:term":[{"taxonomy":"product_brand","embeddable":true,"href":"https:\/\/oboemuebles.com\/en\/wp-json\/wp\/v2\/product_brand?post=21830"},{"taxonomy":"product_cat","embeddable":true,"href":"https:\/\/oboemuebles.com\/en\/wp-json\/wp\/v2\/product_cat?post=21830"},{"taxonomy":"product_tag","embeddable":true,"href":"https:\/\/oboemuebles.com\/en\/wp-json\/wp\/v2\/product_tag?post=21830"}],"curies":[{"name":"wp","href":"https:\/\/api.w.org\/{rel}","templated":true}]}}