{"id":22193,"date":"2025-11-13T15:39:38","date_gmt":"2025-11-13T15:39:38","guid":{"rendered":"https:\/\/oboemuebles.com\/producto\/jeko-04\/"},"modified":"2025-11-13T15:39:38","modified_gmt":"2025-11-13T15:39:38","slug":"jeko-04","status":"publish","type":"product","link":"https:\/\/oboemuebles.com\/en\/producto\/jeko-04\/","title":{"rendered":"JEKO 04"},"content":{"rendered":"","protected":false},"excerpt":{"rendered":"<p>El sof\u00e1 de estilo colonial de inspiraci\u00f3n ex\u00f3tica Jeko 04 tiene una estructura realizada en EcoTeak, material proveniente de la reutilizaci\u00f3n de vigas y elementos de teca recuperados, reparados con madera reciclada, ensamblados y lijados para dejar a la vista las vetas originales. Se caracteriza por un asiento amplio y bajo, con coj\u00edn desenfundable al que se pueden agregar cojines sueltos para aumentar el confort. <\/p>\n","protected":false},"featured_media":17294,"comment_status":"closed","ping_status":"closed","template":"","meta":{"_acf_changed":false},"product_brand":[],"product_cat":[890,920,872,901,876],"product_tag":[],"class_list":{"0":"post-22193","1":"product","2":"type-product","3":"status-publish","4":"has-post-thumbnail","6":"product_cat-modern-furniture","7":"product_cat-design-outdoor-malaga-marbella-2","8":"product_cat-rooms-en","9":"product_cat-sofas-in-malaga-marbella","10":"product_cat-design-terrace-malaga-marbella","12":"first","13":"instock","14":"product-type-simple"},"acf":[],"_links":{"self":[{"href":"https:\/\/oboemuebles.com\/en\/wp-json\/wp\/v2\/product\/22193","targetHints":{"allow":["GET"]}}],"collection":[{"href":"https:\/\/oboemuebles.com\/en\/wp-json\/wp\/v2\/product"}],"about":[{"href":"https:\/\/oboemuebles.com\/en\/wp-json\/wp\/v2\/types\/product"}],"replies":[{"embeddable":true,"href":"https:\/\/oboemuebles.com\/en\/wp-json\/wp\/v2\/comments?post=22193"}],"wp:featuredmedia":[{"embeddable":true,"href":"https:\/\/oboemuebles.com\/en\/wp-json\/wp\/v2\/media\/17294"}],"wp:attachment":[{"href":"https:\/\/oboemuebles.com\/en\/wp-json\/wp\/v2\/media?parent=22193"}],"wp:term":[{"taxonomy":"product_brand","embeddable":true,"href":"https:\/\/oboemuebles.com\/en\/wp-json\/wp\/v2\/product_brand?post=22193"},{"taxonomy":"product_cat","embeddable":true,"href":"https:\/\/oboemuebles.com\/en\/wp-json\/wp\/v2\/product_cat?post=22193"},{"taxonomy":"product_tag","embeddable":true,"href":"https:\/\/oboemuebles.com\/en\/wp-json\/wp\/v2\/product_tag?post=22193"}],"curies":[{"name":"wp","href":"https:\/\/api.w.org\/{rel}","templated":true}]}}