{"id":22486,"date":"2025-11-13T14:04:57","date_gmt":"2025-11-13T14:04:57","guid":{"rendered":"https:\/\/oboemuebles.com\/producto\/city-casual\/"},"modified":"2025-11-13T14:04:57","modified_gmt":"2025-11-13T14:04:57","slug":"city-casual","status":"publish","type":"product","link":"https:\/\/oboemuebles.com\/en\/producto\/city-casual\/","title":{"rendered":"CITY CASUAL"},"content":{"rendered":"","protected":false},"excerpt":{"rendered":"<p>El sof\u00e1 City Casual cuenta con unas almohadas de asiento con una densidad media, pero a diferencia de la colecci\u00f3n Soft, las almohadas de respaldo no est\u00e1n predeterminadas. La idea es deconstruir el concepto respaldo y aligerarlo con composiciones m\u00e1s libres. Los respaldos de la colecci\u00f3n Casual son totalmente customizables, es decir, podemos elegir las almohadas y cojines que nos apetezca.  <\/p>\n<p>La estructura es de madera maciza revestida de espuma y fibra con velour. The seat and back frames are prepared with NEA webbing. The seat cushion is made with differentiated-density HR Ultracel foam. The back cushions are filled with siliconized polyester microfiber. The covers are 100% cotton. The metal legs are made of satin-finished stainless steel tubing. The wooden legs are made of wenge-stained beech. All versions can be upholstered in fabric, leather, or faux leather. The fabric covers are fully removable, while only the cushions are removable in leather or faux leather.      <\/p>\n","protected":false},"featured_media":13171,"comment_status":"closed","ping_status":"closed","template":"","meta":{"_acf_changed":false},"product_brand":[],"product_cat":[890,878,872,901],"product_tag":[963,961],"class_list":{"0":"post-22486","1":"product","2":"type-product","3":"status-publish","4":"has-post-thumbnail","6":"product_cat-modern-furniture","7":"product_cat-sign-livingroom-malaga-marbella","8":"product_cat-rooms-en","9":"product_cat-sofas-in-malaga-marbella","10":"product_tag-miguel-angel-garcia","11":"product_tag-rafa-garcia","12":"pa_diseno-miguel-angel-garcia","13":"pa_diseno-rafa-garcia","15":"first","16":"instock","17":"product-type-simple"},"acf":[],"_links":{"self":[{"href":"https:\/\/oboemuebles.com\/en\/wp-json\/wp\/v2\/product\/22486","targetHints":{"allow":["GET"]}}],"collection":[{"href":"https:\/\/oboemuebles.com\/en\/wp-json\/wp\/v2\/product"}],"about":[{"href":"https:\/\/oboemuebles.com\/en\/wp-json\/wp\/v2\/types\/product"}],"replies":[{"embeddable":true,"href":"https:\/\/oboemuebles.com\/en\/wp-json\/wp\/v2\/comments?post=22486"}],"wp:featuredmedia":[{"embeddable":true,"href":"https:\/\/oboemuebles.com\/en\/wp-json\/wp\/v2\/media\/13171"}],"wp:attachment":[{"href":"https:\/\/oboemuebles.com\/en\/wp-json\/wp\/v2\/media?parent=22486"}],"wp:term":[{"taxonomy":"product_brand","embeddable":true,"href":"https:\/\/oboemuebles.com\/en\/wp-json\/wp\/v2\/product_brand?post=22486"},{"taxonomy":"product_cat","embeddable":true,"href":"https:\/\/oboemuebles.com\/en\/wp-json\/wp\/v2\/product_cat?post=22486"},{"taxonomy":"product_tag","embeddable":true,"href":"https:\/\/oboemuebles.com\/en\/wp-json\/wp\/v2\/product_tag?post=22486"}],"curies":[{"name":"wp","href":"https:\/\/api.w.org\/{rel}","templated":true}]}}