{"id":22577,"date":"2025-11-13T14:37:26","date_gmt":"2025-11-13T14:37:26","guid":{"rendered":"https:\/\/oboemuebles.com\/producto\/inout-2\/"},"modified":"2025-11-13T14:37:26","modified_gmt":"2025-11-13T14:37:26","slug":"inout-2","status":"publish","type":"product","link":"https:\/\/oboemuebles.com\/en\/producto\/inout-2\/","title":{"rendered":"IN&amp;OUT"},"content":{"rendered":"","protected":false},"excerpt":{"rendered":"<p>Ocho sillones con forma de cu\u00f1a caben debajo de la mesa BIG LOW: la colecci\u00f3n ideal para aquellos que desean aprovechar al m\u00e1ximo su espacio. La estructura de los sillones est\u00e1 hecha de madera maciza de okoum\u00e8 y el acolchado de una celda explot\u00f3 con goma de drenaje, lo que hace que el agua fluya a trav\u00e9s del asiento. Las telas est\u00e1n hechas de fibra sint\u00e9tica, que es impermeable y f\u00e1cil de limpiar.<br \/>\nLa mesa redonda BIG LOW es el coraz\u00f3n de la colecci\u00f3n: mide solo 63 cm de alto, a pesar de los 75 cm est\u00e1ndar. De esta manera, la mesa combina perfectamente con sof\u00e1s y sillones, como los IN &amp; OUT, lo que permite al usuario una experiencia gastron\u00f3mica m\u00e1s relajada.   <\/p>\n","protected":false},"featured_media":14646,"comment_status":"closed","ping_status":"closed","template":"","meta":{"_acf_changed":false},"product_brand":[],"product_cat":[894,890,920,872,901],"product_tag":[988],"class_list":{"0":"post-22577","1":"product","2":"type-product","3":"status-publish","4":"has-post-thumbnail","6":"product_cat-armchairs-malaga-marbella","7":"product_cat-modern-furniture","8":"product_cat-design-outdoor-malaga-marbella-2","9":"product_cat-rooms-en","10":"product_cat-sofas-in-malaga-marbella","11":"product_tag-ernesto-lechthaler","12":"pa_diseno-ernesto-lechthaler","14":"first","15":"instock","16":"product-type-simple"},"acf":[],"_links":{"self":[{"href":"https:\/\/oboemuebles.com\/en\/wp-json\/wp\/v2\/product\/22577","targetHints":{"allow":["GET"]}}],"collection":[{"href":"https:\/\/oboemuebles.com\/en\/wp-json\/wp\/v2\/product"}],"about":[{"href":"https:\/\/oboemuebles.com\/en\/wp-json\/wp\/v2\/types\/product"}],"replies":[{"embeddable":true,"href":"https:\/\/oboemuebles.com\/en\/wp-json\/wp\/v2\/comments?post=22577"}],"wp:featuredmedia":[{"embeddable":true,"href":"https:\/\/oboemuebles.com\/en\/wp-json\/wp\/v2\/media\/14646"}],"wp:attachment":[{"href":"https:\/\/oboemuebles.com\/en\/wp-json\/wp\/v2\/media?parent=22577"}],"wp:term":[{"taxonomy":"product_brand","embeddable":true,"href":"https:\/\/oboemuebles.com\/en\/wp-json\/wp\/v2\/product_brand?post=22577"},{"taxonomy":"product_cat","embeddable":true,"href":"https:\/\/oboemuebles.com\/en\/wp-json\/wp\/v2\/product_cat?post=22577"},{"taxonomy":"product_tag","embeddable":true,"href":"https:\/\/oboemuebles.com\/en\/wp-json\/wp\/v2\/product_tag?post=22577"}],"curies":[{"name":"wp","href":"https:\/\/api.w.org\/{rel}","templated":true}]}}