{"id":22797,"date":"2025-11-13T14:02:19","date_gmt":"2025-11-13T14:02:19","guid":{"rendered":"https:\/\/oboemuebles.com\/producto\/alpino\/"},"modified":"2025-11-13T14:02:19","modified_gmt":"2025-11-13T14:02:19","slug":"alpino","status":"publish","type":"product","link":"https:\/\/oboemuebles.com\/en\/producto\/alpino\/","title":{"rendered":"ALPINO"},"content":{"rendered":"","protected":false},"excerpt":{"rendered":"<p>Alpine. A modular sofa specially designed for home use. With this model, the designer translates the feeling of well-being experienced outdoors, those feelings of freedom and calm that envelop you, and creates a comforting refuge for the intimacy of home. The soft peaks of the cushions and the base of the backrests overlap to simulate the mountainous profile of the Alpine ranges.   <\/p>\n<p>The height of the backrest is one of its standout features, naturally cradling the head of those who bask in its plush pillows. Its comfort is such that it&#8217;s the perfect companion for staying focused during a binge-watching session. And those who aren&#8217;t TV addicts can doze off after a long walk in the countryside or sprawl out to relax and read the newspaper.  <\/p>\n<p>A design with a serene and simple appearance, not lacking in constructive complexity due to the peculiar shape of the arms and the thinness and softness of the backrests.<\/p>\n<p>De nuevo, Rafa ofrece m\u00faltiples soluciones para personalizar las composiciones en respuesta a las necesidades que marcan los diferentes espacios. Un brazo solapa que imita una manta dejada caer sobre s\u00ed mismo y un brazo recto. Cuatro tipos de puf con diferentes funciones: integrado dentro de la composici\u00f3n como un asiento sin respaldo, como \u00e1ngulo para crear rincones, como terminal o, simplemente, como puf independiente. La modulaci\u00f3n se completa con una chaise y un \u00e1ngulo recto.   <\/p>\n","protected":false},"featured_media":13128,"comment_status":"closed","ping_status":"closed","template":"","meta":{"_acf_changed":false},"product_brand":[],"product_cat":[890,878,872,901],"product_tag":[961],"class_list":{"0":"post-22797","1":"product","2":"type-product","3":"status-publish","4":"has-post-thumbnail","6":"product_cat-modern-furniture","7":"product_cat-sign-livingroom-malaga-marbella","8":"product_cat-rooms-en","9":"product_cat-sofas-in-malaga-marbella","10":"product_tag-rafa-garcia","11":"pa_diseno-rafa-garcia","13":"first","14":"instock","15":"product-type-simple"},"acf":[],"_links":{"self":[{"href":"https:\/\/oboemuebles.com\/en\/wp-json\/wp\/v2\/product\/22797","targetHints":{"allow":["GET"]}}],"collection":[{"href":"https:\/\/oboemuebles.com\/en\/wp-json\/wp\/v2\/product"}],"about":[{"href":"https:\/\/oboemuebles.com\/en\/wp-json\/wp\/v2\/types\/product"}],"replies":[{"embeddable":true,"href":"https:\/\/oboemuebles.com\/en\/wp-json\/wp\/v2\/comments?post=22797"}],"wp:featuredmedia":[{"embeddable":true,"href":"https:\/\/oboemuebles.com\/en\/wp-json\/wp\/v2\/media\/13128"}],"wp:attachment":[{"href":"https:\/\/oboemuebles.com\/en\/wp-json\/wp\/v2\/media?parent=22797"}],"wp:term":[{"taxonomy":"product_brand","embeddable":true,"href":"https:\/\/oboemuebles.com\/en\/wp-json\/wp\/v2\/product_brand?post=22797"},{"taxonomy":"product_cat","embeddable":true,"href":"https:\/\/oboemuebles.com\/en\/wp-json\/wp\/v2\/product_cat?post=22797"},{"taxonomy":"product_tag","embeddable":true,"href":"https:\/\/oboemuebles.com\/en\/wp-json\/wp\/v2\/product_tag?post=22797"}],"curies":[{"name":"wp","href":"https:\/\/api.w.org\/{rel}","templated":true}]}}