{"id":22965,"date":"2025-11-13T13:00:33","date_gmt":"2025-11-13T13:00:33","guid":{"rendered":"https:\/\/oboemuebles.com\/producto\/park-2\/"},"modified":"2026-03-27T08:02:42","modified_gmt":"2026-03-27T08:02:42","slug":"park-2","status":"publish","type":"product","link":"https:\/\/oboemuebles.com\/en\/producto\/park-2\/","title":{"rendered":"PARK"},"content":{"rendered":"","protected":false},"excerpt":{"rendered":"<p>Park Life, designed by Jasper Morrison for Kettal, is a sofa with a high-quality aluminum frame, upholstered cover with cushions, and a shell available in various finishes. The paint used for the furniture in this collection is the same as that used on cars. It is also available in two sizes: 2 or 3 seats.<\/p>\n<p>Park Life es una gama completa de mobiliario de exterior, cuyo perfil de l\u00edneas claras se adapta a infinidad de situaciones. Son muebles ligeros y, al mismo tiempo, extremadamente resistentes. Adem\u00e1s, se pueden apilar con facilidad para transportarlos o almacenarlos durante el invierno. Su sofisticaci\u00f3n t\u00e9cnica, su dise\u00f1o ergon\u00f3mico y la gran atenci\u00f3n que se ha prestado al aspecto est\u00e9tico les garantizan una larga vida \u00fatil, tanto estructural como visualmente.   <\/p>\n","protected":false},"featured_media":10079,"comment_status":"closed","ping_status":"closed","template":"","meta":{"_acf_changed":false},"product_brand":[],"product_cat":[890,920,872,901],"product_tag":[946],"class_list":{"0":"post-22965","1":"product","2":"type-product","3":"status-publish","4":"has-post-thumbnail","6":"product_cat-modern-furniture","7":"product_cat-design-outdoor-malaga-marbella-2","8":"product_cat-rooms-en","9":"product_cat-sofas-in-malaga-marbella","10":"product_tag-jasper-morrison","11":"pa_diseno-jasper-morrison","13":"first","14":"instock","15":"product-type-simple"},"acf":[],"_links":{"self":[{"href":"https:\/\/oboemuebles.com\/en\/wp-json\/wp\/v2\/product\/22965","targetHints":{"allow":["GET"]}}],"collection":[{"href":"https:\/\/oboemuebles.com\/en\/wp-json\/wp\/v2\/product"}],"about":[{"href":"https:\/\/oboemuebles.com\/en\/wp-json\/wp\/v2\/types\/product"}],"replies":[{"embeddable":true,"href":"https:\/\/oboemuebles.com\/en\/wp-json\/wp\/v2\/comments?post=22965"}],"wp:featuredmedia":[{"embeddable":true,"href":"https:\/\/oboemuebles.com\/en\/wp-json\/wp\/v2\/media\/10079"}],"wp:attachment":[{"href":"https:\/\/oboemuebles.com\/en\/wp-json\/wp\/v2\/media?parent=22965"}],"wp:term":[{"taxonomy":"product_brand","embeddable":true,"href":"https:\/\/oboemuebles.com\/en\/wp-json\/wp\/v2\/product_brand?post=22965"},{"taxonomy":"product_cat","embeddable":true,"href":"https:\/\/oboemuebles.com\/en\/wp-json\/wp\/v2\/product_cat?post=22965"},{"taxonomy":"product_tag","embeddable":true,"href":"https:\/\/oboemuebles.com\/en\/wp-json\/wp\/v2\/product_tag?post=22965"}],"curies":[{"name":"wp","href":"https:\/\/api.w.org\/{rel}","templated":true}]}}