{"id":23119,"date":"2025-11-13T12:07:23","date_gmt":"2025-11-13T12:07:23","guid":{"rendered":"https:\/\/oboemuebles.com\/producto\/newbridge\/"},"modified":"2025-11-13T12:07:23","modified_gmt":"2025-11-13T12:07:23","slug":"newbridge","status":"publish","type":"product","link":"https:\/\/oboemuebles.com\/en\/producto\/newbridge\/","title":{"rendered":"NEWBRIDGE"},"content":{"rendered":"","protected":false},"excerpt":{"rendered":"<p>The Newbridge sofa features balanced proportions combined with soft shapes and generous padding, making it exceptionally inviting. The base, seats, backrests, and armrests are all the same thickness and feature extra-soft padding in an innovative, high-performance elastic material: non-deformable, flexible, and exceptionally soft. These characteristics guarantee excellent performance in terms of comfort, durability, and breathability.  <\/p>\n<p>Los cojines del asiento tambi\u00e9n est\u00e1n disponibles en plum\u00f3n de ganso. El envolvente efecto &#8220;cocoon&#8221; se intensifica gracias al detalle del reposabrazos reclinable, que puede asumir diferentes inclinaciones para permitirle obtener la posici\u00f3n deseada. La parte exterior del reposabrazos se distingue por un elegante perfil, mientras que una refinada barra de metal personaliza el reposabrazos cerca del pliegue de la tapicer\u00eda, que puede ser de tela o de cuero. El sof\u00e1 se mantiene levantado del suelo por medio de unos refinados pies de metal fundido a presi\u00f3n hechos a medida. Newbridge es una gama de asientos con una gran modularidad y los numerosos elementos que componen el sistema \u2013disponibles en dos profundidades: de 93 cm y 108 cm\u2013 permiten la creaci\u00f3n tanto de configuraciones m\u00e1s peque\u00f1as adecuadas para espacios urbanos como de composiciones m\u00e1s grandes y articuladas.    <\/p>\n<p>&nbsp;<\/p>\n","protected":false},"featured_media":6752,"comment_status":"closed","ping_status":"closed","template":"","meta":{"_acf_changed":false},"product_brand":[],"product_cat":[890,878,872,901],"product_tag":[1031],"class_list":{"0":"post-23119","1":"product","2":"type-product","3":"status-publish","4":"has-post-thumbnail","6":"product_cat-modern-furniture","7":"product_cat-sign-livingroom-malaga-marbella","8":"product_cat-rooms-en","9":"product_cat-sofas-in-malaga-marbella","10":"product_tag-carlo-colombo","11":"pa_diseno-carlo-colombo","13":"first","14":"instock","15":"product-type-simple"},"acf":[],"_links":{"self":[{"href":"https:\/\/oboemuebles.com\/en\/wp-json\/wp\/v2\/product\/23119","targetHints":{"allow":["GET"]}}],"collection":[{"href":"https:\/\/oboemuebles.com\/en\/wp-json\/wp\/v2\/product"}],"about":[{"href":"https:\/\/oboemuebles.com\/en\/wp-json\/wp\/v2\/types\/product"}],"replies":[{"embeddable":true,"href":"https:\/\/oboemuebles.com\/en\/wp-json\/wp\/v2\/comments?post=23119"}],"wp:featuredmedia":[{"embeddable":true,"href":"https:\/\/oboemuebles.com\/en\/wp-json\/wp\/v2\/media\/6752"}],"wp:attachment":[{"href":"https:\/\/oboemuebles.com\/en\/wp-json\/wp\/v2\/media?parent=23119"}],"wp:term":[{"taxonomy":"product_brand","embeddable":true,"href":"https:\/\/oboemuebles.com\/en\/wp-json\/wp\/v2\/product_brand?post=23119"},{"taxonomy":"product_cat","embeddable":true,"href":"https:\/\/oboemuebles.com\/en\/wp-json\/wp\/v2\/product_cat?post=23119"},{"taxonomy":"product_tag","embeddable":true,"href":"https:\/\/oboemuebles.com\/en\/wp-json\/wp\/v2\/product_tag?post=23119"}],"curies":[{"name":"wp","href":"https:\/\/api.w.org\/{rel}","templated":true}]}}