{"id":23367,"date":"2025-11-13T11:46:51","date_gmt":"2025-11-13T11:46:51","guid":{"rendered":"https:\/\/oboemuebles.com\/producto\/ahnda\/"},"modified":"2025-11-13T11:46:51","modified_gmt":"2025-11-13T11:46:51","slug":"ahnda","status":"publish","type":"product","link":"https:\/\/oboemuebles.com\/en\/producto\/ahnda\/","title":{"rendered":"AHNDA"},"content":{"rendered":"<p>Con AHNDA, Stephen Burks ha creado un nuevo hito de DEDON: se trata de un lounger de exterior con estilo propio de c\u00f3modo dise\u00f1o ergon\u00f3mico y la m\u00e1s lujosa atenci\u00f3n al detalle que cabe esperar de las piezas de interior m\u00e1s sofisticadas.<\/p>\n","protected":false},"excerpt":{"rendered":"<p>With AHNDA, Stephen Burks has created a new milestone for DEDON: an outdoor lounger with its own unique style, comfortable ergonomic design, and the most luxurious attention to detail you would expect from the most sophisticated indoor pieces. <\/p>\n","protected":false},"featured_media":5317,"comment_status":"closed","ping_status":"closed","template":"","meta":{"_acf_changed":false},"product_brand":[],"product_cat":[890,920,872,901,876],"product_tag":[1061],"class_list":{"0":"post-23367","1":"product","2":"type-product","3":"status-publish","4":"has-post-thumbnail","6":"product_cat-modern-furniture","7":"product_cat-design-outdoor-malaga-marbella-2","8":"product_cat-rooms-en","9":"product_cat-sofas-in-malaga-marbella","10":"product_cat-design-terrace-malaga-marbella","11":"product_tag-stephen-burks","12":"pa_diseno-stephen-burks","14":"first","15":"instock","16":"product-type-simple"},"acf":[],"_links":{"self":[{"href":"https:\/\/oboemuebles.com\/en\/wp-json\/wp\/v2\/product\/23367","targetHints":{"allow":["GET"]}}],"collection":[{"href":"https:\/\/oboemuebles.com\/en\/wp-json\/wp\/v2\/product"}],"about":[{"href":"https:\/\/oboemuebles.com\/en\/wp-json\/wp\/v2\/types\/product"}],"replies":[{"embeddable":true,"href":"https:\/\/oboemuebles.com\/en\/wp-json\/wp\/v2\/comments?post=23367"}],"wp:featuredmedia":[{"embeddable":true,"href":"https:\/\/oboemuebles.com\/en\/wp-json\/wp\/v2\/media\/5317"}],"wp:attachment":[{"href":"https:\/\/oboemuebles.com\/en\/wp-json\/wp\/v2\/media?parent=23367"}],"wp:term":[{"taxonomy":"product_brand","embeddable":true,"href":"https:\/\/oboemuebles.com\/en\/wp-json\/wp\/v2\/product_brand?post=23367"},{"taxonomy":"product_cat","embeddable":true,"href":"https:\/\/oboemuebles.com\/en\/wp-json\/wp\/v2\/product_cat?post=23367"},{"taxonomy":"product_tag","embeddable":true,"href":"https:\/\/oboemuebles.com\/en\/wp-json\/wp\/v2\/product_tag?post=23367"}],"curies":[{"name":"wp","href":"https:\/\/api.w.org\/{rel}","templated":true}]}}