{"id":23546,"date":"2026-04-09T11:05:03","date_gmt":"2026-04-09T11:05:03","guid":{"rendered":"https:\/\/oboemuebles.com\/?post_type=product&#038;p=23546"},"modified":"2026-04-09T11:10:28","modified_gmt":"2026-04-09T11:10:28","slug":"violin-copia","status":"publish","type":"product","link":"https:\/\/oboemuebles.com\/en\/producto\/violin-copia\/","title":{"rendered":"TS"},"content":{"rendered":"<p>Featuring a matte, blown-glass shade, like those used in Curry&#8217;s original lamps, and an integrated dimmable LED light source, this rechargeable lamp can be easily moved from one location to another, both indoors and outdoors. A full charge takes four and a half hours, providing up to 40 hours of light at 10% brightness, 12 hours at 40%, and 5 hours at 100%. The Obello lamp will create a cozy atmosphere as dusk falls and will stay lit throughout the night. An iconic, space-age design, the Obello lamp is sure to turn heads, whether used as a playful centerpiece or a curious object in any outdoor space.   <\/p>\n","protected":false},"excerpt":{"rendered":"<p>Influenciada por el dise\u00f1o art d\u00e9co de la arquitectura de 1932 de &#8216;The Standard&#8217; Copenhague, la mesa de centro TS est\u00e1 h\u00e1bilmente elaborada a partir de un tablero de piedra maciza, que contrasta con una elegante base cruzada de metal. Varias alturas y tama\u00f1os se complementan entre s\u00ed para crear una declaraci\u00f3n \u00fanica y escalonada, mientras que una sola mesa proporciona un efecto igualmente elegante cuando se coloca sola. La mesa de caf\u00e9 TS se coloca perfectamente frente a un sof\u00e1 o sill\u00f3n, pero tambi\u00e9n funciona igual de bien como una mesa de exhibici\u00f3n lateral o como mesita de noche. Parte de la colecci\u00f3n m\u00e1s amplia de GamFratesi TS.   <\/p>\n","protected":false},"featured_media":23554,"comment_status":"closed","ping_status":"closed","template":"","meta":{"_acf_changed":false},"product_brand":[],"product_cat":[890,878,872,899],"product_tag":[1080],"class_list":{"0":"post-23546","1":"product","2":"type-product","3":"status-publish","4":"has-post-thumbnail","6":"product_cat-modern-furniture","7":"product_cat-sign-livingroom-malaga-marbella","8":"product_cat-rooms-en","9":"product_cat-side-and-coffee-tables-malaga-marbella","10":"product_tag-gamfratesi","12":"first","13":"instock","14":"product-type-simple"},"acf":[],"_links":{"self":[{"href":"https:\/\/oboemuebles.com\/en\/wp-json\/wp\/v2\/product\/23546","targetHints":{"allow":["GET"]}}],"collection":[{"href":"https:\/\/oboemuebles.com\/en\/wp-json\/wp\/v2\/product"}],"about":[{"href":"https:\/\/oboemuebles.com\/en\/wp-json\/wp\/v2\/types\/product"}],"replies":[{"embeddable":true,"href":"https:\/\/oboemuebles.com\/en\/wp-json\/wp\/v2\/comments?post=23546"}],"wp:featuredmedia":[{"embeddable":true,"href":"https:\/\/oboemuebles.com\/en\/wp-json\/wp\/v2\/media\/23554"}],"wp:attachment":[{"href":"https:\/\/oboemuebles.com\/en\/wp-json\/wp\/v2\/media?parent=23546"}],"wp:term":[{"taxonomy":"product_brand","embeddable":true,"href":"https:\/\/oboemuebles.com\/en\/wp-json\/wp\/v2\/product_brand?post=23546"},{"taxonomy":"product_cat","embeddable":true,"href":"https:\/\/oboemuebles.com\/en\/wp-json\/wp\/v2\/product_cat?post=23546"},{"taxonomy":"product_tag","embeddable":true,"href":"https:\/\/oboemuebles.com\/en\/wp-json\/wp\/v2\/product_tag?post=23546"}],"curies":[{"name":"wp","href":"https:\/\/api.w.org\/{rel}","templated":true}]}}