{"id":23947,"date":"2025-11-13T12:49:33","date_gmt":"2025-11-13T12:49:33","guid":{"rendered":"https:\/\/oboemuebles.com\/producto\/ghia\/"},"modified":"2025-11-13T12:49:33","modified_gmt":"2025-11-13T12:49:33","slug":"ghia","status":"publish","type":"product","link":"https:\/\/oboemuebles.com\/en\/producto\/ghia\/","title":{"rendered":"GHIA"},"content":{"rendered":"","protected":false},"excerpt":{"rendered":"<p><span data-sheets-value=\"{\"1\":2,\"2\":\"Ghia Wood es un dise\u00f1o creado para ser vers\u00e1til. Colocado contra una pared o en mitad de la habitaci\u00f3n como una tumbona espaciosa, un c\u00f3modo asiento para dos o una cama individual. Cuenta con un c\u00f3modo colch\u00f3n de muelles ensacados que garantiza que se aplique presi\u00f3n a cada resorte individual, creando as\u00ed una agradable sensaci\u00f3n de confort tanto para sentarse como para dormir. Para una persona, es una amplia cama de 80 x 210 cm no deja excusas para descansar. \"}\" data-sheets-userformat=\"{\"2\":769,\"3\":{\"1\":0},\"11\":4,\"12\":0}\">Ghia Wood is a design created for versatility. Placed against a wall or in the middle of the room, it can serve as a spacious sun lounger, a comfortable seat for two, or a single bed. It features a comfortable pocket-spring mattress that ensures pressure is applied to each individual spring, creating a pleasant feeling of comfort whether sitting or sleeping. For one person, it&#8217;s a generous 80 x 210 cm bed, leaving no excuse not to rest.    <\/span><\/p>\n<p>Three different positions for each arm. Dimensions: 178\/210 x 93 x 83 <\/p>\n","protected":false},"featured_media":9439,"comment_status":"closed","ping_status":"closed","template":"","meta":{"_acf_changed":false},"product_brand":[],"product_cat":[889,890,878,872,902],"product_tag":[1088],"class_list":{"0":"post-23947","1":"product","2":"type-product","3":"status-publish","4":"has-post-thumbnail","6":"product_cat-design-bedroom-malaga-marbella","7":"product_cat-modern-furniture","8":"product_cat-sign-livingroom-malaga-marbella","9":"product_cat-rooms-en","10":"product_cat-sofa-beds-malaga-marbella","11":"product_tag-per-weiss","12":"pa_diseno-per-weiss","14":"first","15":"instock","16":"product-type-simple"},"acf":[],"_links":{"self":[{"href":"https:\/\/oboemuebles.com\/en\/wp-json\/wp\/v2\/product\/23947","targetHints":{"allow":["GET"]}}],"collection":[{"href":"https:\/\/oboemuebles.com\/en\/wp-json\/wp\/v2\/product"}],"about":[{"href":"https:\/\/oboemuebles.com\/en\/wp-json\/wp\/v2\/types\/product"}],"replies":[{"embeddable":true,"href":"https:\/\/oboemuebles.com\/en\/wp-json\/wp\/v2\/comments?post=23947"}],"wp:featuredmedia":[{"embeddable":true,"href":"https:\/\/oboemuebles.com\/en\/wp-json\/wp\/v2\/media\/9439"}],"wp:attachment":[{"href":"https:\/\/oboemuebles.com\/en\/wp-json\/wp\/v2\/media?parent=23947"}],"wp:term":[{"taxonomy":"product_brand","embeddable":true,"href":"https:\/\/oboemuebles.com\/en\/wp-json\/wp\/v2\/product_brand?post=23947"},{"taxonomy":"product_cat","embeddable":true,"href":"https:\/\/oboemuebles.com\/en\/wp-json\/wp\/v2\/product_cat?post=23947"},{"taxonomy":"product_tag","embeddable":true,"href":"https:\/\/oboemuebles.com\/en\/wp-json\/wp\/v2\/product_tag?post=23947"}],"curies":[{"name":"wp","href":"https:\/\/api.w.org\/{rel}","templated":true}]}}