{"id":24069,"date":"2025-11-13T16:51:11","date_gmt":"2025-11-13T16:51:11","guid":{"rendered":"https:\/\/oboemuebles.com\/producto\/sleep\/"},"modified":"2025-11-13T16:51:11","modified_gmt":"2025-11-13T16:51:11","slug":"sleep","status":"publish","type":"product","link":"https:\/\/oboemuebles.com\/en\/producto\/sleep\/","title":{"rendered":"SLEEP"},"content":{"rendered":"","protected":false},"excerpt":{"rendered":"<div class=\"flex flex-grow flex-col max-w-full\">\n<div class=\"min-h-[20px] text-message flex flex-col items-start whitespace-pre-wrap break-words [.text-message+&amp;]:mt-5 juice:w-full juice:items-end overflow-x-auto gap-2\" dir=\"auto\" data-message-author-role=\"assistant\" data-message-id=\"88adb73f-b4d6-4ede-8a8a-11f4801f763e\">\n<div class=\"flex w-full flex-col gap-1 juice:empty:hidden juice:first:pt-[3px]\">\n<div class=\"markdown prose w-full break-words dark:prose-invert dark\">\n<div class=\"flex flex-grow flex-col max-w-full\">\n<div class=\"min-h-[20px] text-message flex flex-col items-start whitespace-pre-wrap break-words [.text-message+&amp;]:mt-5 juice:w-full juice:items-end overflow-x-auto gap-2\" dir=\"auto\" data-message-author-role=\"assistant\" data-message-id=\"260091f3-dca4-450d-b8e8-f3b98790c157\">\n<div class=\"flex w-full flex-col gap-1 juice:empty:hidden juice:first:pt-[3px]\">\n<div class=\"markdown prose w-full break-words dark:prose-invert dark\">\n<div id=\"product-description-short\">\n<div class=\"flex flex-grow flex-col max-w-full\">\n<div class=\"min-h-[20px] text-message flex flex-col items-start whitespace-pre-wrap break-words [.text-message+&amp;]:mt-5 juice:w-full juice:items-end overflow-x-auto gap-2\" dir=\"auto\" data-message-author-role=\"assistant\" data-message-id=\"a56523bd-2db8-48a4-aeed-62659b9907a2\">\n<div class=\"flex w-full flex-col gap-1 juice:empty:hidden juice:first:pt-[3px]\">\n<div class=\"markdown prose w-full break-words dark:prose-invert dark\">\n<p>SLEEP es un modelo de sof\u00e1 cama muy popular que sirve tanto como sof\u00e1 como cama individual\/doble. Ofreciendo comodidad, multifuncionalidad y un respaldo ajustable para garantizar un ajuste perfecto, los dise\u00f1adores lograron que la forma siguiera a la funci\u00f3n, creando un brillante y sencillo sof\u00e1 cama que trasciende el tiempo, la funcionalidad y la est\u00e9tica. Dise\u00f1ado en 1999 por Busk+Hertzog, ya se ha convertido en un cl\u00e1sico moderno del dise\u00f1o.  <\/p>\n<p>Measurements: 204x90x73 cm. Bed 88\/176&#215;200 cm <\/p>\n<\/div>\n<\/div>\n<\/div>\n<\/div>\n<\/div>\n<\/div>\n<\/div>\n<\/div>\n<\/div>\n<\/div>\n<h3><\/h3>\n<\/div>\n<\/div>\n<\/div>\n","protected":false},"featured_media":20087,"comment_status":"closed","ping_status":"closed","template":"","meta":{"_acf_changed":false},"product_brand":[],"product_cat":[889,890,878,906,872,902,908],"product_tag":[1095],"class_list":{"0":"post-24069","1":"product","2":"type-product","3":"status-publish","4":"has-post-thumbnail","6":"product_cat-design-bedroom-malaga-marbella","7":"product_cat-modern-furniture","8":"product_cat-sign-livingroom-malaga-marbella","9":"product_cat-tv-stand-malaga-marbella-2","10":"product_cat-rooms-en","11":"product_cat-sofa-beds-malaga-marbella","12":"product_cat-stock-en","13":"product_tag-buskhertzog","15":"first","16":"instock","17":"product-type-simple"},"acf":[],"_links":{"self":[{"href":"https:\/\/oboemuebles.com\/en\/wp-json\/wp\/v2\/product\/24069","targetHints":{"allow":["GET"]}}],"collection":[{"href":"https:\/\/oboemuebles.com\/en\/wp-json\/wp\/v2\/product"}],"about":[{"href":"https:\/\/oboemuebles.com\/en\/wp-json\/wp\/v2\/types\/product"}],"replies":[{"embeddable":true,"href":"https:\/\/oboemuebles.com\/en\/wp-json\/wp\/v2\/comments?post=24069"}],"wp:featuredmedia":[{"embeddable":true,"href":"https:\/\/oboemuebles.com\/en\/wp-json\/wp\/v2\/media\/20087"}],"wp:attachment":[{"href":"https:\/\/oboemuebles.com\/en\/wp-json\/wp\/v2\/media?parent=24069"}],"wp:term":[{"taxonomy":"product_brand","embeddable":true,"href":"https:\/\/oboemuebles.com\/en\/wp-json\/wp\/v2\/product_brand?post=24069"},{"taxonomy":"product_cat","embeddable":true,"href":"https:\/\/oboemuebles.com\/en\/wp-json\/wp\/v2\/product_cat?post=24069"},{"taxonomy":"product_tag","embeddable":true,"href":"https:\/\/oboemuebles.com\/en\/wp-json\/wp\/v2\/product_tag?post=24069"}],"curies":[{"name":"wp","href":"https:\/\/api.w.org\/{rel}","templated":true}]}}