{"id":24537,"date":"2025-11-13T16:17:35","date_gmt":"2025-11-13T16:17:35","guid":{"rendered":"https:\/\/oboemuebles.com\/producto\/paula\/"},"modified":"2025-11-13T16:17:35","modified_gmt":"2025-11-13T16:17:35","slug":"paula","status":"publish","type":"product","link":"https:\/\/oboemuebles.com\/en\/producto\/paula\/","title":{"rendered":"PAULA"},"content":{"rendered":"","protected":false},"excerpt":{"rendered":"<p class=\"generic-text padding-line-element\">With a modernist design inspired by Mies Van Der Rohe&#8217;s &#8220;Barcelona&#8221; chair that creates a sense of movement and lightness, the latest armchair from creative director Vincent Van Duysen enters the canon of iconic contemporary seating.<\/p>\n<section id=\"block-3\" class=\"content-block dimension-medium \">\n<div class=\"wrapper-content\">\n<div class=\"block-text block-text__align-left row animation-y\">\n<div class=\"col-12\">\n<div>\n<p class=\"generic-text\">The key to Paula&#8217;s timelessness lies in its carefully considered proportions. With a tilting structure and suspended cushions, the armchair is designed to create a synthesis between a soft, inviting seat and a solid, robust frame. <\/p>\n<div class=\"block-text-img-text col-4 is-768\">\n<div>\n<p class=\"generic-text\">La forma de Paula est\u00e1 definida por un innovador sistema de correas de cuero en espiral que sujetan el asiento y el respaldo a la estructura met\u00e1lica. Disponible en natural, tabaco, avellana o verde barro, el asiento y el respaldo de cuero ofrecen un c\u00e1lido contraste con la estructura met\u00e1lica mate, fum\u00e9 o arena. <\/p>\n<p class=\"block-text-label\">\n<\/div>\n<\/div>\n<div class=\"col-8 block-text-img-img is-768\">\n<div class=\"animation-y block-caption\"><\/div>\n<\/div>\n<\/div>\n<\/div>\n<\/div>\n<\/div>\n<\/section>\n<div class=\"show-for-mobile padding-line-element\"><\/div>\n","protected":false},"featured_media":18789,"comment_status":"closed","ping_status":"closed","template":"","meta":{"_acf_changed":false},"product_brand":[],"product_cat":[894,890,878,872],"product_tag":[934],"class_list":{"0":"post-24537","1":"product","2":"type-product","3":"status-publish","4":"has-post-thumbnail","6":"product_cat-armchairs-malaga-marbella","7":"product_cat-modern-furniture","8":"product_cat-sign-livingroom-malaga-marbella","9":"product_cat-rooms-en","10":"product_tag-vincent-van-duysen","12":"first","13":"instock","14":"product-type-simple"},"acf":[],"_links":{"self":[{"href":"https:\/\/oboemuebles.com\/en\/wp-json\/wp\/v2\/product\/24537","targetHints":{"allow":["GET"]}}],"collection":[{"href":"https:\/\/oboemuebles.com\/en\/wp-json\/wp\/v2\/product"}],"about":[{"href":"https:\/\/oboemuebles.com\/en\/wp-json\/wp\/v2\/types\/product"}],"replies":[{"embeddable":true,"href":"https:\/\/oboemuebles.com\/en\/wp-json\/wp\/v2\/comments?post=24537"}],"wp:featuredmedia":[{"embeddable":true,"href":"https:\/\/oboemuebles.com\/en\/wp-json\/wp\/v2\/media\/18789"}],"wp:attachment":[{"href":"https:\/\/oboemuebles.com\/en\/wp-json\/wp\/v2\/media?parent=24537"}],"wp:term":[{"taxonomy":"product_brand","embeddable":true,"href":"https:\/\/oboemuebles.com\/en\/wp-json\/wp\/v2\/product_brand?post=24537"},{"taxonomy":"product_cat","embeddable":true,"href":"https:\/\/oboemuebles.com\/en\/wp-json\/wp\/v2\/product_cat?post=24537"},{"taxonomy":"product_tag","embeddable":true,"href":"https:\/\/oboemuebles.com\/en\/wp-json\/wp\/v2\/product_tag?post=24537"}],"curies":[{"name":"wp","href":"https:\/\/api.w.org\/{rel}","templated":true}]}}