{"id":24575,"date":"2025-11-13T16:40:48","date_gmt":"2025-11-13T16:40:48","guid":{"rendered":"https:\/\/oboemuebles.com\/producto\/bernard\/"},"modified":"2025-11-13T16:40:48","modified_gmt":"2025-11-13T16:40:48","slug":"bernard","status":"publish","type":"product","link":"https:\/\/oboemuebles.com\/en\/producto\/bernard\/","title":{"rendered":"Bernard"},"content":{"rendered":"","protected":false},"excerpt":{"rendered":"<div class=\"flex-1 overflow-hidden\">\n<div class=\"react-scroll-to-bottom--css-aqref-79elbk h-full\">\n<div class=\"react-scroll-to-bottom--css-aqref-1n7m0yu\">\n<div class=\"flex flex-col text-sm pb-9\">\n<div class=\"w-full text-token-text-primary\" data-testid=\"conversation-turn-19\">\n<div class=\"px-4 py-2 justify-center text-base md:gap-6 m-auto\">\n<div class=\"flex flex-1 text-base mx-auto gap-3 md:px-5 lg:px-1 xl:px-5 md:max-w-3xl lg:max-w-[40rem] xl:max-w-[48rem] group final-completion\">\n<div class=\"relative flex w-full flex-col agent-turn\">\n<div class=\"flex-col gap-1 md:gap-3\">\n<div class=\"flex flex-grow flex-col max-w-full\">\n<div class=\"min-h-[20px] text-message flex flex-col items-start gap-3 whitespace-pre-wrap break-words [.text-message+&amp;]:mt-5 overflow-x-auto\" data-message-author-role=\"assistant\" data-message-id=\"e388571a-e771-4990-b358-d6eb2e16dc31\">\n<div class=\"markdown prose w-full break-words dark:prose-invert dark\">\n<p>La butaca Bernard de Shane Schneck explora el g\u00e9nero de la butaca dentro de un contexto contempor\u00e1neo. La yuxtaposici\u00f3n de un marco de madera maciza con una cubierta visualmente ligera crea una relaci\u00f3n \u00fanica entre los dos componentes, dando como resultado una silla c\u00f3moda y duradera con un lenguaje de dise\u00f1o distintivo. El marco est\u00e1 elaborado en roble o haya maciza con diferentes acabados, y la cubierta deslizable est\u00e1 disponible en cuero o lona marina de alta resistencia.  <\/p>\n<\/div>\n<\/div>\n<\/div>\n<\/div>\n<\/div>\n<\/div>\n<\/div>\n<\/div>\n<\/div>\n<\/div>\n<\/div>\n<\/div>\n","protected":false},"featured_media":19671,"comment_status":"closed","ping_status":"closed","template":"","meta":{"_acf_changed":false},"product_brand":[],"product_cat":[894,889,890,878,872],"product_tag":[],"class_list":{"0":"post-24575","1":"product","2":"type-product","3":"status-publish","4":"has-post-thumbnail","6":"product_cat-armchairs-malaga-marbella","7":"product_cat-design-bedroom-malaga-marbella","8":"product_cat-modern-furniture","9":"product_cat-sign-livingroom-malaga-marbella","10":"product_cat-rooms-en","12":"first","13":"instock","14":"product-type-simple"},"acf":[],"_links":{"self":[{"href":"https:\/\/oboemuebles.com\/en\/wp-json\/wp\/v2\/product\/24575","targetHints":{"allow":["GET"]}}],"collection":[{"href":"https:\/\/oboemuebles.com\/en\/wp-json\/wp\/v2\/product"}],"about":[{"href":"https:\/\/oboemuebles.com\/en\/wp-json\/wp\/v2\/types\/product"}],"replies":[{"embeddable":true,"href":"https:\/\/oboemuebles.com\/en\/wp-json\/wp\/v2\/comments?post=24575"}],"wp:featuredmedia":[{"embeddable":true,"href":"https:\/\/oboemuebles.com\/en\/wp-json\/wp\/v2\/media\/19671"}],"wp:attachment":[{"href":"https:\/\/oboemuebles.com\/en\/wp-json\/wp\/v2\/media?parent=24575"}],"wp:term":[{"taxonomy":"product_brand","embeddable":true,"href":"https:\/\/oboemuebles.com\/en\/wp-json\/wp\/v2\/product_brand?post=24575"},{"taxonomy":"product_cat","embeddable":true,"href":"https:\/\/oboemuebles.com\/en\/wp-json\/wp\/v2\/product_cat?post=24575"},{"taxonomy":"product_tag","embeddable":true,"href":"https:\/\/oboemuebles.com\/en\/wp-json\/wp\/v2\/product_tag?post=24575"}],"curies":[{"name":"wp","href":"https:\/\/api.w.org\/{rel}","templated":true}]}}