{"id":24638,"date":"2025-11-13T15:41:28","date_gmt":"2025-11-13T15:41:28","guid":{"rendered":"https:\/\/oboemuebles.com\/producto\/ken-26\/"},"modified":"2025-11-13T15:41:28","modified_gmt":"2025-11-13T15:41:28","slug":"ken-26","status":"publish","type":"product","link":"https:\/\/oboemuebles.com\/en\/producto\/ken-26\/","title":{"rendered":"KEN 26"},"content":{"rendered":"","protected":false},"excerpt":{"rendered":"<p>La silla lounge Ken 26, caracterizada por un estilo minimalista e informal, est\u00e1 formada por una estructura tubular de aluminio pintado de blanco mate o gris, metal \u00fanico por sus cualidades t\u00e9cnicas, combinado con un tejido hecho a mano con cuerda t\u00e9cnica de poli\u00e9ster de color gris o azul, que garantiza una densidad y un atractivo inesperados. La cuerda de poli\u00e9ster est\u00e1 revestida adem\u00e1s con fibras acr\u00edlicas, un material extremadamente flexible y entre los m\u00e1s resistentes al agua y a la luz solar directa. <\/p>\n","protected":false},"featured_media":17354,"comment_status":"closed","ping_status":"closed","template":"","meta":{"_acf_changed":false},"product_brand":[],"product_cat":[894,890,920,872,876],"product_tag":[],"class_list":{"0":"post-24638","1":"product","2":"type-product","3":"status-publish","4":"has-post-thumbnail","6":"product_cat-armchairs-malaga-marbella","7":"product_cat-modern-furniture","8":"product_cat-design-outdoor-malaga-marbella-2","9":"product_cat-rooms-en","10":"product_cat-design-terrace-malaga-marbella","12":"first","13":"instock","14":"product-type-simple"},"acf":[],"yoast_head":"<!-- This site is optimized with the Yoast SEO plugin v27.5 - https:\/\/yoast.com\/product\/yoast-seo-wordpress\/ -->\n<title>KEN 26 - Oboe Muebles - Tienda de muebles en M\u00e1laga y Marbella<\/title>\n<meta name=\"robots\" content=\"index, follow, max-snippet:-1, max-image-preview:large, max-video-preview:-1\" \/>\n<link rel=\"canonical\" href=\"https:\/\/oboemuebles.com\/en\/producto\/ken-26\/\" \/>\n<meta property=\"og:locale\" content=\"en_US\" \/>\n<meta property=\"og:type\" content=\"article\" \/>\n<meta property=\"og:title\" content=\"KEN 26 - Oboe Muebles - Tienda de muebles en M\u00e1laga y Marbella\" \/>\n<meta property=\"og:description\" content=\"La silla lounge Ken 26, caracterizada por un estilo minimalista e informal, est\u00e1 formada por una estructura tubular de aluminio pintado de blanco mate o gris, metal \u00fanico por sus cualidades t\u00e9cnicas, combinado con un tejido hecho a mano con cuerda t\u00e9cnica de poli\u00e9ster de color gris o azul, que garantiza una densidad y un atractivo inesperados. La cuerda de poli\u00e9ster est\u00e1 revestida adem\u00e1s con fibras acr\u00edlicas, un material extremadamente flexible y entre los m\u00e1s resistentes al agua y a la luz solar directa.\" \/>\n<meta property=\"og:url\" content=\"https:\/\/oboemuebles.com\/en\/producto\/ken-26\/\" \/>\n<meta property=\"og:site_name\" content=\"Oboe Muebles - Tienda de muebles en M\u00e1laga y Marbella\" \/>\n<meta property=\"og:image\" content=\"https:\/\/oboemuebles.com\/wp-content\/uploads\/2025\/11\/ken26-sillonexterior-1.webp\" \/>\n\t<meta property=\"og:image:width\" content=\"900\" \/>\n\t<meta property=\"og:image:height\" content=\"900\" \/>\n\t<meta property=\"og:image:type\" content=\"image\/webp\" \/>\n<meta name=\"twitter:card\" content=\"summary_large_image\" \/>\n<script type=\"application\/ld+json\" class=\"yoast-schema-graph\">{\"@context\":\"https:\\\/\\\/schema.org\",\"@graph\":[{\"@type\":\"WebPage\",\"@id\":\"https:\\\/\\\/oboemuebles.com\\\/en\\\/producto\\\/ken-26\\\/\",\"url\":\"https:\\\/\\\/oboemuebles.com\\\/en\\\/producto\\\/ken-26\\\/\",\"name\":\"KEN 26 - Oboe Muebles - Tienda de muebles en M\u00e1laga y Marbella\",\"isPartOf\":{\"@id\":\"https:\\\/\\\/oboemuebles.com\\\/en\\\/#website\"},\"primaryImageOfPage\":{\"@id\":\"https:\\\/\\\/oboemuebles.com\\\/en\\\/producto\\\/ken-26\\\/#primaryimage\"},\"image\":{\"@id\":\"https:\\\/\\\/oboemuebles.com\\\/en\\\/producto\\\/ken-26\\\/#primaryimage\"},\"thumbnailUrl\":\"https:\\\/\\\/oboemuebles.com\\\/wp-content\\\/uploads\\\/2025\\\/11\\\/ken26-sillonexterior-1.webp\",\"datePublished\":\"2025-11-13T15:41:28+00:00\",\"breadcrumb\":{\"@id\":\"https:\\\/\\\/oboemuebles.com\\\/en\\\/producto\\\/ken-26\\\/#breadcrumb\"},\"inLanguage\":\"en-US\",\"potentialAction\":[{\"@type\":\"ReadAction\",\"target\":[\"https:\\\/\\\/oboemuebles.com\\\/en\\\/producto\\\/ken-26\\\/\"]}]},{\"@type\":\"ImageObject\",\"inLanguage\":\"en-US\",\"@id\":\"https:\\\/\\\/oboemuebles.com\\\/en\\\/producto\\\/ken-26\\\/#primaryimage\",\"url\":\"https:\\\/\\\/oboemuebles.com\\\/wp-content\\\/uploads\\\/2025\\\/11\\\/ken26-sillonexterior-1.webp\",\"contentUrl\":\"https:\\\/\\\/oboemuebles.com\\\/wp-content\\\/uploads\\\/2025\\\/11\\\/ken26-sillonexterior-1.webp\",\"width\":900,\"height\":900},{\"@type\":\"BreadcrumbList\",\"@id\":\"https:\\\/\\\/oboemuebles.com\\\/en\\\/producto\\\/ken-26\\\/#breadcrumb\",\"itemListElement\":[{\"@type\":\"ListItem\",\"position\":1,\"name\":\"Portada\",\"item\":\"https:\\\/\\\/oboemuebles.com\\\/en\\\/home\\\/\"},{\"@type\":\"ListItem\",\"position\":2,\"name\":\"Shop\",\"item\":\"https:\\\/\\\/oboemuebles.com\\\/en\\\/shop\\\/\"},{\"@type\":\"ListItem\",\"position\":3,\"name\":\"KEN 26\"}]},{\"@type\":\"WebSite\",\"@id\":\"https:\\\/\\\/oboemuebles.com\\\/en\\\/#website\",\"url\":\"https:\\\/\\\/oboemuebles.com\\\/en\\\/\",\"name\":\"Oboe Muebles - Tienda de muebles en M\u00e1laga y Marbella\",\"description\":\"Oboe Muebles - Tienda de muebles en M\u00e1laga y Marbella\",\"potentialAction\":[{\"@type\":\"SearchAction\",\"target\":{\"@type\":\"EntryPoint\",\"urlTemplate\":\"https:\\\/\\\/oboemuebles.com\\\/en\\\/?s={search_term_string}\"},\"query-input\":{\"@type\":\"PropertyValueSpecification\",\"valueRequired\":true,\"valueName\":\"search_term_string\"}}],\"inLanguage\":\"en-US\"}]}<\/script>\n<!-- \/ Yoast SEO plugin. -->","yoast_head_json":{"title":"KEN 26 - Oboe Muebles - Tienda de muebles en M\u00e1laga y Marbella","robots":{"index":"index","follow":"follow","max-snippet":"max-snippet:-1","max-image-preview":"max-image-preview:large","max-video-preview":"max-video-preview:-1"},"canonical":"https:\/\/oboemuebles.com\/en\/producto\/ken-26\/","og_locale":"en_US","og_type":"article","og_title":"KEN 26 - Oboe Muebles - Tienda de muebles en M\u00e1laga y Marbella","og_description":"La silla lounge Ken 26, caracterizada por un estilo minimalista e informal, est\u00e1 formada por una estructura tubular de aluminio pintado de blanco mate o gris, metal \u00fanico por sus cualidades t\u00e9cnicas, combinado con un tejido hecho a mano con cuerda t\u00e9cnica de poli\u00e9ster de color gris o azul, que garantiza una densidad y un atractivo inesperados. La cuerda de poli\u00e9ster est\u00e1 revestida adem\u00e1s con fibras acr\u00edlicas, un material extremadamente flexible y entre los m\u00e1s resistentes al agua y a la luz solar directa.","og_url":"https:\/\/oboemuebles.com\/en\/producto\/ken-26\/","og_site_name":"Oboe Muebles - Tienda de muebles en M\u00e1laga y Marbella","og_image":[{"width":900,"height":900,"url":"https:\/\/oboemuebles.com\/wp-content\/uploads\/2025\/11\/ken26-sillonexterior-1.webp","type":"image\/webp"}],"twitter_card":"summary_large_image","schema":{"@context":"https:\/\/schema.org","@graph":[{"@type":"WebPage","@id":"https:\/\/oboemuebles.com\/en\/producto\/ken-26\/","url":"https:\/\/oboemuebles.com\/en\/producto\/ken-26\/","name":"KEN 26 - Oboe Muebles - Tienda de muebles en M\u00e1laga y Marbella","isPartOf":{"@id":"https:\/\/oboemuebles.com\/en\/#website"},"primaryImageOfPage":{"@id":"https:\/\/oboemuebles.com\/en\/producto\/ken-26\/#primaryimage"},"image":{"@id":"https:\/\/oboemuebles.com\/en\/producto\/ken-26\/#primaryimage"},"thumbnailUrl":"https:\/\/oboemuebles.com\/wp-content\/uploads\/2025\/11\/ken26-sillonexterior-1.webp","datePublished":"2025-11-13T15:41:28+00:00","breadcrumb":{"@id":"https:\/\/oboemuebles.com\/en\/producto\/ken-26\/#breadcrumb"},"inLanguage":"en-US","potentialAction":[{"@type":"ReadAction","target":["https:\/\/oboemuebles.com\/en\/producto\/ken-26\/"]}]},{"@type":"ImageObject","inLanguage":"en-US","@id":"https:\/\/oboemuebles.com\/en\/producto\/ken-26\/#primaryimage","url":"https:\/\/oboemuebles.com\/wp-content\/uploads\/2025\/11\/ken26-sillonexterior-1.webp","contentUrl":"https:\/\/oboemuebles.com\/wp-content\/uploads\/2025\/11\/ken26-sillonexterior-1.webp","width":900,"height":900},{"@type":"BreadcrumbList","@id":"https:\/\/oboemuebles.com\/en\/producto\/ken-26\/#breadcrumb","itemListElement":[{"@type":"ListItem","position":1,"name":"Portada","item":"https:\/\/oboemuebles.com\/en\/home\/"},{"@type":"ListItem","position":2,"name":"Shop","item":"https:\/\/oboemuebles.com\/en\/shop\/"},{"@type":"ListItem","position":3,"name":"KEN 26"}]},{"@type":"WebSite","@id":"https:\/\/oboemuebles.com\/en\/#website","url":"https:\/\/oboemuebles.com\/en\/","name":"Oboe Muebles - Tienda de muebles en M\u00e1laga y Marbella","description":"Oboe Muebles - Tienda de muebles en M\u00e1laga y Marbella","potentialAction":[{"@type":"SearchAction","target":{"@type":"EntryPoint","urlTemplate":"https:\/\/oboemuebles.com\/en\/?s={search_term_string}"},"query-input":{"@type":"PropertyValueSpecification","valueRequired":true,"valueName":"search_term_string"}}],"inLanguage":"en-US"}]}},"_links":{"self":[{"href":"https:\/\/oboemuebles.com\/en\/wp-json\/wp\/v2\/product\/24638","targetHints":{"allow":["GET"]}}],"collection":[{"href":"https:\/\/oboemuebles.com\/en\/wp-json\/wp\/v2\/product"}],"about":[{"href":"https:\/\/oboemuebles.com\/en\/wp-json\/wp\/v2\/types\/product"}],"replies":[{"embeddable":true,"href":"https:\/\/oboemuebles.com\/en\/wp-json\/wp\/v2\/comments?post=24638"}],"wp:featuredmedia":[{"embeddable":true,"href":"https:\/\/oboemuebles.com\/en\/wp-json\/wp\/v2\/media\/17354"}],"wp:attachment":[{"href":"https:\/\/oboemuebles.com\/en\/wp-json\/wp\/v2\/media?parent=24638"}],"wp:term":[{"taxonomy":"product_brand","embeddable":true,"href":"https:\/\/oboemuebles.com\/en\/wp-json\/wp\/v2\/product_brand?post=24638"},{"taxonomy":"product_cat","embeddable":true,"href":"https:\/\/oboemuebles.com\/en\/wp-json\/wp\/v2\/product_cat?post=24638"},{"taxonomy":"product_tag","embeddable":true,"href":"https:\/\/oboemuebles.com\/en\/wp-json\/wp\/v2\/product_tag?post=24638"}],"curies":[{"name":"wp","href":"https:\/\/api.w.org\/{rel}","templated":true}]}}