{"id":24663,"date":"2025-11-13T15:47:26","date_gmt":"2025-11-13T15:47:26","guid":{"rendered":"https:\/\/oboemuebles.com\/producto\/gray-3\/"},"modified":"2025-11-13T15:47:26","modified_gmt":"2025-11-13T15:47:26","slug":"gray-3","status":"publish","type":"product","link":"https:\/\/oboemuebles.com\/en\/producto\/gray-3\/","title":{"rendered":"GRAY"},"content":{"rendered":"","protected":false},"excerpt":{"rendered":"<p>La mecedora de madera Gray 09 se caracteriza por un alto respaldo con duelas a la vista sobre el que est\u00e1 apoyado un suave coj\u00edn suelto. La estructura, con un amplio y confortable asiento, est\u00e1 realizada de nogal Canaletto pintado natural, roble blanqueado o roble lacado en blanco, gris, negro, oc\u00e9ano o t\u00f3rtola. <\/p>\n","protected":false},"featured_media":17672,"comment_status":"closed","ping_status":"closed","template":"","meta":{"_acf_changed":false},"product_brand":[],"product_cat":[894,889,890,878,872],"product_tag":[938],"class_list":{"0":"post-24663","1":"product","2":"type-product","3":"status-publish","4":"has-post-thumbnail","6":"product_cat-armchairs-malaga-marbella","7":"product_cat-design-bedroom-malaga-marbella","8":"product_cat-modern-furniture","9":"product_cat-sign-livingroom-malaga-marbella","10":"product_cat-rooms-en","11":"product_tag-paola-navone","13":"first","14":"instock","15":"product-type-simple"},"acf":[],"_links":{"self":[{"href":"https:\/\/oboemuebles.com\/en\/wp-json\/wp\/v2\/product\/24663","targetHints":{"allow":["GET"]}}],"collection":[{"href":"https:\/\/oboemuebles.com\/en\/wp-json\/wp\/v2\/product"}],"about":[{"href":"https:\/\/oboemuebles.com\/en\/wp-json\/wp\/v2\/types\/product"}],"replies":[{"embeddable":true,"href":"https:\/\/oboemuebles.com\/en\/wp-json\/wp\/v2\/comments?post=24663"}],"wp:featuredmedia":[{"embeddable":true,"href":"https:\/\/oboemuebles.com\/en\/wp-json\/wp\/v2\/media\/17672"}],"wp:attachment":[{"href":"https:\/\/oboemuebles.com\/en\/wp-json\/wp\/v2\/media?parent=24663"}],"wp:term":[{"taxonomy":"product_brand","embeddable":true,"href":"https:\/\/oboemuebles.com\/en\/wp-json\/wp\/v2\/product_brand?post=24663"},{"taxonomy":"product_cat","embeddable":true,"href":"https:\/\/oboemuebles.com\/en\/wp-json\/wp\/v2\/product_cat?post=24663"},{"taxonomy":"product_tag","embeddable":true,"href":"https:\/\/oboemuebles.com\/en\/wp-json\/wp\/v2\/product_tag?post=24663"}],"curies":[{"name":"wp","href":"https:\/\/api.w.org\/{rel}","templated":true}]}}