{"id":24667,"date":"2025-11-13T15:47:26","date_gmt":"2025-11-13T15:47:26","guid":{"rendered":"https:\/\/oboemuebles.com\/producto\/gray-4\/"},"modified":"2025-11-13T15:47:26","modified_gmt":"2025-11-13T15:47:26","slug":"gray-4","status":"publish","type":"product","link":"https:\/\/oboemuebles.com\/en\/producto\/gray-4\/","title":{"rendered":"GRAY"},"content":{"rendered":"","protected":false},"excerpt":{"rendered":"<p>La mecedora de madera GRAY 29 se caracteriza por l\u00edneas sinuosas que evocan el estilo cl\u00e1sico n\u00f3rdico. Se distingue por un respaldo con listones de madera que dan origen a un juego de llenos y vac\u00edos. Est\u00e1 embellecido por el agradable contraste entre la esencialidad de la estructura, de nogal o roble, y la suavidad de los cojines sueltos para un marcado confort.   <\/p>\n","protected":false},"featured_media":17668,"comment_status":"closed","ping_status":"closed","template":"","meta":{"_acf_changed":false},"product_brand":[],"product_cat":[894,889,890,878,872],"product_tag":[938],"class_list":{"0":"post-24667","1":"product","2":"type-product","3":"status-publish","4":"has-post-thumbnail","6":"product_cat-armchairs-malaga-marbella","7":"product_cat-design-bedroom-malaga-marbella","8":"product_cat-modern-furniture","9":"product_cat-sign-livingroom-malaga-marbella","10":"product_cat-rooms-en","11":"product_tag-paola-navone","13":"first","14":"instock","15":"product-type-simple"},"acf":[],"_links":{"self":[{"href":"https:\/\/oboemuebles.com\/en\/wp-json\/wp\/v2\/product\/24667","targetHints":{"allow":["GET"]}}],"collection":[{"href":"https:\/\/oboemuebles.com\/en\/wp-json\/wp\/v2\/product"}],"about":[{"href":"https:\/\/oboemuebles.com\/en\/wp-json\/wp\/v2\/types\/product"}],"replies":[{"embeddable":true,"href":"https:\/\/oboemuebles.com\/en\/wp-json\/wp\/v2\/comments?post=24667"}],"wp:featuredmedia":[{"embeddable":true,"href":"https:\/\/oboemuebles.com\/en\/wp-json\/wp\/v2\/media\/17668"}],"wp:attachment":[{"href":"https:\/\/oboemuebles.com\/en\/wp-json\/wp\/v2\/media?parent=24667"}],"wp:term":[{"taxonomy":"product_brand","embeddable":true,"href":"https:\/\/oboemuebles.com\/en\/wp-json\/wp\/v2\/product_brand?post=24667"},{"taxonomy":"product_cat","embeddable":true,"href":"https:\/\/oboemuebles.com\/en\/wp-json\/wp\/v2\/product_cat?post=24667"},{"taxonomy":"product_tag","embeddable":true,"href":"https:\/\/oboemuebles.com\/en\/wp-json\/wp\/v2\/product_tag?post=24667"}],"curies":[{"name":"wp","href":"https:\/\/api.w.org\/{rel}","templated":true}]}}