{"id":24954,"date":"2025-11-13T14:51:56","date_gmt":"2025-11-13T14:51:56","guid":{"rendered":"https:\/\/oboemuebles.com\/producto\/cite\/"},"modified":"2025-11-13T14:51:56","modified_gmt":"2025-11-13T14:51:56","slug":"cite","status":"publish","type":"product","link":"https:\/\/oboemuebles.com\/en\/producto\/cite\/","title":{"rendered":"CIT\u00c9"},"content":{"rendered":"<p>The Cit\u00e9 armchair is one of the early masterpieces of the French engineer and designer Jean Prouv\u00e9. Originally designed to furnish the student residences of the Cit\u00e9 Universitaire de Nancy, Prouv\u00e9 also used this comfortable and spacious armchair, with its distinctive powder-coated steel legs and leather straps as armrests, in the living room of his own home. <\/p>\n","protected":false},"excerpt":{"rendered":"<p>The Cit\u00e9 armchair, designed for a competition to furnish the student residence at the Cit\u00e9 Universitaire de Nancy, is one of Prouv\u00e9&#8217;s early masterpieces. This dynamic armchair, with its distinctive powder-coated steel sleds and wide leather straps as armrests, was used by Prouv\u00e9 himself in his living room. Its generous dimensions and inviting upholstery contribute to its exceptional comfort.  <\/p>\n","protected":false},"featured_media":15367,"comment_status":"closed","ping_status":"closed","template":"","meta":{"_acf_changed":false},"product_brand":[],"product_cat":[894,890,878,872],"product_tag":[1134],"class_list":{"0":"post-24954","1":"product","2":"type-product","3":"status-publish","4":"has-post-thumbnail","6":"product_cat-armchairs-malaga-marbella","7":"product_cat-modern-furniture","8":"product_cat-sign-livingroom-malaga-marbella","9":"product_cat-rooms-en","10":"product_tag-jean-prouve","11":"pa_diseno-jean-prouve","13":"first","14":"instock","15":"product-type-simple"},"acf":[],"_links":{"self":[{"href":"https:\/\/oboemuebles.com\/en\/wp-json\/wp\/v2\/product\/24954","targetHints":{"allow":["GET"]}}],"collection":[{"href":"https:\/\/oboemuebles.com\/en\/wp-json\/wp\/v2\/product"}],"about":[{"href":"https:\/\/oboemuebles.com\/en\/wp-json\/wp\/v2\/types\/product"}],"replies":[{"embeddable":true,"href":"https:\/\/oboemuebles.com\/en\/wp-json\/wp\/v2\/comments?post=24954"}],"wp:featuredmedia":[{"embeddable":true,"href":"https:\/\/oboemuebles.com\/en\/wp-json\/wp\/v2\/media\/15367"}],"wp:attachment":[{"href":"https:\/\/oboemuebles.com\/en\/wp-json\/wp\/v2\/media?parent=24954"}],"wp:term":[{"taxonomy":"product_brand","embeddable":true,"href":"https:\/\/oboemuebles.com\/en\/wp-json\/wp\/v2\/product_brand?post=24954"},{"taxonomy":"product_cat","embeddable":true,"href":"https:\/\/oboemuebles.com\/en\/wp-json\/wp\/v2\/product_cat?post=24954"},{"taxonomy":"product_tag","embeddable":true,"href":"https:\/\/oboemuebles.com\/en\/wp-json\/wp\/v2\/product_tag?post=24954"}],"curies":[{"name":"wp","href":"https:\/\/api.w.org\/{rel}","templated":true}]}}