{"id":25316,"date":"2025-11-13T14:08:02","date_gmt":"2025-11-13T14:08:02","guid":{"rendered":"https:\/\/oboemuebles.com\/producto\/copla-2\/"},"modified":"2025-11-13T14:08:02","modified_gmt":"2025-11-13T14:08:02","slug":"copla-2","status":"publish","type":"product","link":"https:\/\/oboemuebles.com\/en\/producto\/copla-2\/","title":{"rendered":"COPLA"},"content":{"rendered":"<p>The softest and most authentic<\/p>\n<p>Las torneadas patas de madera de fresno de este mullido sof\u00e1 inspiran el nombre de un dise\u00f1o que homenajea los antiguos caf\u00e9s cantante.<br \/>\nWe also highlight Copla&#8217;s soft shapes and its hollowed-out cushions. Formally, the design stems from the desire to create a sofa with comfortable cushions and slender wooden legs. The cushions are joined together by the legs that support them, minimizing the internal structure and resulting in a sofa that is soft and plush from every angle.  <\/p>\n","protected":false},"excerpt":{"rendered":"<p>Two types of armrests, three armchairs, twelve sofas, nine different modules, and one corner piece allow you to create a custom arrangement for each project. Rafa Garc\u00eda recommends creating corner configurations with any of the high-arm pieces, although the right-angle option is also available. <\/p>\n","protected":false},"featured_media":13373,"comment_status":"closed","ping_status":"closed","template":"","meta":{"_acf_changed":false},"product_brand":[],"product_cat":[894,890,878,872],"product_tag":[961],"class_list":{"0":"post-25316","1":"product","2":"type-product","3":"status-publish","4":"has-post-thumbnail","6":"product_cat-armchairs-malaga-marbella","7":"product_cat-modern-furniture","8":"product_cat-sign-livingroom-malaga-marbella","9":"product_cat-rooms-en","10":"product_tag-rafa-garcia","11":"pa_diseno-rafa-garcia","13":"first","14":"instock","15":"product-type-simple"},"acf":[],"_links":{"self":[{"href":"https:\/\/oboemuebles.com\/en\/wp-json\/wp\/v2\/product\/25316","targetHints":{"allow":["GET"]}}],"collection":[{"href":"https:\/\/oboemuebles.com\/en\/wp-json\/wp\/v2\/product"}],"about":[{"href":"https:\/\/oboemuebles.com\/en\/wp-json\/wp\/v2\/types\/product"}],"replies":[{"embeddable":true,"href":"https:\/\/oboemuebles.com\/en\/wp-json\/wp\/v2\/comments?post=25316"}],"wp:featuredmedia":[{"embeddable":true,"href":"https:\/\/oboemuebles.com\/en\/wp-json\/wp\/v2\/media\/13373"}],"wp:attachment":[{"href":"https:\/\/oboemuebles.com\/en\/wp-json\/wp\/v2\/media?parent=25316"}],"wp:term":[{"taxonomy":"product_brand","embeddable":true,"href":"https:\/\/oboemuebles.com\/en\/wp-json\/wp\/v2\/product_brand?post=25316"},{"taxonomy":"product_cat","embeddable":true,"href":"https:\/\/oboemuebles.com\/en\/wp-json\/wp\/v2\/product_cat?post=25316"},{"taxonomy":"product_tag","embeddable":true,"href":"https:\/\/oboemuebles.com\/en\/wp-json\/wp\/v2\/product_tag?post=25316"}],"curies":[{"name":"wp","href":"https:\/\/api.w.org\/{rel}","templated":true}]}}