{"id":25412,"date":"2025-11-13T14:27:59","date_gmt":"2025-11-13T14:27:59","guid":{"rendered":"https:\/\/oboemuebles.com\/producto\/kos-low-chair\/"},"modified":"2025-11-13T14:27:59","modified_gmt":"2025-11-13T14:27:59","slug":"kos-low-chair","status":"publish","type":"product","link":"https:\/\/oboemuebles.com\/en\/producto\/kos-low-chair\/","title":{"rendered":"KOS LOW CHAIR"},"content":{"rendered":"","protected":false},"excerpt":{"rendered":"<p>Chic b\u00e1sico con un confort de uso \u00f3ptimo. La combinaci\u00f3n de los anchos listones y el dise\u00f1o puro a la par que rudo, dejan ver el lado m\u00e1s robusto y moderno de la teca. La teca que Trib\u00f9 elige para sus muebles de exterior es teca de la mejor calidad. Solo se tiene en cuenta madera de primera clase con grano recto.   <\/p>\n<p>This wood is grown year-round in sustainably managed Indonesian plantations. The crops are locally controlled by the subsidiary Trib\u00f9 Asia. <\/p>\n","protected":false},"featured_media":14260,"comment_status":"closed","ping_status":"closed","template":"","meta":{"_acf_changed":false},"product_brand":[],"product_cat":[894,890,920,872],"product_tag":[980],"class_list":{"0":"post-25412","1":"product","2":"type-product","3":"status-publish","4":"has-post-thumbnail","6":"product_cat-armchairs-malaga-marbella","7":"product_cat-modern-furniture","8":"product_cat-design-outdoor-malaga-marbella-2","9":"product_cat-rooms-en","10":"product_tag-studio-segers","11":"pa_diseno-studio-segers","13":"first","14":"instock","15":"product-type-simple"},"acf":[],"_links":{"self":[{"href":"https:\/\/oboemuebles.com\/en\/wp-json\/wp\/v2\/product\/25412","targetHints":{"allow":["GET"]}}],"collection":[{"href":"https:\/\/oboemuebles.com\/en\/wp-json\/wp\/v2\/product"}],"about":[{"href":"https:\/\/oboemuebles.com\/en\/wp-json\/wp\/v2\/types\/product"}],"replies":[{"embeddable":true,"href":"https:\/\/oboemuebles.com\/en\/wp-json\/wp\/v2\/comments?post=25412"}],"wp:featuredmedia":[{"embeddable":true,"href":"https:\/\/oboemuebles.com\/en\/wp-json\/wp\/v2\/media\/14260"}],"wp:attachment":[{"href":"https:\/\/oboemuebles.com\/en\/wp-json\/wp\/v2\/media?parent=25412"}],"wp:term":[{"taxonomy":"product_brand","embeddable":true,"href":"https:\/\/oboemuebles.com\/en\/wp-json\/wp\/v2\/product_brand?post=25412"},{"taxonomy":"product_cat","embeddable":true,"href":"https:\/\/oboemuebles.com\/en\/wp-json\/wp\/v2\/product_cat?post=25412"},{"taxonomy":"product_tag","embeddable":true,"href":"https:\/\/oboemuebles.com\/en\/wp-json\/wp\/v2\/product_tag?post=25412"}],"curies":[{"name":"wp","href":"https:\/\/api.w.org\/{rel}","templated":true}]}}