{"id":25455,"date":"2025-11-13T13:43:16","date_gmt":"2025-11-13T13:43:16","guid":{"rendered":"https:\/\/oboemuebles.com\/producto\/fellow-2\/"},"modified":"2025-11-13T13:43:16","modified_gmt":"2025-11-13T13:43:16","slug":"fellow-2","status":"publish","type":"product","link":"https:\/\/oboemuebles.com\/en\/producto\/fellow-2\/","title":{"rendered":"FELLOW"},"content":{"rendered":"","protected":false},"excerpt":{"rendered":"<p>Fellow es una butaca de l\u00edneas rectas y elegantes, ligero a la vista para encajar a la perfecci\u00f3n en los ambientes m\u00e1s sofisticados y exigentes. Las costuras perfectamente cuidadas y elaboradas resaltan la belleza de este sof\u00e1. Fabricada en nogal canaletta macizo y revestimiento en las telas o pieles de la colecci\u00f3n. Disponible en dos medidas 180x95x76 &#8211; 220x95x76.   <\/p>\n","protected":false},"featured_media":12153,"comment_status":"closed","ping_status":"closed","template":"","meta":{"_acf_changed":false},"product_brand":[],"product_cat":[894,890,878,872],"product_tag":[1008,1009],"class_list":{"0":"post-25455","1":"product","2":"type-product","3":"status-publish","4":"has-post-thumbnail","6":"product_cat-armchairs-malaga-marbella","7":"product_cat-modern-furniture","8":"product_cat-sign-livingroom-malaga-marbella","9":"product_cat-rooms-en","10":"product_tag-m-marconato","11":"product_tag-t-zappa","12":"pa_diseno-m-marconato","13":"pa_diseno-t-zappa","15":"first","16":"instock","17":"product-type-simple"},"acf":[],"_links":{"self":[{"href":"https:\/\/oboemuebles.com\/en\/wp-json\/wp\/v2\/product\/25455","targetHints":{"allow":["GET"]}}],"collection":[{"href":"https:\/\/oboemuebles.com\/en\/wp-json\/wp\/v2\/product"}],"about":[{"href":"https:\/\/oboemuebles.com\/en\/wp-json\/wp\/v2\/types\/product"}],"replies":[{"embeddable":true,"href":"https:\/\/oboemuebles.com\/en\/wp-json\/wp\/v2\/comments?post=25455"}],"wp:featuredmedia":[{"embeddable":true,"href":"https:\/\/oboemuebles.com\/en\/wp-json\/wp\/v2\/media\/12153"}],"wp:attachment":[{"href":"https:\/\/oboemuebles.com\/en\/wp-json\/wp\/v2\/media?parent=25455"}],"wp:term":[{"taxonomy":"product_brand","embeddable":true,"href":"https:\/\/oboemuebles.com\/en\/wp-json\/wp\/v2\/product_brand?post=25455"},{"taxonomy":"product_cat","embeddable":true,"href":"https:\/\/oboemuebles.com\/en\/wp-json\/wp\/v2\/product_cat?post=25455"},{"taxonomy":"product_tag","embeddable":true,"href":"https:\/\/oboemuebles.com\/en\/wp-json\/wp\/v2\/product_tag?post=25455"}],"curies":[{"name":"wp","href":"https:\/\/api.w.org\/{rel}","templated":true}]}}