{"id":25553,"date":"2025-11-13T12:49:33","date_gmt":"2025-11-13T12:49:33","guid":{"rendered":"https:\/\/oboemuebles.com\/producto\/serene-2\/"},"modified":"2026-04-14T11:07:16","modified_gmt":"2026-04-14T11:07:16","slug":"serene-2","status":"publish","type":"product","link":"https:\/\/oboemuebles.com\/en\/producto\/serene-2\/","title":{"rendered":"SERENE"},"content":{"rendered":"","protected":false},"excerpt":{"rendered":"<p>The Serene collection is, above all, about versatility and personalization. Its modular design allows you to choose between two types of seat construction: a suspended base or a floor-length upholstered base. You can also choose between two different seat depths and two backrest cushion heights. Furthermore, functional wooden elements, such as side tables and shelves connected to the base, can be incorporated in various finishes. Its continuous arms and backrest form an organic and inviting piece, finished with visible stitching.    <\/p>\n<p>Tapicer\u00eda desenfundable en cojines de asiento, cojines de respaldo y cojines auxiliares. Bastidor de madera recubierto de espuma y fibra. Suspensi\u00f3n mediante lamas de pl\u00e1stico reforzadas con fibra de vidrio. Coj\u00edn de asiento realizado en distintas densidades de espuma de poliuretano, acolchado en la superficie con fibra. Coj\u00edn de respaldo relleno de fibra de poli\u00e9ster y pluma lavada y esterilizada.<br \/>\nBases met\u00e1licas en pintura poli\u00e9ster en polvo acabado manganeso con topes de LDPE.    <\/p>\n<p>Two backrest heights available.<\/p>\n","protected":false},"featured_media":9495,"comment_status":"closed","ping_status":"closed","template":"","meta":{"_acf_changed":false},"product_brand":[],"product_cat":[894,890,878,872],"product_tag":[926],"class_list":{"0":"post-25553","1":"product","2":"type-product","3":"status-publish","4":"has-post-thumbnail","6":"product_cat-armchairs-malaga-marbella","7":"product_cat-modern-furniture","8":"product_cat-sign-livingroom-malaga-marbella","9":"product_cat-rooms-en","10":"product_tag-mario-ruiz","11":"pa_diseno-mario-ruiz","13":"first","14":"instock","15":"product-type-simple"},"acf":[],"_links":{"self":[{"href":"https:\/\/oboemuebles.com\/en\/wp-json\/wp\/v2\/product\/25553","targetHints":{"allow":["GET"]}}],"collection":[{"href":"https:\/\/oboemuebles.com\/en\/wp-json\/wp\/v2\/product"}],"about":[{"href":"https:\/\/oboemuebles.com\/en\/wp-json\/wp\/v2\/types\/product"}],"replies":[{"embeddable":true,"href":"https:\/\/oboemuebles.com\/en\/wp-json\/wp\/v2\/comments?post=25553"}],"wp:featuredmedia":[{"embeddable":true,"href":"https:\/\/oboemuebles.com\/en\/wp-json\/wp\/v2\/media\/9495"}],"wp:attachment":[{"href":"https:\/\/oboemuebles.com\/en\/wp-json\/wp\/v2\/media?parent=25553"}],"wp:term":[{"taxonomy":"product_brand","embeddable":true,"href":"https:\/\/oboemuebles.com\/en\/wp-json\/wp\/v2\/product_brand?post=25553"},{"taxonomy":"product_cat","embeddable":true,"href":"https:\/\/oboemuebles.com\/en\/wp-json\/wp\/v2\/product_cat?post=25553"},{"taxonomy":"product_tag","embeddable":true,"href":"https:\/\/oboemuebles.com\/en\/wp-json\/wp\/v2\/product_tag?post=25553"}],"curies":[{"name":"wp","href":"https:\/\/api.w.org\/{rel}","templated":true}]}}