{"id":25750,"date":"2025-11-13T12:10:47","date_gmt":"2025-11-13T12:10:47","guid":{"rendered":"https:\/\/oboemuebles.com\/producto\/dragonfly\/"},"modified":"2025-11-13T12:10:47","modified_gmt":"2025-11-13T12:10:47","slug":"dragonfly","status":"publish","type":"product","link":"https:\/\/oboemuebles.com\/en\/producto\/dragonfly\/","title":{"rendered":"DRAGONFLY"},"content":{"rendered":"","protected":false},"excerpt":{"rendered":"<p>La colecci\u00f3n Dragonfly est\u00e1 compuesta por sillones, sof\u00e1s y chaise longes que se prestan para amueblar con elegancia y encanto tanto espacios dom\u00e9sticos como de hosteler\u00eda, tales como vest\u00edbulos, salas lounge, salas de espera y suites. El sill\u00f3n Dragonfly se caracteriza por su tama\u00f1o compacto y un respaldo alto que ofrece un excelente soporte para el respaldo; se mantiene alzado del suelo mediante una elegante base de fresno macizo barnizado en refinadas tonalidades. Los vol\u00famenes ligeros y las l\u00edneas elegantes que caracterizan al sill\u00f3n Dragonfly quedan resaltados por el refinado perfil de grosgrain que remata la tapicer\u00eda y destaca la solidez de la confecci\u00f3n artesanal del producto.  <\/p>\n","protected":false},"featured_media":6995,"comment_status":"closed","ping_status":"closed","template":"","meta":{"_acf_changed":false},"product_brand":[],"product_cat":[894,889,890,878,872],"product_tag":[1206],"class_list":{"0":"post-25750","1":"product","2":"type-product","3":"status-publish","4":"has-post-thumbnail","6":"product_cat-armchairs-malaga-marbella","7":"product_cat-design-bedroom-malaga-marbella","8":"product_cat-modern-furniture","9":"product_cat-sign-livingroom-malaga-marbella","10":"product_cat-rooms-en","11":"product_tag-roberto-lazzeroni","12":"pa_diseno-roberto-lazzeroni","14":"first","15":"instock","16":"product-type-simple"},"acf":[],"_links":{"self":[{"href":"https:\/\/oboemuebles.com\/en\/wp-json\/wp\/v2\/product\/25750","targetHints":{"allow":["GET"]}}],"collection":[{"href":"https:\/\/oboemuebles.com\/en\/wp-json\/wp\/v2\/product"}],"about":[{"href":"https:\/\/oboemuebles.com\/en\/wp-json\/wp\/v2\/types\/product"}],"replies":[{"embeddable":true,"href":"https:\/\/oboemuebles.com\/en\/wp-json\/wp\/v2\/comments?post=25750"}],"wp:featuredmedia":[{"embeddable":true,"href":"https:\/\/oboemuebles.com\/en\/wp-json\/wp\/v2\/media\/6995"}],"wp:attachment":[{"href":"https:\/\/oboemuebles.com\/en\/wp-json\/wp\/v2\/media?parent=25750"}],"wp:term":[{"taxonomy":"product_brand","embeddable":true,"href":"https:\/\/oboemuebles.com\/en\/wp-json\/wp\/v2\/product_brand?post=25750"},{"taxonomy":"product_cat","embeddable":true,"href":"https:\/\/oboemuebles.com\/en\/wp-json\/wp\/v2\/product_cat?post=25750"},{"taxonomy":"product_tag","embeddable":true,"href":"https:\/\/oboemuebles.com\/en\/wp-json\/wp\/v2\/product_tag?post=25750"}],"curies":[{"name":"wp","href":"https:\/\/api.w.org\/{rel}","templated":true}]}}