{"id":25821,"date":"2025-11-13T11:48:38","date_gmt":"2025-11-13T11:48:38","guid":{"rendered":"https:\/\/oboemuebles.com\/producto\/lounge-low-armchair\/"},"modified":"2025-11-13T11:48:38","modified_gmt":"2025-11-13T11:48:38","slug":"lounge-low-armchair","status":"publish","type":"product","link":"https:\/\/oboemuebles.com\/en\/producto\/lounge-low-armchair\/","title":{"rendered":"LOUNGE LOW ARMCHAIR"},"content":{"rendered":"<p>LOUNGE, by Frank Lighthart, elevates simplicity to an art form. The collection&#8217;s rectilinear modules can be arranged as seating in countless ways, allowing you to create the perfect solution for any outdoor setting. <\/p>\n","protected":false},"excerpt":{"rendered":"<p>Un sistema \u00fanico de horquillas mantiene los m\u00f3dulos en su sitio, mientras que los gruesos cojines garantizan el m\u00e1ximo grado de comodidad de este dise\u00f1o minimalista.<\/p>\n","protected":false},"featured_media":5367,"comment_status":"closed","ping_status":"closed","template":"","meta":{"_acf_changed":false},"product_brand":[],"product_cat":[894,890,920,872,876],"product_tag":[1210],"class_list":{"0":"post-25821","1":"product","2":"type-product","3":"status-publish","4":"has-post-thumbnail","6":"product_cat-armchairs-malaga-marbella","7":"product_cat-modern-furniture","8":"product_cat-design-outdoor-malaga-marbella-2","9":"product_cat-rooms-en","10":"product_cat-design-terrace-malaga-marbella","11":"product_tag-frank-ligthart","12":"pa_diseno-frank-ligthart","14":"first","15":"instock","16":"product-type-simple"},"acf":[],"_links":{"self":[{"href":"https:\/\/oboemuebles.com\/en\/wp-json\/wp\/v2\/product\/25821","targetHints":{"allow":["GET"]}}],"collection":[{"href":"https:\/\/oboemuebles.com\/en\/wp-json\/wp\/v2\/product"}],"about":[{"href":"https:\/\/oboemuebles.com\/en\/wp-json\/wp\/v2\/types\/product"}],"replies":[{"embeddable":true,"href":"https:\/\/oboemuebles.com\/en\/wp-json\/wp\/v2\/comments?post=25821"}],"wp:featuredmedia":[{"embeddable":true,"href":"https:\/\/oboemuebles.com\/en\/wp-json\/wp\/v2\/media\/5367"}],"wp:attachment":[{"href":"https:\/\/oboemuebles.com\/en\/wp-json\/wp\/v2\/media?parent=25821"}],"wp:term":[{"taxonomy":"product_brand","embeddable":true,"href":"https:\/\/oboemuebles.com\/en\/wp-json\/wp\/v2\/product_brand?post=25821"},{"taxonomy":"product_cat","embeddable":true,"href":"https:\/\/oboemuebles.com\/en\/wp-json\/wp\/v2\/product_cat?post=25821"},{"taxonomy":"product_tag","embeddable":true,"href":"https:\/\/oboemuebles.com\/en\/wp-json\/wp\/v2\/product_tag?post=25821"}],"curies":[{"name":"wp","href":"https:\/\/api.w.org\/{rel}","templated":true}]}}