{"id":26024,"date":"2025-11-13T11:41:26","date_gmt":"2025-11-13T11:41:26","guid":{"rendered":"https:\/\/oboemuebles.com\/producto\/chloe\/"},"modified":"2025-11-13T11:41:26","modified_gmt":"2025-11-13T11:41:26","slug":"chloe","status":"publish","type":"product","link":"https:\/\/oboemuebles.com\/en\/producto\/chloe\/","title":{"rendered":"CHLOE"},"content":{"rendered":"<p>The Chloe armchair represents a leap back to those classic designs that remain ever-present in our memory for their eloquent formal elegance. Its curvilinear forms make it more inviting and allow it to be placed in any space, whether residential or commercial. Its metal leg lends a contemporary finish and softens the transition between the frame and the leg itself. Both the back and seat cushions add the finishing touch to the armchair&#8217;s exceptional comfort.  <\/p>\n","protected":false},"excerpt":{"rendered":"<p>Estructura de madera recubierta con espuma de poliuretano de diversas densidades y con fibra de poli\u00e9ster hueca siliconada. Coj\u00edn de asiento en espuma de poliuretano recubierto con funda protectora rellena de pluma de pato blanca, plum\u00f3n y fibra de poli\u00e9ster. Cojines de respaldo recubiertos de funda protectora con divisiones internas. Rellenos con pluma blanca de pato esterilizada y plum\u00f3n. Suspensi\u00f3n mediante cinchas el\u00e1sticas. Pies en acero acabados de cat\u00e1logo. Pies desmontables mediante tornillos punto no desenfundable.      <\/p>\n","protected":false},"featured_media":4927,"comment_status":"closed","ping_status":"closed","template":"","meta":{"_acf_changed":false},"product_brand":[],"product_cat":[894,890,878,872],"product_tag":[1050],"class_list":{"0":"post-26024","1":"product","2":"type-product","3":"status-publish","4":"has-post-thumbnail","6":"product_cat-armchairs-malaga-marbella","7":"product_cat-modern-furniture","8":"product_cat-sign-livingroom-malaga-marbella","9":"product_cat-rooms-en","10":"product_tag-david-casadesus","11":"pa_diseno-david-casadesus","13":"first","14":"instock","15":"product-type-simple"},"acf":[],"_links":{"self":[{"href":"https:\/\/oboemuebles.com\/en\/wp-json\/wp\/v2\/product\/26024","targetHints":{"allow":["GET"]}}],"collection":[{"href":"https:\/\/oboemuebles.com\/en\/wp-json\/wp\/v2\/product"}],"about":[{"href":"https:\/\/oboemuebles.com\/en\/wp-json\/wp\/v2\/types\/product"}],"replies":[{"embeddable":true,"href":"https:\/\/oboemuebles.com\/en\/wp-json\/wp\/v2\/comments?post=26024"}],"wp:featuredmedia":[{"embeddable":true,"href":"https:\/\/oboemuebles.com\/en\/wp-json\/wp\/v2\/media\/4927"}],"wp:attachment":[{"href":"https:\/\/oboemuebles.com\/en\/wp-json\/wp\/v2\/media?parent=26024"}],"wp:term":[{"taxonomy":"product_brand","embeddable":true,"href":"https:\/\/oboemuebles.com\/en\/wp-json\/wp\/v2\/product_brand?post=26024"},{"taxonomy":"product_cat","embeddable":true,"href":"https:\/\/oboemuebles.com\/en\/wp-json\/wp\/v2\/product_cat?post=26024"},{"taxonomy":"product_tag","embeddable":true,"href":"https:\/\/oboemuebles.com\/en\/wp-json\/wp\/v2\/product_tag?post=26024"}],"curies":[{"name":"wp","href":"https:\/\/api.w.org\/{rel}","templated":true}]}}