{"id":26035,"date":"2025-11-13T11:41:26","date_gmt":"2025-11-13T11:41:26","guid":{"rendered":"https:\/\/oboemuebles.com\/producto\/brando\/"},"modified":"2025-11-13T11:41:26","modified_gmt":"2025-11-13T11:41:26","slug":"brando","status":"publish","type":"product","link":"https:\/\/oboemuebles.com\/en\/producto\/brando\/","title":{"rendered":"BRANDO"},"content":{"rendered":"<p>The Brando armchair and sofa collection features a timeless design crafted with the latest materials and components, making it adaptable to any space. <\/p>\n","protected":false},"excerpt":{"rendered":"<p>Estructura de madera recubierta con espuma de poliuretano y fibra de poli\u00e9ster. Cojines de asiento en espuma de poliuretano de alta resistencia recubiertos con fibra de poli\u00e9ster. Suspensi\u00f3n mediante cinchas el\u00e1sticas. Brazos met\u00e1licos en acero cromado brillo o mate tapizado fijo.   <\/p>\n","protected":false},"featured_media":4918,"comment_status":"closed","ping_status":"closed","template":"","meta":{"_acf_changed":false},"product_brand":[],"product_cat":[894,890,878,872],"product_tag":[1050],"class_list":{"0":"post-26035","1":"product","2":"type-product","3":"status-publish","4":"has-post-thumbnail","6":"product_cat-armchairs-malaga-marbella","7":"product_cat-modern-furniture","8":"product_cat-sign-livingroom-malaga-marbella","9":"product_cat-rooms-en","10":"product_tag-david-casadesus","11":"pa_diseno-david-casadesus","13":"first","14":"instock","15":"product-type-simple"},"acf":[],"_links":{"self":[{"href":"https:\/\/oboemuebles.com\/en\/wp-json\/wp\/v2\/product\/26035","targetHints":{"allow":["GET"]}}],"collection":[{"href":"https:\/\/oboemuebles.com\/en\/wp-json\/wp\/v2\/product"}],"about":[{"href":"https:\/\/oboemuebles.com\/en\/wp-json\/wp\/v2\/types\/product"}],"replies":[{"embeddable":true,"href":"https:\/\/oboemuebles.com\/en\/wp-json\/wp\/v2\/comments?post=26035"}],"wp:featuredmedia":[{"embeddable":true,"href":"https:\/\/oboemuebles.com\/en\/wp-json\/wp\/v2\/media\/4918"}],"wp:attachment":[{"href":"https:\/\/oboemuebles.com\/en\/wp-json\/wp\/v2\/media?parent=26035"}],"wp:term":[{"taxonomy":"product_brand","embeddable":true,"href":"https:\/\/oboemuebles.com\/en\/wp-json\/wp\/v2\/product_brand?post=26035"},{"taxonomy":"product_cat","embeddable":true,"href":"https:\/\/oboemuebles.com\/en\/wp-json\/wp\/v2\/product_cat?post=26035"},{"taxonomy":"product_tag","embeddable":true,"href":"https:\/\/oboemuebles.com\/en\/wp-json\/wp\/v2\/product_tag?post=26035"}],"curies":[{"name":"wp","href":"https:\/\/api.w.org\/{rel}","templated":true}]}}