{"id":26138,"date":"2025-11-13T11:25:20","date_gmt":"2025-11-13T11:25:20","guid":{"rendered":"https:\/\/oboemuebles.com\/producto\/boomerang-3\/"},"modified":"2025-11-13T11:25:20","modified_gmt":"2025-11-13T11:25:20","slug":"boomerang-3","status":"publish","type":"product","link":"https:\/\/oboemuebles.com\/en\/producto\/boomerang-3\/","title":{"rendered":"BOOMERANG"},"content":{"rendered":"<p>The Boomerang armchair by &amp;Tradition is based on an original design by the duo Hvidt &amp; Molgaard from 1956.<br \/>Boomerang is a design distinguished by its relaxed, streamlined shape. A masterpiece of Danish design, it features a slender brass leg structure embedded in a hand-polished wooden frame, topped with inviting seats and backrests available in a range of fabrics. Also available with armrests, the Boomerang &amp; Tradition lounge chair is an elegant statement piece that creates a comfortable area for sitting and relaxing.  <\/p>\n","protected":false},"excerpt":{"rendered":"<p>Madera maciza, lat\u00f3n, espuma HR, guata de poli\u00e9ster, tapizada en distintos tejidos. Protectores de pl\u00e1stico de serie. <\/p>\n","protected":false},"featured_media":3718,"comment_status":"closed","ping_status":"closed","template":"","meta":{"_acf_changed":false},"product_brand":[],"product_cat":[894,890,878,872],"product_tag":[1227,1228],"class_list":{"0":"post-26138","1":"product","2":"type-product","3":"status-publish","4":"has-post-thumbnail","6":"product_cat-armchairs-malaga-marbella","7":"product_cat-modern-furniture","8":"product_cat-sign-livingroom-malaga-marbella","9":"product_cat-rooms-en","10":"product_tag-orla-molgaard-nielsen","11":"product_tag-peter-hvidt","12":"pa_diseno-orla-molgaard-nielsen","13":"pa_diseno-peter-hvidt","15":"first","16":"instock","17":"product-type-simple"},"acf":[],"_links":{"self":[{"href":"https:\/\/oboemuebles.com\/en\/wp-json\/wp\/v2\/product\/26138","targetHints":{"allow":["GET"]}}],"collection":[{"href":"https:\/\/oboemuebles.com\/en\/wp-json\/wp\/v2\/product"}],"about":[{"href":"https:\/\/oboemuebles.com\/en\/wp-json\/wp\/v2\/types\/product"}],"replies":[{"embeddable":true,"href":"https:\/\/oboemuebles.com\/en\/wp-json\/wp\/v2\/comments?post=26138"}],"wp:featuredmedia":[{"embeddable":true,"href":"https:\/\/oboemuebles.com\/en\/wp-json\/wp\/v2\/media\/3718"}],"wp:attachment":[{"href":"https:\/\/oboemuebles.com\/en\/wp-json\/wp\/v2\/media?parent=26138"}],"wp:term":[{"taxonomy":"product_brand","embeddable":true,"href":"https:\/\/oboemuebles.com\/en\/wp-json\/wp\/v2\/product_brand?post=26138"},{"taxonomy":"product_cat","embeddable":true,"href":"https:\/\/oboemuebles.com\/en\/wp-json\/wp\/v2\/product_cat?post=26138"},{"taxonomy":"product_tag","embeddable":true,"href":"https:\/\/oboemuebles.com\/en\/wp-json\/wp\/v2\/product_tag?post=26138"}],"curies":[{"name":"wp","href":"https:\/\/api.w.org\/{rel}","templated":true}]}}