{"id":26482,"date":"2025-11-13T15:51:17","date_gmt":"2025-11-13T15:51:17","guid":{"rendered":"https:\/\/oboemuebles.com\/producto\/next\/"},"modified":"2025-11-13T15:51:17","modified_gmt":"2025-11-13T15:51:17","slug":"next","status":"publish","type":"product","link":"https:\/\/oboemuebles.com\/en\/producto\/next\/","title":{"rendered":"NEXT"},"content":{"rendered":"","protected":false},"excerpt":{"rendered":"<p>Vol\u00famenes plenos y formas redondeadas caracterizan a la familia de mesas Next 232\/236. Disponibles en dos tama\u00f1os, resaltan gracias a la escult\u00f3rica base central de formas plenas, realizada en cemento con acabado craquelado, el tablero, en cambio, es de m\u00e1rmol blanco de Carrara. <\/p>\n","protected":false},"featured_media":17812,"comment_status":"closed","ping_status":"closed","template":"","meta":{"_acf_changed":false},"product_brand":[],"product_cat":[879,890,872,888],"product_tag":[938],"class_list":{"0":"post-26482","1":"product","2":"type-product","3":"status-publish","4":"has-post-thumbnail","6":"product_cat-dining-room-malaga-marbella","7":"product_cat-modern-furniture","8":"product_cat-rooms-en","9":"product_cat-tables-malaga-marbella","10":"product_tag-paola-navone","12":"first","13":"instock","14":"product-type-simple"},"acf":[],"_links":{"self":[{"href":"https:\/\/oboemuebles.com\/en\/wp-json\/wp\/v2\/product\/26482","targetHints":{"allow":["GET"]}}],"collection":[{"href":"https:\/\/oboemuebles.com\/en\/wp-json\/wp\/v2\/product"}],"about":[{"href":"https:\/\/oboemuebles.com\/en\/wp-json\/wp\/v2\/types\/product"}],"replies":[{"embeddable":true,"href":"https:\/\/oboemuebles.com\/en\/wp-json\/wp\/v2\/comments?post=26482"}],"wp:featuredmedia":[{"embeddable":true,"href":"https:\/\/oboemuebles.com\/en\/wp-json\/wp\/v2\/media\/17812"}],"wp:attachment":[{"href":"https:\/\/oboemuebles.com\/en\/wp-json\/wp\/v2\/media?parent=26482"}],"wp:term":[{"taxonomy":"product_brand","embeddable":true,"href":"https:\/\/oboemuebles.com\/en\/wp-json\/wp\/v2\/product_brand?post=26482"},{"taxonomy":"product_cat","embeddable":true,"href":"https:\/\/oboemuebles.com\/en\/wp-json\/wp\/v2\/product_cat?post=26482"},{"taxonomy":"product_tag","embeddable":true,"href":"https:\/\/oboemuebles.com\/en\/wp-json\/wp\/v2\/product_tag?post=26482"}],"curies":[{"name":"wp","href":"https:\/\/api.w.org\/{rel}","templated":true}]}}