{"id":26624,"date":"2025-11-13T15:12:14","date_gmt":"2025-11-13T15:12:14","guid":{"rendered":"https:\/\/oboemuebles.com\/producto\/asterias\/"},"modified":"2025-11-13T15:12:14","modified_gmt":"2025-11-13T15:12:14","slug":"asterias","status":"publish","type":"product","link":"https:\/\/oboemuebles.com\/en\/producto\/asterias\/","title":{"rendered":"ASTERIAS"},"content":{"rendered":"<p>Asterias, planta cact\u00e1cea originaria de las zonas monta\u00f1osas de M\u00e9xico, da el nombre a este nuevo proyecto de Patricia Urquiola. Una mesa redonda de tama\u00f1o generoso, caracterizada por una base central que recuerda el cactus del que toma el nombre. Se compone justamente de seis paneles de madera curvada, en forma de gajo, aplicados en saliente en el plinto central. Los paneles est\u00e1n realizados con la peculiar t\u00e9cnica de la impresi\u00f3n 3D. El sobre (160 o 180 cm), de borde redondeado, en versi\u00f3n en madera est\u00e1 repartido en tres gajos que plasman un interesante dise\u00f1o geom\u00e9trico. Adem\u00e1s, la mesa dispone de un accesorio pr\u00e1ctico: un plato giratorio central (Lazy Susan), muy apreciado en los pa\u00edses asi\u00e1ticos.     <\/p>\n","protected":false},"excerpt":{"rendered":"<p>WOOD FINISH: GREY OAK &#8211; GRAPHITE &#8211; EUCALYPTUS; GREY CEMENT FINISH &#8211; BLACK<\/p>\n","protected":false},"featured_media":16157,"comment_status":"closed","ping_status":"closed","template":"","meta":{"_acf_changed":false},"product_brand":[],"product_cat":[879,890,872,888],"product_tag":[931],"class_list":{"0":"post-26624","1":"product","2":"type-product","3":"status-publish","4":"has-post-thumbnail","6":"product_cat-dining-room-malaga-marbella","7":"product_cat-modern-furniture","8":"product_cat-rooms-en","9":"product_cat-tables-malaga-marbella","10":"product_tag-patricia-urquiola","12":"first","13":"instock","14":"product-type-simple"},"acf":[],"_links":{"self":[{"href":"https:\/\/oboemuebles.com\/en\/wp-json\/wp\/v2\/product\/26624","targetHints":{"allow":["GET"]}}],"collection":[{"href":"https:\/\/oboemuebles.com\/en\/wp-json\/wp\/v2\/product"}],"about":[{"href":"https:\/\/oboemuebles.com\/en\/wp-json\/wp\/v2\/types\/product"}],"replies":[{"embeddable":true,"href":"https:\/\/oboemuebles.com\/en\/wp-json\/wp\/v2\/comments?post=26624"}],"wp:featuredmedia":[{"embeddable":true,"href":"https:\/\/oboemuebles.com\/en\/wp-json\/wp\/v2\/media\/16157"}],"wp:attachment":[{"href":"https:\/\/oboemuebles.com\/en\/wp-json\/wp\/v2\/media?parent=26624"}],"wp:term":[{"taxonomy":"product_brand","embeddable":true,"href":"https:\/\/oboemuebles.com\/en\/wp-json\/wp\/v2\/product_brand?post=26624"},{"taxonomy":"product_cat","embeddable":true,"href":"https:\/\/oboemuebles.com\/en\/wp-json\/wp\/v2\/product_cat?post=26624"},{"taxonomy":"product_tag","embeddable":true,"href":"https:\/\/oboemuebles.com\/en\/wp-json\/wp\/v2\/product_tag?post=26624"}],"curies":[{"name":"wp","href":"https:\/\/api.w.org\/{rel}","templated":true}]}}