{"id":26783,"date":"2025-11-13T14:48:32","date_gmt":"2025-11-13T14:48:32","guid":{"rendered":"https:\/\/oboemuebles.com\/producto\/plate\/"},"modified":"2025-11-13T14:48:32","modified_gmt":"2025-11-13T14:48:32","slug":"plate","status":"publish","type":"product","link":"https:\/\/oboemuebles.com\/en\/producto\/plate\/","title":{"rendered":"PLATE"},"content":{"rendered":"<p>Jasper Morrison&#8217;s Plate Tables (2004) feature a successful blend of subtle contours and sharply defined edges. They can be grouped together to form various coffee table configurations. <\/p>\n","protected":false},"excerpt":{"rendered":"<p>De acuerdo con la filosof\u00eda de dise\u00f1o \u00absupernormal\u00bb de Jasper Morrison, las Plate Dining Tables se caracterizan por su forma cl\u00e1sica y sencilla y sus proporciones perfectamente equilibradas. Disponibles en varios tama\u00f1os, el atractivo de estas mesas radica en la interacci\u00f3n entre sus sutiles curvas y la nitidez de los bordes. La elegante base y el fino tablero de madera maciza de calidad superior, m\u00e1rmol o MDF con revestimiento al polvo, se combinan para formar un conjunto armonioso en el que, sin embargo, los elementos aparecen claramente diferenciados entre s\u00ed.  <\/p>\n","protected":false},"featured_media":15157,"comment_status":"closed","ping_status":"closed","template":"","meta":{"_acf_changed":false},"product_brand":[],"product_cat":[879,890,878,872,899,888],"product_tag":[946],"class_list":{"0":"post-26783","1":"product","2":"type-product","3":"status-publish","4":"has-post-thumbnail","6":"product_cat-dining-room-malaga-marbella","7":"product_cat-modern-furniture","8":"product_cat-sign-livingroom-malaga-marbella","9":"product_cat-rooms-en","10":"product_cat-side-and-coffee-tables-malaga-marbella","11":"product_cat-tables-malaga-marbella","12":"product_tag-jasper-morrison","13":"pa_diseno-jasper-morrison","15":"first","16":"instock","17":"product-type-simple"},"acf":[],"_links":{"self":[{"href":"https:\/\/oboemuebles.com\/en\/wp-json\/wp\/v2\/product\/26783","targetHints":{"allow":["GET"]}}],"collection":[{"href":"https:\/\/oboemuebles.com\/en\/wp-json\/wp\/v2\/product"}],"about":[{"href":"https:\/\/oboemuebles.com\/en\/wp-json\/wp\/v2\/types\/product"}],"replies":[{"embeddable":true,"href":"https:\/\/oboemuebles.com\/en\/wp-json\/wp\/v2\/comments?post=26783"}],"wp:featuredmedia":[{"embeddable":true,"href":"https:\/\/oboemuebles.com\/en\/wp-json\/wp\/v2\/media\/15157"}],"wp:attachment":[{"href":"https:\/\/oboemuebles.com\/en\/wp-json\/wp\/v2\/media?parent=26783"}],"wp:term":[{"taxonomy":"product_brand","embeddable":true,"href":"https:\/\/oboemuebles.com\/en\/wp-json\/wp\/v2\/product_brand?post=26783"},{"taxonomy":"product_cat","embeddable":true,"href":"https:\/\/oboemuebles.com\/en\/wp-json\/wp\/v2\/product_cat?post=26783"},{"taxonomy":"product_tag","embeddable":true,"href":"https:\/\/oboemuebles.com\/en\/wp-json\/wp\/v2\/product_tag?post=26783"}],"curies":[{"name":"wp","href":"https:\/\/api.w.org\/{rel}","templated":true}]}}