{"id":26846,"date":"2025-11-13T14:30:31","date_gmt":"2025-11-13T14:30:31","guid":{"rendered":"https:\/\/oboemuebles.com\/producto\/illum-mesa-bar\/"},"modified":"2025-11-13T14:30:31","modified_gmt":"2025-11-13T14:30:31","slug":"illum-mesa-bar","status":"publish","type":"product","link":"https:\/\/oboemuebles.com\/en\/producto\/illum-mesa-bar\/","title":{"rendered":"ILLUM MESA BAR"},"content":{"rendered":"<p>The simplest designs can be the most satisfying. The Illum bar table makes a subtle style statement and creates the perfect ambiance for al fresco dining, especially when paired with our CTR bar stools. <\/p>\n","protected":false},"excerpt":{"rendered":"<p>Las l\u00edneas suavemente curvadas de la delgada estructura de aluminio parecen m\u00e1s talladas que moldeadas. La parte superior se puede pedir en teca o en una gran variedad de acabados cer\u00e1micos de color. <\/p>\n","protected":false},"featured_media":14114,"comment_status":"closed","ping_status":"closed","template":"","meta":{"_acf_changed":false},"product_brand":[],"product_cat":[890,920,872,888],"product_tag":[1253,1254],"class_list":{"0":"post-26846","1":"product","2":"type-product","3":"status-publish","4":"has-post-thumbnail","6":"product_cat-modern-furniture","7":"product_cat-design-outdoor-malaga-marbella-2","8":"product_cat-rooms-en","9":"product_cat-tables-malaga-marbella","10":"product_tag-marc-merckx","11":"product_tag-pieter-maes","12":"pa_diseno-marc-merckx","13":"pa_diseno-pieter-maes","15":"first","16":"instock","17":"product-type-simple"},"acf":[],"_links":{"self":[{"href":"https:\/\/oboemuebles.com\/en\/wp-json\/wp\/v2\/product\/26846","targetHints":{"allow":["GET"]}}],"collection":[{"href":"https:\/\/oboemuebles.com\/en\/wp-json\/wp\/v2\/product"}],"about":[{"href":"https:\/\/oboemuebles.com\/en\/wp-json\/wp\/v2\/types\/product"}],"replies":[{"embeddable":true,"href":"https:\/\/oboemuebles.com\/en\/wp-json\/wp\/v2\/comments?post=26846"}],"wp:featuredmedia":[{"embeddable":true,"href":"https:\/\/oboemuebles.com\/en\/wp-json\/wp\/v2\/media\/14114"}],"wp:attachment":[{"href":"https:\/\/oboemuebles.com\/en\/wp-json\/wp\/v2\/media?parent=26846"}],"wp:term":[{"taxonomy":"product_brand","embeddable":true,"href":"https:\/\/oboemuebles.com\/en\/wp-json\/wp\/v2\/product_brand?post=26846"},{"taxonomy":"product_cat","embeddable":true,"href":"https:\/\/oboemuebles.com\/en\/wp-json\/wp\/v2\/product_cat?post=26846"},{"taxonomy":"product_tag","embeddable":true,"href":"https:\/\/oboemuebles.com\/en\/wp-json\/wp\/v2\/product_tag?post=26846"}],"curies":[{"name":"wp","href":"https:\/\/api.w.org\/{rel}","templated":true}]}}