{"id":26861,"date":"2025-11-13T14:27:59","date_gmt":"2025-11-13T14:27:59","guid":{"rendered":"https:\/\/oboemuebles.com\/producto\/t-table-coffee-table\/"},"modified":"2025-11-13T14:27:59","modified_gmt":"2025-11-13T14:27:59","slug":"t-table-coffee-table","status":"publish","type":"product","link":"https:\/\/oboemuebles.com\/en\/producto\/t-table-coffee-table\/","title":{"rendered":"T-TABLE COFFEE TABLE"},"content":{"rendered":"","protected":false},"excerpt":{"rendered":"<p>The elegant T-Table, with its refined proportions and sophisticated materials, evokes dreams of a glamorous Dolce Vita. The glazed lava stone tabletop reflects the sky and evokes the gently rippling surface of water. No two tabletops are alike due to the natural imperfections of the lava stone, which displays a subtle crackled effect.  <\/p>\n<p>La capa de esmalte hace que la mesa sea resistente al agua, al calor, al hielo, a los rayos UV y a las manchas. Esta mesa atemporal est\u00e1 disponible en varias alturas y tama\u00f1os y combina muy bien con diversos dise\u00f1os de la colecci\u00f3n de Trib\u00f9. <\/p>\n","protected":false},"featured_media":14305,"comment_status":"closed","ping_status":"closed","template":"","meta":{"_acf_changed":false},"product_brand":[],"product_cat":[890,920,872,899,888],"product_tag":[1253,1254],"class_list":{"0":"post-26861","1":"product","2":"type-product","3":"status-publish","4":"has-post-thumbnail","6":"product_cat-modern-furniture","7":"product_cat-design-outdoor-malaga-marbella-2","8":"product_cat-rooms-en","9":"product_cat-side-and-coffee-tables-malaga-marbella","10":"product_cat-tables-malaga-marbella","11":"product_tag-marc-merckx","12":"product_tag-pieter-maes","13":"pa_diseno-marc-merckx","14":"pa_diseno-pieter-maes","16":"first","17":"instock","18":"product-type-simple"},"acf":[],"_links":{"self":[{"href":"https:\/\/oboemuebles.com\/en\/wp-json\/wp\/v2\/product\/26861","targetHints":{"allow":["GET"]}}],"collection":[{"href":"https:\/\/oboemuebles.com\/en\/wp-json\/wp\/v2\/product"}],"about":[{"href":"https:\/\/oboemuebles.com\/en\/wp-json\/wp\/v2\/types\/product"}],"replies":[{"embeddable":true,"href":"https:\/\/oboemuebles.com\/en\/wp-json\/wp\/v2\/comments?post=26861"}],"wp:featuredmedia":[{"embeddable":true,"href":"https:\/\/oboemuebles.com\/en\/wp-json\/wp\/v2\/media\/14305"}],"wp:attachment":[{"href":"https:\/\/oboemuebles.com\/en\/wp-json\/wp\/v2\/media?parent=26861"}],"wp:term":[{"taxonomy":"product_brand","embeddable":true,"href":"https:\/\/oboemuebles.com\/en\/wp-json\/wp\/v2\/product_brand?post=26861"},{"taxonomy":"product_cat","embeddable":true,"href":"https:\/\/oboemuebles.com\/en\/wp-json\/wp\/v2\/product_cat?post=26861"},{"taxonomy":"product_tag","embeddable":true,"href":"https:\/\/oboemuebles.com\/en\/wp-json\/wp\/v2\/product_tag?post=26861"}],"curies":[{"name":"wp","href":"https:\/\/api.w.org\/{rel}","templated":true}]}}