{"id":28305,"date":"2025-11-13T15:24:07","date_gmt":"2025-11-13T15:24:07","guid":{"rendered":"https:\/\/oboemuebles.com\/producto\/tray-table-2\/"},"modified":"2025-11-13T15:24:07","modified_gmt":"2025-11-13T15:24:07","slug":"tray-table-2","status":"publish","type":"product","link":"https:\/\/oboemuebles.com\/en\/producto\/tray-table-2\/","title":{"rendered":"TRAY TABLE"},"content":{"rendered":"<p>La colecci\u00f3n de mesas auxiliares de Notre Monde, se mueve entre la curiosidad por la vida y los viajes alrededor del mundo, la recopilaci\u00f3n de im\u00e1genes y sensaciones, dan lugar a productos y accesorios sin limitaciones. Sus m\u00faltiples inspiraciones han dado lugar a composiciones pict\u00f3ricas extremadamente ricas, basadas en patrones abstractos, complejos y modernos, organizados en combinaciones y capas sucesivas que interact\u00faan con materiales, colores, texturas y acabados. <\/p>\n","protected":false},"excerpt":{"rendered":"<p>La mesa de bandejas es una de nuestras piezas m\u00e1s vers\u00e1tiles: si bien cumple su funci\u00f3n de mesa auxiliar, su capacidad para adoptar diferentes bandejas le permite mezclar o combinar varios colores y patrones, creando una pieza adaptada a la personalidad y exclusivamente suya. Por supuesto, el conjunto de mesas nidos genera el doble de diversi\u00f3n y creatividad. <\/p>\n","protected":false},"featured_media":16610,"comment_status":"closed","ping_status":"closed","template":"","meta":{"_acf_changed":false},"product_brand":[],"product_cat":[890,878,872,899],"product_tag":[],"class_list":{"0":"post-28305","1":"product","2":"type-product","3":"status-publish","4":"has-post-thumbnail","6":"product_cat-modern-furniture","7":"product_cat-sign-livingroom-malaga-marbella","8":"product_cat-rooms-en","9":"product_cat-side-and-coffee-tables-malaga-marbella","11":"first","12":"instock","13":"product-type-simple"},"acf":[],"_links":{"self":[{"href":"https:\/\/oboemuebles.com\/en\/wp-json\/wp\/v2\/product\/28305","targetHints":{"allow":["GET"]}}],"collection":[{"href":"https:\/\/oboemuebles.com\/en\/wp-json\/wp\/v2\/product"}],"about":[{"href":"https:\/\/oboemuebles.com\/en\/wp-json\/wp\/v2\/types\/product"}],"replies":[{"embeddable":true,"href":"https:\/\/oboemuebles.com\/en\/wp-json\/wp\/v2\/comments?post=28305"}],"wp:featuredmedia":[{"embeddable":true,"href":"https:\/\/oboemuebles.com\/en\/wp-json\/wp\/v2\/media\/16610"}],"wp:attachment":[{"href":"https:\/\/oboemuebles.com\/en\/wp-json\/wp\/v2\/media?parent=28305"}],"wp:term":[{"taxonomy":"product_brand","embeddable":true,"href":"https:\/\/oboemuebles.com\/en\/wp-json\/wp\/v2\/product_brand?post=28305"},{"taxonomy":"product_cat","embeddable":true,"href":"https:\/\/oboemuebles.com\/en\/wp-json\/wp\/v2\/product_cat?post=28305"},{"taxonomy":"product_tag","embeddable":true,"href":"https:\/\/oboemuebles.com\/en\/wp-json\/wp\/v2\/product_tag?post=28305"}],"curies":[{"name":"wp","href":"https:\/\/api.w.org\/{rel}","templated":true}]}}