{"id":28357,"date":"2025-11-13T15:24:07","date_gmt":"2025-11-13T15:24:07","guid":{"rendered":"https:\/\/oboemuebles.com\/producto\/tripod\/"},"modified":"2026-05-08T12:30:08","modified_gmt":"2026-05-08T12:30:08","slug":"tripod","status":"publish","type":"product","link":"https:\/\/oboemuebles.com\/en\/furniture-design-decoration-malaga-marbella\/tripod\/","title":{"rendered":"TRIPOD"},"content":{"rendered":"<p>Wood has always been the primary material for the Ethnicraft brand; however, the company is deeply committed to the environmental impact of its industry and considers all fundamental aspects:<br \/>\nThe origin of the wood, which comes from controlled plantations, the energy used in production, the distribution process, the treatment of the products, and waste reduction\u2014all in an effort to be as environmentally friendly as possible.<\/p>\n","protected":false},"excerpt":{"rendered":"<p>La mesa auxiliar Tripod es una pieza ligera y vers\u00e1til que se puede usar sola o en un grupo de varias mesas. Se puede mover f\u00e1cilmente de una habitaci\u00f3n a otra, al lado de un sill\u00f3n o un sof\u00e1, o incluso como una mesita de noche. Disponible en roble macizo, teca, nogal y te\u00f1ida en negro.  <\/p>\n","protected":false},"featured_media":28358,"comment_status":"closed","ping_status":"closed","template":"","meta":{"_acf_changed":false},"product_brand":[1634],"product_cat":[889,897,890,878,872,899],"product_tag":[],"class_list":{"0":"post-28357","1":"product","2":"type-product","3":"status-publish","4":"has-post-thumbnail","6":"product_brand-ethnicraft","7":"product_cat-design-bedroom-malaga-marbella","8":"product_cat-drawers-and-side-tables-malaga-marbella","9":"product_cat-modern-furniture","10":"product_cat-sign-livingroom-malaga-marbella","11":"product_cat-rooms-en","12":"product_cat-side-and-coffee-tables-malaga-marbella","14":"first","15":"instock","16":"product-type-simple"},"acf":[],"yoast_head":"<!-- This site is optimized with the Yoast SEO plugin v27.5 - https:\/\/yoast.com\/product\/yoast-seo-wordpress\/ -->\n<title>TRIPOD - Oboe Muebles - Tienda de muebles en M\u00e1laga y Marbella<\/title>\n<meta name=\"robots\" content=\"index, follow, max-snippet:-1, max-image-preview:large, max-video-preview:-1\" \/>\n<link rel=\"canonical\" href=\"https:\/\/oboemuebles.com\/en\/furniture-design-decoration-malaga-marbella\/tripod\/\" \/>\n<meta property=\"og:locale\" content=\"en_US\" \/>\n<meta property=\"og:type\" content=\"article\" \/>\n<meta property=\"og:title\" content=\"TRIPOD - Oboe Muebles - Tienda de muebles en M\u00e1laga y Marbella\" \/>\n<meta property=\"og:description\" content=\"La mesa auxiliar Tripod es una pieza ligera y vers\u00e1til que se puede usar sola o en un grupo de varias mesas. Se puede mover f\u00e1cilmente de una habitaci\u00f3n a otra, al lado de un sill\u00f3n o un sof\u00e1, o incluso como una mesita de noche. Disponible en roble macizo, teca, nogal y te\u00f1ida en negro.\" \/>\n<meta property=\"og:url\" content=\"https:\/\/oboemuebles.com\/en\/furniture-design-decoration-malaga-marbella\/tripod\/\" \/>\n<meta property=\"og:site_name\" content=\"Oboe Muebles - Tienda de muebles en M\u00e1laga y Marbella\" \/>\n<meta property=\"article:modified_time\" content=\"2026-05-08T12:30:08+00:00\" \/>\n<meta property=\"og:image\" content=\"https:\/\/oboemuebles.com\/wp-content\/uploads\/2025\/11\/tripod-mesita-ethnicraft-1.webp\" \/>\n\t<meta property=\"og:image:width\" content=\"900\" \/>\n\t<meta property=\"og:image:height\" content=\"900\" \/>\n\t<meta property=\"og:image:type\" content=\"image\/webp\" \/>\n<meta name=\"twitter:card\" content=\"summary_large_image\" \/>\n<script type=\"application\/ld+json\" class=\"yoast-schema-graph\">{\"@context\":\"https:\\\/\\\/schema.org\",\"@graph\":[{\"@type\":\"WebPage\",\"@id\":\"https:\\\/\\\/oboemuebles.com\\\/en\\\/furniture-design-decoration-malaga-marbella\\\/tripod\\\/\",\"url\":\"https:\\\/\\\/oboemuebles.com\\\/en\\\/furniture-design-decoration-malaga-marbella\\\/tripod\\\/\",\"name\":\"TRIPOD - Oboe Muebles - Tienda de muebles en M\u00e1laga y Marbella\",\"isPartOf\":{\"@id\":\"https:\\\/\\\/oboemuebles.com\\\/en\\\/#website\"},\"primaryImageOfPage\":{\"@id\":\"https:\\\/\\\/oboemuebles.com\\\/en\\\/furniture-design-decoration-malaga-marbella\\\/tripod\\\/#primaryimage\"},\"image\":{\"@id\":\"https:\\\/\\\/oboemuebles.com\\\/en\\\/furniture-design-decoration-malaga-marbella\\\/tripod\\\/#primaryimage\"},\"thumbnailUrl\":\"https:\\\/\\\/oboemuebles.com\\\/wp-content\\\/uploads\\\/2025\\\/11\\\/tripod-mesita-ethnicraft-1.webp\",\"datePublished\":\"2025-11-13T15:24:07+00:00\",\"dateModified\":\"2026-05-08T12:30:08+00:00\",\"breadcrumb\":{\"@id\":\"https:\\\/\\\/oboemuebles.com\\\/en\\\/furniture-design-decoration-malaga-marbella\\\/tripod\\\/#breadcrumb\"},\"inLanguage\":\"en-US\",\"potentialAction\":[{\"@type\":\"ReadAction\",\"target\":[\"https:\\\/\\\/oboemuebles.com\\\/en\\\/furniture-design-decoration-malaga-marbella\\\/tripod\\\/\"]}]},{\"@type\":\"ImageObject\",\"inLanguage\":\"en-US\",\"@id\":\"https:\\\/\\\/oboemuebles.com\\\/en\\\/furniture-design-decoration-malaga-marbella\\\/tripod\\\/#primaryimage\",\"url\":\"https:\\\/\\\/oboemuebles.com\\\/wp-content\\\/uploads\\\/2025\\\/11\\\/tripod-mesita-ethnicraft-1.webp\",\"contentUrl\":\"https:\\\/\\\/oboemuebles.com\\\/wp-content\\\/uploads\\\/2025\\\/11\\\/tripod-mesita-ethnicraft-1.webp\",\"width\":900,\"height\":900},{\"@type\":\"BreadcrumbList\",\"@id\":\"https:\\\/\\\/oboemuebles.com\\\/en\\\/furniture-design-decoration-malaga-marbella\\\/tripod\\\/#breadcrumb\",\"itemListElement\":[{\"@type\":\"ListItem\",\"position\":1,\"name\":\"Portada\",\"item\":\"https:\\\/\\\/oboemuebles.com\\\/en\\\/home\\\/\"},{\"@type\":\"ListItem\",\"position\":2,\"name\":\"Shop\",\"item\":\"https:\\\/\\\/oboemuebles.com\\\/en\\\/shop\\\/\"},{\"@type\":\"ListItem\",\"position\":3,\"name\":\"TRIPOD\"}]},{\"@type\":\"WebSite\",\"@id\":\"https:\\\/\\\/oboemuebles.com\\\/en\\\/#website\",\"url\":\"https:\\\/\\\/oboemuebles.com\\\/en\\\/\",\"name\":\"Oboe Muebles - Tienda de muebles en M\u00e1laga y Marbella\",\"description\":\"Oboe Muebles - Tienda de muebles en M\u00e1laga y Marbella\",\"potentialAction\":[{\"@type\":\"SearchAction\",\"target\":{\"@type\":\"EntryPoint\",\"urlTemplate\":\"https:\\\/\\\/oboemuebles.com\\\/en\\\/?s={search_term_string}\"},\"query-input\":{\"@type\":\"PropertyValueSpecification\",\"valueRequired\":true,\"valueName\":\"search_term_string\"}}],\"inLanguage\":\"en-US\"}]}<\/script>\n<!-- \/ Yoast SEO plugin. -->","yoast_head_json":{"title":"TRIPOD - Oboe Muebles - Tienda de muebles en M\u00e1laga y Marbella","robots":{"index":"index","follow":"follow","max-snippet":"max-snippet:-1","max-image-preview":"max-image-preview:large","max-video-preview":"max-video-preview:-1"},"canonical":"https:\/\/oboemuebles.com\/en\/furniture-design-decoration-malaga-marbella\/tripod\/","og_locale":"en_US","og_type":"article","og_title":"TRIPOD - Oboe Muebles - Tienda de muebles en M\u00e1laga y Marbella","og_description":"La mesa auxiliar Tripod es una pieza ligera y vers\u00e1til que se puede usar sola o en un grupo de varias mesas. Se puede mover f\u00e1cilmente de una habitaci\u00f3n a otra, al lado de un sill\u00f3n o un sof\u00e1, o incluso como una mesita de noche. Disponible en roble macizo, teca, nogal y te\u00f1ida en negro.","og_url":"https:\/\/oboemuebles.com\/en\/furniture-design-decoration-malaga-marbella\/tripod\/","og_site_name":"Oboe Muebles - Tienda de muebles en M\u00e1laga y Marbella","article_modified_time":"2026-05-08T12:30:08+00:00","og_image":[{"width":900,"height":900,"url":"https:\/\/oboemuebles.com\/wp-content\/uploads\/2025\/11\/tripod-mesita-ethnicraft-1.webp","type":"image\/webp"}],"twitter_card":"summary_large_image","schema":{"@context":"https:\/\/schema.org","@graph":[{"@type":"WebPage","@id":"https:\/\/oboemuebles.com\/en\/furniture-design-decoration-malaga-marbella\/tripod\/","url":"https:\/\/oboemuebles.com\/en\/furniture-design-decoration-malaga-marbella\/tripod\/","name":"TRIPOD - Oboe Muebles - Tienda de muebles en M\u00e1laga y Marbella","isPartOf":{"@id":"https:\/\/oboemuebles.com\/en\/#website"},"primaryImageOfPage":{"@id":"https:\/\/oboemuebles.com\/en\/furniture-design-decoration-malaga-marbella\/tripod\/#primaryimage"},"image":{"@id":"https:\/\/oboemuebles.com\/en\/furniture-design-decoration-malaga-marbella\/tripod\/#primaryimage"},"thumbnailUrl":"https:\/\/oboemuebles.com\/wp-content\/uploads\/2025\/11\/tripod-mesita-ethnicraft-1.webp","datePublished":"2025-11-13T15:24:07+00:00","dateModified":"2026-05-08T12:30:08+00:00","breadcrumb":{"@id":"https:\/\/oboemuebles.com\/en\/furniture-design-decoration-malaga-marbella\/tripod\/#breadcrumb"},"inLanguage":"en-US","potentialAction":[{"@type":"ReadAction","target":["https:\/\/oboemuebles.com\/en\/furniture-design-decoration-malaga-marbella\/tripod\/"]}]},{"@type":"ImageObject","inLanguage":"en-US","@id":"https:\/\/oboemuebles.com\/en\/furniture-design-decoration-malaga-marbella\/tripod\/#primaryimage","url":"https:\/\/oboemuebles.com\/wp-content\/uploads\/2025\/11\/tripod-mesita-ethnicraft-1.webp","contentUrl":"https:\/\/oboemuebles.com\/wp-content\/uploads\/2025\/11\/tripod-mesita-ethnicraft-1.webp","width":900,"height":900},{"@type":"BreadcrumbList","@id":"https:\/\/oboemuebles.com\/en\/furniture-design-decoration-malaga-marbella\/tripod\/#breadcrumb","itemListElement":[{"@type":"ListItem","position":1,"name":"Portada","item":"https:\/\/oboemuebles.com\/en\/home\/"},{"@type":"ListItem","position":2,"name":"Shop","item":"https:\/\/oboemuebles.com\/en\/shop\/"},{"@type":"ListItem","position":3,"name":"TRIPOD"}]},{"@type":"WebSite","@id":"https:\/\/oboemuebles.com\/en\/#website","url":"https:\/\/oboemuebles.com\/en\/","name":"Oboe Muebles - Tienda de muebles en M\u00e1laga y Marbella","description":"Oboe Muebles - Tienda de muebles en M\u00e1laga y Marbella","potentialAction":[{"@type":"SearchAction","target":{"@type":"EntryPoint","urlTemplate":"https:\/\/oboemuebles.com\/en\/?s={search_term_string}"},"query-input":{"@type":"PropertyValueSpecification","valueRequired":true,"valueName":"search_term_string"}}],"inLanguage":"en-US"}]}},"_links":{"self":[{"href":"https:\/\/oboemuebles.com\/en\/wp-json\/wp\/v2\/product\/28357","targetHints":{"allow":["GET"]}}],"collection":[{"href":"https:\/\/oboemuebles.com\/en\/wp-json\/wp\/v2\/product"}],"about":[{"href":"https:\/\/oboemuebles.com\/en\/wp-json\/wp\/v2\/types\/product"}],"replies":[{"embeddable":true,"href":"https:\/\/oboemuebles.com\/en\/wp-json\/wp\/v2\/comments?post=28357"}],"wp:featuredmedia":[{"embeddable":true,"href":"https:\/\/oboemuebles.com\/en\/wp-json\/wp\/v2\/media\/28358"}],"wp:attachment":[{"href":"https:\/\/oboemuebles.com\/en\/wp-json\/wp\/v2\/media?parent=28357"}],"wp:term":[{"taxonomy":"product_brand","embeddable":true,"href":"https:\/\/oboemuebles.com\/en\/wp-json\/wp\/v2\/product_brand?post=28357"},{"taxonomy":"product_cat","embeddable":true,"href":"https:\/\/oboemuebles.com\/en\/wp-json\/wp\/v2\/product_cat?post=28357"},{"taxonomy":"product_tag","embeddable":true,"href":"https:\/\/oboemuebles.com\/en\/wp-json\/wp\/v2\/product_tag?post=28357"}],"curies":[{"name":"wp","href":"https:\/\/api.w.org\/{rel}","templated":true}]}}