{"id":28383,"date":"2025-11-13T15:21:21","date_gmt":"2025-11-13T15:21:21","guid":{"rendered":"https:\/\/oboemuebles.com\/producto\/stone\/"},"modified":"2026-04-16T09:50:56","modified_gmt":"2026-04-16T09:50:56","slug":"stone","status":"publish","type":"product","link":"https:\/\/oboemuebles.com\/en\/producto\/stone\/","title":{"rendered":"STONE"},"content":{"rendered":"","protected":false},"excerpt":{"rendered":"<p>Una mezcla uniforme de elementos contempor\u00e1neos y glamorosos, esta mesa de centro de l\u00edneas limpias aporta un toque de estilo elegante a cualquier habitaci\u00f3n. Con su moderno marco de metal abierto y su m\u00e1rmol pr\u00edstino, que sirve como un gui\u00f1o a los dise\u00f1os cl\u00e1sicos, la mesa de centro Stone es una pieza central en todos los sentidos de la palabra. Dise\u00f1ado por Djordje Cukanovic.  <\/p>\n","protected":false},"featured_media":16574,"comment_status":"closed","ping_status":"closed","template":"","meta":{"_acf_changed":false},"product_brand":[],"product_cat":[890,878,872,899],"product_tag":[1137],"class_list":{"0":"post-28383","1":"product","2":"type-product","3":"status-publish","4":"has-post-thumbnail","6":"product_cat-modern-furniture","7":"product_cat-sign-livingroom-malaga-marbella","8":"product_cat-rooms-en","9":"product_cat-side-and-coffee-tables-malaga-marbella","10":"product_tag-djordje-cukanovic","12":"first","13":"instock","14":"product-type-simple"},"acf":[],"_links":{"self":[{"href":"https:\/\/oboemuebles.com\/en\/wp-json\/wp\/v2\/product\/28383","targetHints":{"allow":["GET"]}}],"collection":[{"href":"https:\/\/oboemuebles.com\/en\/wp-json\/wp\/v2\/product"}],"about":[{"href":"https:\/\/oboemuebles.com\/en\/wp-json\/wp\/v2\/types\/product"}],"replies":[{"embeddable":true,"href":"https:\/\/oboemuebles.com\/en\/wp-json\/wp\/v2\/comments?post=28383"}],"wp:featuredmedia":[{"embeddable":true,"href":"https:\/\/oboemuebles.com\/en\/wp-json\/wp\/v2\/media\/16574"}],"wp:attachment":[{"href":"https:\/\/oboemuebles.com\/en\/wp-json\/wp\/v2\/media?parent=28383"}],"wp:term":[{"taxonomy":"product_brand","embeddable":true,"href":"https:\/\/oboemuebles.com\/en\/wp-json\/wp\/v2\/product_brand?post=28383"},{"taxonomy":"product_cat","embeddable":true,"href":"https:\/\/oboemuebles.com\/en\/wp-json\/wp\/v2\/product_cat?post=28383"},{"taxonomy":"product_tag","embeddable":true,"href":"https:\/\/oboemuebles.com\/en\/wp-json\/wp\/v2\/product_tag?post=28383"}],"curies":[{"name":"wp","href":"https:\/\/api.w.org\/{rel}","templated":true}]}}