{"id":28400,"date":"2025-11-13T15:15:00","date_gmt":"2025-11-13T15:15:00","guid":{"rendered":"https:\/\/oboemuebles.com\/producto\/vicino-table\/"},"modified":"2025-11-13T15:15:00","modified_gmt":"2025-11-13T15:15:00","slug":"vicino-table","status":"publish","type":"product","link":"https:\/\/oboemuebles.com\/en\/producto\/vicino-table\/","title":{"rendered":"VICINO TABLE"},"content":{"rendered":"<p>Como en todos los proyectos de Foster+Partners, el componente tecnol\u00f3gico resulta imprescindible para su desarrollo. La idea de partida es una mesita que, a trav\u00e9s del movimiento de las superficies, sirva no s\u00f3lo para apoyar objetos sino tambi\u00e9n para su desplazamiento, trayendo en primer plano lo que sirve. La estructura, realizada en acero, esconde un mecanismo sofisticado de traslaci\u00f3n de los sobres de m\u00e1rmol, muy finos pero estructuralmente muy eficaces.  <\/p>\n","protected":false},"excerpt":{"rendered":"<p>Top disponible en m\u00e1rmol &#8211; negro marquina, Rojo laguna, Carrara blanco &#8211; Top en Madera &#8211; Eucalipto, Roble Grafito &#8211; con estructura en peltro. Medida 40x50H <\/p>\n","protected":false},"featured_media":16305,"comment_status":"closed","ping_status":"closed","template":"","meta":{"_acf_changed":false},"product_brand":[],"product_cat":[890,878,872,899],"product_tag":[1246],"class_list":{"0":"post-28400","1":"product","2":"type-product","3":"status-publish","4":"has-post-thumbnail","6":"product_cat-modern-furniture","7":"product_cat-sign-livingroom-malaga-marbella","8":"product_cat-rooms-en","9":"product_cat-side-and-coffee-tables-malaga-marbella","10":"product_tag-foster-partners","12":"first","13":"instock","14":"product-type-simple"},"acf":[],"_links":{"self":[{"href":"https:\/\/oboemuebles.com\/en\/wp-json\/wp\/v2\/product\/28400","targetHints":{"allow":["GET"]}}],"collection":[{"href":"https:\/\/oboemuebles.com\/en\/wp-json\/wp\/v2\/product"}],"about":[{"href":"https:\/\/oboemuebles.com\/en\/wp-json\/wp\/v2\/types\/product"}],"replies":[{"embeddable":true,"href":"https:\/\/oboemuebles.com\/en\/wp-json\/wp\/v2\/comments?post=28400"}],"wp:featuredmedia":[{"embeddable":true,"href":"https:\/\/oboemuebles.com\/en\/wp-json\/wp\/v2\/media\/16305"}],"wp:attachment":[{"href":"https:\/\/oboemuebles.com\/en\/wp-json\/wp\/v2\/media?parent=28400"}],"wp:term":[{"taxonomy":"product_brand","embeddable":true,"href":"https:\/\/oboemuebles.com\/en\/wp-json\/wp\/v2\/product_brand?post=28400"},{"taxonomy":"product_cat","embeddable":true,"href":"https:\/\/oboemuebles.com\/en\/wp-json\/wp\/v2\/product_cat?post=28400"},{"taxonomy":"product_tag","embeddable":true,"href":"https:\/\/oboemuebles.com\/en\/wp-json\/wp\/v2\/product_tag?post=28400"}],"curies":[{"name":"wp","href":"https:\/\/api.w.org\/{rel}","templated":true}]}}