{"id":28407,"date":"2025-11-13T15:15:00","date_gmt":"2025-11-13T15:15:00","guid":{"rendered":"https:\/\/oboemuebles.com\/producto\/when\/"},"modified":"2025-11-13T15:15:00","modified_gmt":"2025-11-13T15:15:00","slug":"when","status":"publish","type":"product","link":"https:\/\/oboemuebles.com\/en\/producto\/when\/","title":{"rendered":"WHEN"},"content":{"rendered":"<p>Complementos de decoraci\u00f3n de madera que pueden incorporarse a la zona de d\u00eda o la de noche, gracias al dise\u00f1o de la estructura que retoma las l\u00edneas de la cama Wish y las sillas Who. La serie When, mesitas de madera de sobre redondo doble que se diferencian por altura y di\u00e1metro, est\u00e1 disponible en diferentes acabados: madera, cristal y m\u00e1rmol. El sobre de las mesitas siempre es en madera taraceada y puede combinarse con un sobre inferior en cristal tintado, m\u00e1rmol o de la misma madera.  <\/p>\n","protected":false},"excerpt":{"rendered":"<p>Structure and top in wood &#8211; eucalyptus, grey oak, graphite oak, black oak &#8211; lower shelf marble finish &#8211; carrara white, emperador, marquina black.<\/p>\n","protected":false},"featured_media":16312,"comment_status":"closed","ping_status":"closed","template":"","meta":{"_acf_changed":false},"product_brand":[],"product_cat":[890,878,872,899],"product_tag":[1326],"class_list":{"0":"post-28407","1":"product","2":"type-product","3":"status-publish","4":"has-post-thumbnail","6":"product_cat-modern-furniture","7":"product_cat-sign-livingroom-malaga-marbella","8":"product_cat-rooms-en","9":"product_cat-side-and-coffee-tables-malaga-marbella","10":"product_tag-rodolfo-dordorni","12":"first","13":"instock","14":"product-type-simple"},"acf":[],"_links":{"self":[{"href":"https:\/\/oboemuebles.com\/en\/wp-json\/wp\/v2\/product\/28407","targetHints":{"allow":["GET"]}}],"collection":[{"href":"https:\/\/oboemuebles.com\/en\/wp-json\/wp\/v2\/product"}],"about":[{"href":"https:\/\/oboemuebles.com\/en\/wp-json\/wp\/v2\/types\/product"}],"replies":[{"embeddable":true,"href":"https:\/\/oboemuebles.com\/en\/wp-json\/wp\/v2\/comments?post=28407"}],"wp:featuredmedia":[{"embeddable":true,"href":"https:\/\/oboemuebles.com\/en\/wp-json\/wp\/v2\/media\/16312"}],"wp:attachment":[{"href":"https:\/\/oboemuebles.com\/en\/wp-json\/wp\/v2\/media?parent=28407"}],"wp:term":[{"taxonomy":"product_brand","embeddable":true,"href":"https:\/\/oboemuebles.com\/en\/wp-json\/wp\/v2\/product_brand?post=28407"},{"taxonomy":"product_cat","embeddable":true,"href":"https:\/\/oboemuebles.com\/en\/wp-json\/wp\/v2\/product_cat?post=28407"},{"taxonomy":"product_tag","embeddable":true,"href":"https:\/\/oboemuebles.com\/en\/wp-json\/wp\/v2\/product_tag?post=28407"}],"curies":[{"name":"wp","href":"https:\/\/api.w.org\/{rel}","templated":true}]}}