{"id":28419,"date":"2025-11-13T15:01:08","date_gmt":"2025-11-13T15:01:08","guid":{"rendered":"https:\/\/oboemuebles.com\/producto\/taky\/"},"modified":"2025-11-13T15:01:08","modified_gmt":"2025-11-13T15:01:08","slug":"taky","status":"publish","type":"product","link":"https:\/\/oboemuebles.com\/en\/producto\/taky\/","title":{"rendered":"TAKY"},"content":{"rendered":"","protected":false},"excerpt":{"rendered":"<p>Coffee table made of extra-light bent glass, smoked or lacquered, single or two-tone.<\/p>\n<p>Del h\u00e1bil proceso de doblado de vidrio surge una mesa auxiliar que combina el encanto de la artesan\u00eda tradicional con la elegancia del dise\u00f1o contempor\u00e1neo. Disponible en diferentes acabados, aporta armon\u00eda en cada entorno y cumple cada necesidad. <\/p>\n","protected":false},"featured_media":15632,"comment_status":"closed","ping_status":"closed","template":"","meta":{"_acf_changed":false},"product_brand":[],"product_cat":[890,878,872,899],"product_tag":[1250],"class_list":{"0":"post-28419","1":"product","2":"type-product","3":"status-publish","4":"has-post-thumbnail","6":"product_cat-modern-furniture","7":"product_cat-sign-livingroom-malaga-marbella","8":"product_cat-rooms-en","9":"product_cat-side-and-coffee-tables-malaga-marbella","10":"product_tag-studio-sovet","11":"pa_diseno-studio-sovet","13":"first","14":"instock","15":"product-type-simple"},"acf":[],"_links":{"self":[{"href":"https:\/\/oboemuebles.com\/en\/wp-json\/wp\/v2\/product\/28419","targetHints":{"allow":["GET"]}}],"collection":[{"href":"https:\/\/oboemuebles.com\/en\/wp-json\/wp\/v2\/product"}],"about":[{"href":"https:\/\/oboemuebles.com\/en\/wp-json\/wp\/v2\/types\/product"}],"replies":[{"embeddable":true,"href":"https:\/\/oboemuebles.com\/en\/wp-json\/wp\/v2\/comments?post=28419"}],"wp:featuredmedia":[{"embeddable":true,"href":"https:\/\/oboemuebles.com\/en\/wp-json\/wp\/v2\/media\/15632"}],"wp:attachment":[{"href":"https:\/\/oboemuebles.com\/en\/wp-json\/wp\/v2\/media?parent=28419"}],"wp:term":[{"taxonomy":"product_brand","embeddable":true,"href":"https:\/\/oboemuebles.com\/en\/wp-json\/wp\/v2\/product_brand?post=28419"},{"taxonomy":"product_cat","embeddable":true,"href":"https:\/\/oboemuebles.com\/en\/wp-json\/wp\/v2\/product_cat?post=28419"},{"taxonomy":"product_tag","embeddable":true,"href":"https:\/\/oboemuebles.com\/en\/wp-json\/wp\/v2\/product_tag?post=28419"}],"curies":[{"name":"wp","href":"https:\/\/api.w.org\/{rel}","templated":true}]}}