{"id":28585,"date":"2025-11-13T14:45:27","date_gmt":"2025-11-13T14:45:27","guid":{"rendered":"https:\/\/oboemuebles.com\/producto\/eames-coffee-table\/"},"modified":"2025-11-13T14:45:27","modified_gmt":"2025-11-13T14:45:27","slug":"eames-coffee-table","status":"publish","type":"product","link":"https:\/\/oboemuebles.com\/en\/furniture-design-decoration-malaga-marbella\/eames-coffee-table\/","title":{"rendered":"EAMES COFFEE TABLE"},"content":{"rendered":"<p>The premium tabletops of the Eames Coffee Table by Charles and Ray Eames are available in rectangular or square versions in rosewood veneer, marble, or solid American walnut. The wooden legs accentuate the understated elegance of this refined coffee table. <\/p>\n","protected":false},"excerpt":{"rendered":"<p>En 1949, Charles y Ray Eames dise\u00f1aron una mesa de caf\u00e9 pensada exclusivamente para su propia residencia, la legendaria Eames House de Pacific Palisades, cerca de Los \u00c1ngeles. Desde entonces, esta mesa ha pasado a formar parte de la singular decoraci\u00f3n de este lugar hist\u00f3rico. Su tablero rectangular, que le da al mismo tiempo una imagen de sencillez y sofisticaci\u00f3n, estaba originalmente cubierto de pan de oro. La base con patas c\u00f3nicas es una variaci\u00f3n de la base de madera de las Eames Plastic Chairs. En los a\u00f1os siguientes, Charles y Ray Eames fabricaron otras dos de estas mesas con tableros distintos, uno de m\u00e1rmol y otro de madera.    <\/p>\n","protected":false},"featured_media":15027,"comment_status":"closed","ping_status":"closed","template":"","meta":{"_acf_changed":false},"product_brand":[],"product_cat":[890,878,872,899],"product_tag":[1129,1130],"class_list":{"0":"post-28585","1":"product","2":"type-product","3":"status-publish","4":"has-post-thumbnail","6":"product_cat-modern-furniture","7":"product_cat-sign-livingroom-malaga-marbella","8":"product_cat-rooms-en","9":"product_cat-side-and-coffee-tables-malaga-marbella","10":"product_tag-charles-eames","11":"product_tag-ray-eames","12":"pa_diseno-charles-eames","13":"pa_diseno-ray-eames","15":"first","16":"instock","17":"product-type-simple"},"acf":[],"yoast_head":"<!-- This site is optimized with the Yoast SEO plugin v27.5 - https:\/\/yoast.com\/product\/yoast-seo-wordpress\/ -->\n<title>EAMES COFFEE TABLE - Oboe Muebles - Tienda de muebles en M\u00e1laga y Marbella<\/title>\n<meta name=\"robots\" content=\"index, follow, max-snippet:-1, max-image-preview:large, max-video-preview:-1\" \/>\n<link rel=\"canonical\" href=\"https:\/\/oboemuebles.com\/en\/furniture-design-decoration-malaga-marbella\/eames-coffee-table\/\" \/>\n<meta property=\"og:locale\" content=\"en_US\" \/>\n<meta property=\"og:type\" content=\"article\" \/>\n<meta property=\"og:title\" content=\"EAMES COFFEE TABLE - Oboe Muebles - Tienda de muebles en M\u00e1laga y Marbella\" \/>\n<meta property=\"og:description\" content=\"En 1949, Charles y Ray Eames dise\u00f1aron una mesa de caf\u00e9 pensada exclusivamente para su propia residencia, la legendaria Eames House de Pacific Palisades, cerca de Los \u00c1ngeles. Desde entonces, esta mesa ha pasado a formar parte de la singular decoraci\u00f3n de este lugar hist\u00f3rico. Su tablero rectangular, que le da al mismo tiempo una imagen de sencillez y sofisticaci\u00f3n, estaba originalmente cubierto de pan de oro. La base con patas c\u00f3nicas es una variaci\u00f3n de la base de madera de las Eames Plastic Chairs. En los a\u00f1os siguientes, Charles y Ray Eames fabricaron otras dos de estas mesas con tableros distintos, uno de m\u00e1rmol y otro de madera.\" \/>\n<meta property=\"og:url\" content=\"https:\/\/oboemuebles.com\/en\/furniture-design-decoration-malaga-marbella\/eames-coffee-table\/\" \/>\n<meta property=\"og:site_name\" content=\"Oboe Muebles - Tienda de muebles en M\u00e1laga y Marbella\" \/>\n<meta property=\"og:image\" content=\"https:\/\/oboemuebles.com\/wp-content\/uploads\/2025\/11\/VITRA-EAMES-COFFEETABLE-1.webp\" \/>\n\t<meta property=\"og:image:width\" content=\"900\" \/>\n\t<meta property=\"og:image:height\" content=\"900\" \/>\n\t<meta property=\"og:image:type\" content=\"image\/webp\" \/>\n<meta name=\"twitter:card\" content=\"summary_large_image\" \/>\n<script type=\"application\/ld+json\" class=\"yoast-schema-graph\">{\"@context\":\"https:\\\/\\\/schema.org\",\"@graph\":[{\"@type\":\"WebPage\",\"@id\":\"https:\\\/\\\/oboemuebles.com\\\/en\\\/furniture-design-decoration-malaga-marbella\\\/eames-coffee-table\\\/\",\"url\":\"https:\\\/\\\/oboemuebles.com\\\/en\\\/furniture-design-decoration-malaga-marbella\\\/eames-coffee-table\\\/\",\"name\":\"EAMES COFFEE TABLE - Oboe Muebles - Tienda de muebles en M\u00e1laga y Marbella\",\"isPartOf\":{\"@id\":\"https:\\\/\\\/oboemuebles.com\\\/en\\\/#website\"},\"primaryImageOfPage\":{\"@id\":\"https:\\\/\\\/oboemuebles.com\\\/en\\\/furniture-design-decoration-malaga-marbella\\\/eames-coffee-table\\\/#primaryimage\"},\"image\":{\"@id\":\"https:\\\/\\\/oboemuebles.com\\\/en\\\/furniture-design-decoration-malaga-marbella\\\/eames-coffee-table\\\/#primaryimage\"},\"thumbnailUrl\":\"https:\\\/\\\/oboemuebles.com\\\/wp-content\\\/uploads\\\/2025\\\/11\\\/VITRA-EAMES-COFFEETABLE-1.webp\",\"datePublished\":\"2025-11-13T14:45:27+00:00\",\"breadcrumb\":{\"@id\":\"https:\\\/\\\/oboemuebles.com\\\/en\\\/furniture-design-decoration-malaga-marbella\\\/eames-coffee-table\\\/#breadcrumb\"},\"inLanguage\":\"en-US\",\"potentialAction\":[{\"@type\":\"ReadAction\",\"target\":[\"https:\\\/\\\/oboemuebles.com\\\/en\\\/furniture-design-decoration-malaga-marbella\\\/eames-coffee-table\\\/\"]}]},{\"@type\":\"ImageObject\",\"inLanguage\":\"en-US\",\"@id\":\"https:\\\/\\\/oboemuebles.com\\\/en\\\/furniture-design-decoration-malaga-marbella\\\/eames-coffee-table\\\/#primaryimage\",\"url\":\"https:\\\/\\\/oboemuebles.com\\\/wp-content\\\/uploads\\\/2025\\\/11\\\/VITRA-EAMES-COFFEETABLE-1.webp\",\"contentUrl\":\"https:\\\/\\\/oboemuebles.com\\\/wp-content\\\/uploads\\\/2025\\\/11\\\/VITRA-EAMES-COFFEETABLE-1.webp\",\"width\":900,\"height\":900},{\"@type\":\"BreadcrumbList\",\"@id\":\"https:\\\/\\\/oboemuebles.com\\\/en\\\/furniture-design-decoration-malaga-marbella\\\/eames-coffee-table\\\/#breadcrumb\",\"itemListElement\":[{\"@type\":\"ListItem\",\"position\":1,\"name\":\"Portada\",\"item\":\"https:\\\/\\\/oboemuebles.com\\\/en\\\/home\\\/\"},{\"@type\":\"ListItem\",\"position\":2,\"name\":\"Shop\",\"item\":\"https:\\\/\\\/oboemuebles.com\\\/en\\\/shop\\\/\"},{\"@type\":\"ListItem\",\"position\":3,\"name\":\"EAMES COFFEE TABLE\"}]},{\"@type\":\"WebSite\",\"@id\":\"https:\\\/\\\/oboemuebles.com\\\/en\\\/#website\",\"url\":\"https:\\\/\\\/oboemuebles.com\\\/en\\\/\",\"name\":\"Oboe Muebles - Tienda de muebles en M\u00e1laga y Marbella\",\"description\":\"Oboe Muebles - Tienda de muebles en M\u00e1laga y Marbella\",\"potentialAction\":[{\"@type\":\"SearchAction\",\"target\":{\"@type\":\"EntryPoint\",\"urlTemplate\":\"https:\\\/\\\/oboemuebles.com\\\/en\\\/?s={search_term_string}\"},\"query-input\":{\"@type\":\"PropertyValueSpecification\",\"valueRequired\":true,\"valueName\":\"search_term_string\"}}],\"inLanguage\":\"en-US\"}]}<\/script>\n<!-- \/ Yoast SEO plugin. -->","yoast_head_json":{"title":"EAMES COFFEE TABLE - Oboe Muebles - Tienda de muebles en M\u00e1laga y Marbella","robots":{"index":"index","follow":"follow","max-snippet":"max-snippet:-1","max-image-preview":"max-image-preview:large","max-video-preview":"max-video-preview:-1"},"canonical":"https:\/\/oboemuebles.com\/en\/furniture-design-decoration-malaga-marbella\/eames-coffee-table\/","og_locale":"en_US","og_type":"article","og_title":"EAMES COFFEE TABLE - Oboe Muebles - Tienda de muebles en M\u00e1laga y Marbella","og_description":"En 1949, Charles y Ray Eames dise\u00f1aron una mesa de caf\u00e9 pensada exclusivamente para su propia residencia, la legendaria Eames House de Pacific Palisades, cerca de Los \u00c1ngeles. Desde entonces, esta mesa ha pasado a formar parte de la singular decoraci\u00f3n de este lugar hist\u00f3rico. Su tablero rectangular, que le da al mismo tiempo una imagen de sencillez y sofisticaci\u00f3n, estaba originalmente cubierto de pan de oro. La base con patas c\u00f3nicas es una variaci\u00f3n de la base de madera de las Eames Plastic Chairs. En los a\u00f1os siguientes, Charles y Ray Eames fabricaron otras dos de estas mesas con tableros distintos, uno de m\u00e1rmol y otro de madera.","og_url":"https:\/\/oboemuebles.com\/en\/furniture-design-decoration-malaga-marbella\/eames-coffee-table\/","og_site_name":"Oboe Muebles - Tienda de muebles en M\u00e1laga y Marbella","og_image":[{"width":900,"height":900,"url":"https:\/\/oboemuebles.com\/wp-content\/uploads\/2025\/11\/VITRA-EAMES-COFFEETABLE-1.webp","type":"image\/webp"}],"twitter_card":"summary_large_image","schema":{"@context":"https:\/\/schema.org","@graph":[{"@type":"WebPage","@id":"https:\/\/oboemuebles.com\/en\/furniture-design-decoration-malaga-marbella\/eames-coffee-table\/","url":"https:\/\/oboemuebles.com\/en\/furniture-design-decoration-malaga-marbella\/eames-coffee-table\/","name":"EAMES COFFEE TABLE - Oboe Muebles - Tienda de muebles en M\u00e1laga y Marbella","isPartOf":{"@id":"https:\/\/oboemuebles.com\/en\/#website"},"primaryImageOfPage":{"@id":"https:\/\/oboemuebles.com\/en\/furniture-design-decoration-malaga-marbella\/eames-coffee-table\/#primaryimage"},"image":{"@id":"https:\/\/oboemuebles.com\/en\/furniture-design-decoration-malaga-marbella\/eames-coffee-table\/#primaryimage"},"thumbnailUrl":"https:\/\/oboemuebles.com\/wp-content\/uploads\/2025\/11\/VITRA-EAMES-COFFEETABLE-1.webp","datePublished":"2025-11-13T14:45:27+00:00","breadcrumb":{"@id":"https:\/\/oboemuebles.com\/en\/furniture-design-decoration-malaga-marbella\/eames-coffee-table\/#breadcrumb"},"inLanguage":"en-US","potentialAction":[{"@type":"ReadAction","target":["https:\/\/oboemuebles.com\/en\/furniture-design-decoration-malaga-marbella\/eames-coffee-table\/"]}]},{"@type":"ImageObject","inLanguage":"en-US","@id":"https:\/\/oboemuebles.com\/en\/furniture-design-decoration-malaga-marbella\/eames-coffee-table\/#primaryimage","url":"https:\/\/oboemuebles.com\/wp-content\/uploads\/2025\/11\/VITRA-EAMES-COFFEETABLE-1.webp","contentUrl":"https:\/\/oboemuebles.com\/wp-content\/uploads\/2025\/11\/VITRA-EAMES-COFFEETABLE-1.webp","width":900,"height":900},{"@type":"BreadcrumbList","@id":"https:\/\/oboemuebles.com\/en\/furniture-design-decoration-malaga-marbella\/eames-coffee-table\/#breadcrumb","itemListElement":[{"@type":"ListItem","position":1,"name":"Portada","item":"https:\/\/oboemuebles.com\/en\/home\/"},{"@type":"ListItem","position":2,"name":"Shop","item":"https:\/\/oboemuebles.com\/en\/shop\/"},{"@type":"ListItem","position":3,"name":"EAMES COFFEE TABLE"}]},{"@type":"WebSite","@id":"https:\/\/oboemuebles.com\/en\/#website","url":"https:\/\/oboemuebles.com\/en\/","name":"Oboe Muebles - Tienda de muebles en M\u00e1laga y Marbella","description":"Oboe Muebles - Tienda de muebles en M\u00e1laga y Marbella","potentialAction":[{"@type":"SearchAction","target":{"@type":"EntryPoint","urlTemplate":"https:\/\/oboemuebles.com\/en\/?s={search_term_string}"},"query-input":{"@type":"PropertyValueSpecification","valueRequired":true,"valueName":"search_term_string"}}],"inLanguage":"en-US"}]}},"_links":{"self":[{"href":"https:\/\/oboemuebles.com\/en\/wp-json\/wp\/v2\/product\/28585","targetHints":{"allow":["GET"]}}],"collection":[{"href":"https:\/\/oboemuebles.com\/en\/wp-json\/wp\/v2\/product"}],"about":[{"href":"https:\/\/oboemuebles.com\/en\/wp-json\/wp\/v2\/types\/product"}],"replies":[{"embeddable":true,"href":"https:\/\/oboemuebles.com\/en\/wp-json\/wp\/v2\/comments?post=28585"}],"wp:featuredmedia":[{"embeddable":true,"href":"https:\/\/oboemuebles.com\/en\/wp-json\/wp\/v2\/media\/15027"}],"wp:attachment":[{"href":"https:\/\/oboemuebles.com\/en\/wp-json\/wp\/v2\/media?parent=28585"}],"wp:term":[{"taxonomy":"product_brand","embeddable":true,"href":"https:\/\/oboemuebles.com\/en\/wp-json\/wp\/v2\/product_brand?post=28585"},{"taxonomy":"product_cat","embeddable":true,"href":"https:\/\/oboemuebles.com\/en\/wp-json\/wp\/v2\/product_cat?post=28585"},{"taxonomy":"product_tag","embeddable":true,"href":"https:\/\/oboemuebles.com\/en\/wp-json\/wp\/v2\/product_tag?post=28585"}],"curies":[{"name":"wp","href":"https:\/\/api.w.org\/{rel}","templated":true}]}}