{"id":28969,"date":"2025-11-13T13:31:14","date_gmt":"2025-11-13T13:31:14","guid":{"rendered":"https:\/\/oboemuebles.com\/producto\/sag\/"},"modified":"2025-11-13T13:31:14","modified_gmt":"2025-11-13T13:31:14","slug":"sag","status":"publish","type":"product","link":"https:\/\/oboemuebles.com\/en\/furniture-design-decoration-malaga-marbella\/sag\/","title":{"rendered":"SAG"},"content":{"rendered":"<p>&nbsp;<\/p>\n<p>&nbsp;<\/p>\n","protected":false},"excerpt":{"rendered":"<p>Taburete o mesa, al aire libre o bajo techo: Sag representa un complemento poli\u00e9drico y funcional. Las patas de las heces generalmente est\u00e1n dise\u00f1adas con elementos de &#8220;&#8221;columna&#8221;&#8221;. Por el contrario, Sag ha sido dise\u00f1ado como una pieza entera doblada sobre s\u00ed misma, como una tela suspendida en el aire y fundida en tres direcciones en una sola forma. Su estructura de arco c\u00f3ncavo, as\u00ed generada, le da a Sag su imagen suave y el\u00e1stica especial, pero tambi\u00e9n una robustez incre\u00edble, capaz de distribuir fuerzas y absorber cargas.&#8221;   <\/p>\n<p>Estructura en poliuretano r\u00edgido, obtenida por moldeo, disponible en blanco mate y barro mate. El poliuretano utilizado, llamado TECH, es un material estructural y de alta densidad, lo que significa que es altamente resistente a los golpes, as\u00ed como a los ara\u00f1azos y al envejecimiento. <\/p>\n<p>&nbsp;<\/p>\n","protected":false},"featured_media":11708,"comment_status":"closed","ping_status":"closed","template":"","meta":{"_acf_changed":false},"product_brand":[],"product_cat":[893,890,920,872,899,903],"product_tag":[1347,1348],"class_list":{"0":"post-28969","1":"product","2":"type-product","3":"status-publish","4":"has-post-thumbnail","6":"product_cat-benches-and-poufs-malaga-marbella","7":"product_cat-modern-furniture","8":"product_cat-design-outdoor-malaga-marbella-2","9":"product_cat-rooms-en","10":"product_cat-side-and-coffee-tables-malaga-marbella","11":"product_cat-stools-malaga-marbella","12":"product_tag-nendo","13":"product_tag-oki-sato","14":"pa_diseno-nendo","15":"pa_diseno-oki-sato","17":"first","18":"instock","19":"product-type-simple"},"acf":[],"yoast_head":"<!-- This site is optimized with the Yoast SEO plugin v27.5 - https:\/\/yoast.com\/product\/yoast-seo-wordpress\/ -->\n<title>SAG - Oboe Muebles - Tienda de muebles en M\u00e1laga y Marbella<\/title>\n<meta name=\"robots\" content=\"index, follow, max-snippet:-1, max-image-preview:large, max-video-preview:-1\" \/>\n<link rel=\"canonical\" href=\"https:\/\/oboemuebles.com\/en\/furniture-design-decoration-malaga-marbella\/sag\/\" \/>\n<meta property=\"og:locale\" content=\"en_US\" \/>\n<meta property=\"og:type\" content=\"article\" \/>\n<meta property=\"og:title\" content=\"SAG - Oboe Muebles - Tienda de muebles en M\u00e1laga y Marbella\" \/>\n<meta property=\"og:description\" content=\"Taburete o mesa, al aire libre o bajo techo: Sag representa un complemento poli\u00e9drico y funcional. Las patas de las heces generalmente est\u00e1n dise\u00f1adas con elementos de &quot;&quot;columna&quot;&quot;. Por el contrario, Sag ha sido dise\u00f1ado como una pieza entera doblada sobre s\u00ed misma, como una tela suspendida en el aire y fundida en tres direcciones en una sola forma. Su estructura de arco c\u00f3ncavo, as\u00ed generada, le da a Sag su imagen suave y el\u00e1stica especial, pero tambi\u00e9n una robustez incre\u00edble, capaz de distribuir fuerzas y absorber cargas.&quot;   Estructura en poliuretano r\u00edgido, obtenida por moldeo, disponible en blanco mate y barro mate. El poliuretano utilizado, llamado TECH, es un material estructural y de alta densidad, lo que significa que es altamente resistente a los golpes, as\u00ed como a los ara\u00f1azos y al envejecimiento.  &nbsp;\" \/>\n<meta property=\"og:url\" content=\"https:\/\/oboemuebles.com\/en\/furniture-design-decoration-malaga-marbella\/sag\/\" \/>\n<meta property=\"og:site_name\" content=\"Oboe Muebles - Tienda de muebles en M\u00e1laga y Marbella\" \/>\n<meta property=\"og:image\" content=\"https:\/\/oboemuebles.com\/wp-content\/uploads\/2025\/11\/sag-outdoor-mdfitalia.webp\" \/>\n\t<meta property=\"og:image:width\" content=\"900\" \/>\n\t<meta property=\"og:image:height\" content=\"900\" \/>\n\t<meta property=\"og:image:type\" content=\"image\/webp\" \/>\n<meta name=\"twitter:card\" content=\"summary_large_image\" \/>\n<script type=\"application\/ld+json\" class=\"yoast-schema-graph\">{\"@context\":\"https:\\\/\\\/schema.org\",\"@graph\":[{\"@type\":\"WebPage\",\"@id\":\"https:\\\/\\\/oboemuebles.com\\\/en\\\/furniture-design-decoration-malaga-marbella\\\/sag\\\/\",\"url\":\"https:\\\/\\\/oboemuebles.com\\\/en\\\/furniture-design-decoration-malaga-marbella\\\/sag\\\/\",\"name\":\"SAG - Oboe Muebles - Tienda de muebles en M\u00e1laga y Marbella\",\"isPartOf\":{\"@id\":\"https:\\\/\\\/oboemuebles.com\\\/en\\\/#website\"},\"primaryImageOfPage\":{\"@id\":\"https:\\\/\\\/oboemuebles.com\\\/en\\\/furniture-design-decoration-malaga-marbella\\\/sag\\\/#primaryimage\"},\"image\":{\"@id\":\"https:\\\/\\\/oboemuebles.com\\\/en\\\/furniture-design-decoration-malaga-marbella\\\/sag\\\/#primaryimage\"},\"thumbnailUrl\":\"https:\\\/\\\/oboemuebles.com\\\/wp-content\\\/uploads\\\/2025\\\/11\\\/sag-outdoor-mdfitalia.webp\",\"datePublished\":\"2025-11-13T13:31:14+00:00\",\"breadcrumb\":{\"@id\":\"https:\\\/\\\/oboemuebles.com\\\/en\\\/furniture-design-decoration-malaga-marbella\\\/sag\\\/#breadcrumb\"},\"inLanguage\":\"en-US\",\"potentialAction\":[{\"@type\":\"ReadAction\",\"target\":[\"https:\\\/\\\/oboemuebles.com\\\/en\\\/furniture-design-decoration-malaga-marbella\\\/sag\\\/\"]}]},{\"@type\":\"ImageObject\",\"inLanguage\":\"en-US\",\"@id\":\"https:\\\/\\\/oboemuebles.com\\\/en\\\/furniture-design-decoration-malaga-marbella\\\/sag\\\/#primaryimage\",\"url\":\"https:\\\/\\\/oboemuebles.com\\\/wp-content\\\/uploads\\\/2025\\\/11\\\/sag-outdoor-mdfitalia.webp\",\"contentUrl\":\"https:\\\/\\\/oboemuebles.com\\\/wp-content\\\/uploads\\\/2025\\\/11\\\/sag-outdoor-mdfitalia.webp\",\"width\":900,\"height\":900},{\"@type\":\"BreadcrumbList\",\"@id\":\"https:\\\/\\\/oboemuebles.com\\\/en\\\/furniture-design-decoration-malaga-marbella\\\/sag\\\/#breadcrumb\",\"itemListElement\":[{\"@type\":\"ListItem\",\"position\":1,\"name\":\"Portada\",\"item\":\"https:\\\/\\\/oboemuebles.com\\\/en\\\/home\\\/\"},{\"@type\":\"ListItem\",\"position\":2,\"name\":\"Shop\",\"item\":\"https:\\\/\\\/oboemuebles.com\\\/en\\\/shop\\\/\"},{\"@type\":\"ListItem\",\"position\":3,\"name\":\"SAG\"}]},{\"@type\":\"WebSite\",\"@id\":\"https:\\\/\\\/oboemuebles.com\\\/en\\\/#website\",\"url\":\"https:\\\/\\\/oboemuebles.com\\\/en\\\/\",\"name\":\"Oboe Muebles - Tienda de muebles en M\u00e1laga y Marbella\",\"description\":\"Oboe Muebles - Tienda de muebles en M\u00e1laga y Marbella\",\"potentialAction\":[{\"@type\":\"SearchAction\",\"target\":{\"@type\":\"EntryPoint\",\"urlTemplate\":\"https:\\\/\\\/oboemuebles.com\\\/en\\\/?s={search_term_string}\"},\"query-input\":{\"@type\":\"PropertyValueSpecification\",\"valueRequired\":true,\"valueName\":\"search_term_string\"}}],\"inLanguage\":\"en-US\"}]}<\/script>\n<!-- \/ Yoast SEO plugin. -->","yoast_head_json":{"title":"SAG - Oboe Muebles - Tienda de muebles en M\u00e1laga y Marbella","robots":{"index":"index","follow":"follow","max-snippet":"max-snippet:-1","max-image-preview":"max-image-preview:large","max-video-preview":"max-video-preview:-1"},"canonical":"https:\/\/oboemuebles.com\/en\/furniture-design-decoration-malaga-marbella\/sag\/","og_locale":"en_US","og_type":"article","og_title":"SAG - Oboe Muebles - Tienda de muebles en M\u00e1laga y Marbella","og_description":"Taburete o mesa, al aire libre o bajo techo: Sag representa un complemento poli\u00e9drico y funcional. Las patas de las heces generalmente est\u00e1n dise\u00f1adas con elementos de \"\"columna\"\". Por el contrario, Sag ha sido dise\u00f1ado como una pieza entera doblada sobre s\u00ed misma, como una tela suspendida en el aire y fundida en tres direcciones en una sola forma. Su estructura de arco c\u00f3ncavo, as\u00ed generada, le da a Sag su imagen suave y el\u00e1stica especial, pero tambi\u00e9n una robustez incre\u00edble, capaz de distribuir fuerzas y absorber cargas.\"   Estructura en poliuretano r\u00edgido, obtenida por moldeo, disponible en blanco mate y barro mate. El poliuretano utilizado, llamado TECH, es un material estructural y de alta densidad, lo que significa que es altamente resistente a los golpes, as\u00ed como a los ara\u00f1azos y al envejecimiento.  &nbsp;","og_url":"https:\/\/oboemuebles.com\/en\/furniture-design-decoration-malaga-marbella\/sag\/","og_site_name":"Oboe Muebles - Tienda de muebles en M\u00e1laga y Marbella","og_image":[{"width":900,"height":900,"url":"https:\/\/oboemuebles.com\/wp-content\/uploads\/2025\/11\/sag-outdoor-mdfitalia.webp","type":"image\/webp"}],"twitter_card":"summary_large_image","schema":{"@context":"https:\/\/schema.org","@graph":[{"@type":"WebPage","@id":"https:\/\/oboemuebles.com\/en\/furniture-design-decoration-malaga-marbella\/sag\/","url":"https:\/\/oboemuebles.com\/en\/furniture-design-decoration-malaga-marbella\/sag\/","name":"SAG - Oboe Muebles - Tienda de muebles en M\u00e1laga y Marbella","isPartOf":{"@id":"https:\/\/oboemuebles.com\/en\/#website"},"primaryImageOfPage":{"@id":"https:\/\/oboemuebles.com\/en\/furniture-design-decoration-malaga-marbella\/sag\/#primaryimage"},"image":{"@id":"https:\/\/oboemuebles.com\/en\/furniture-design-decoration-malaga-marbella\/sag\/#primaryimage"},"thumbnailUrl":"https:\/\/oboemuebles.com\/wp-content\/uploads\/2025\/11\/sag-outdoor-mdfitalia.webp","datePublished":"2025-11-13T13:31:14+00:00","breadcrumb":{"@id":"https:\/\/oboemuebles.com\/en\/furniture-design-decoration-malaga-marbella\/sag\/#breadcrumb"},"inLanguage":"en-US","potentialAction":[{"@type":"ReadAction","target":["https:\/\/oboemuebles.com\/en\/furniture-design-decoration-malaga-marbella\/sag\/"]}]},{"@type":"ImageObject","inLanguage":"en-US","@id":"https:\/\/oboemuebles.com\/en\/furniture-design-decoration-malaga-marbella\/sag\/#primaryimage","url":"https:\/\/oboemuebles.com\/wp-content\/uploads\/2025\/11\/sag-outdoor-mdfitalia.webp","contentUrl":"https:\/\/oboemuebles.com\/wp-content\/uploads\/2025\/11\/sag-outdoor-mdfitalia.webp","width":900,"height":900},{"@type":"BreadcrumbList","@id":"https:\/\/oboemuebles.com\/en\/furniture-design-decoration-malaga-marbella\/sag\/#breadcrumb","itemListElement":[{"@type":"ListItem","position":1,"name":"Portada","item":"https:\/\/oboemuebles.com\/en\/home\/"},{"@type":"ListItem","position":2,"name":"Shop","item":"https:\/\/oboemuebles.com\/en\/shop\/"},{"@type":"ListItem","position":3,"name":"SAG"}]},{"@type":"WebSite","@id":"https:\/\/oboemuebles.com\/en\/#website","url":"https:\/\/oboemuebles.com\/en\/","name":"Oboe Muebles - Tienda de muebles en M\u00e1laga y Marbella","description":"Oboe Muebles - Tienda de muebles en M\u00e1laga y Marbella","potentialAction":[{"@type":"SearchAction","target":{"@type":"EntryPoint","urlTemplate":"https:\/\/oboemuebles.com\/en\/?s={search_term_string}"},"query-input":{"@type":"PropertyValueSpecification","valueRequired":true,"valueName":"search_term_string"}}],"inLanguage":"en-US"}]}},"_links":{"self":[{"href":"https:\/\/oboemuebles.com\/en\/wp-json\/wp\/v2\/product\/28969","targetHints":{"allow":["GET"]}}],"collection":[{"href":"https:\/\/oboemuebles.com\/en\/wp-json\/wp\/v2\/product"}],"about":[{"href":"https:\/\/oboemuebles.com\/en\/wp-json\/wp\/v2\/types\/product"}],"replies":[{"embeddable":true,"href":"https:\/\/oboemuebles.com\/en\/wp-json\/wp\/v2\/comments?post=28969"}],"wp:featuredmedia":[{"embeddable":true,"href":"https:\/\/oboemuebles.com\/en\/wp-json\/wp\/v2\/media\/11708"}],"wp:attachment":[{"href":"https:\/\/oboemuebles.com\/en\/wp-json\/wp\/v2\/media?parent=28969"}],"wp:term":[{"taxonomy":"product_brand","embeddable":true,"href":"https:\/\/oboemuebles.com\/en\/wp-json\/wp\/v2\/product_brand?post=28969"},{"taxonomy":"product_cat","embeddable":true,"href":"https:\/\/oboemuebles.com\/en\/wp-json\/wp\/v2\/product_cat?post=28969"},{"taxonomy":"product_tag","embeddable":true,"href":"https:\/\/oboemuebles.com\/en\/wp-json\/wp\/v2\/product_tag?post=28969"}],"curies":[{"name":"wp","href":"https:\/\/api.w.org\/{rel}","templated":true}]}}