{"id":29085,"date":"2025-11-13T13:26:06","date_gmt":"2025-11-13T13:26:06","guid":{"rendered":"https:\/\/oboemuebles.com\/producto\/lim-3-0-2\/"},"modified":"2025-11-13T13:26:06","modified_gmt":"2025-11-13T13:26:06","slug":"lim-3-0-2","status":"publish","type":"product","link":"https:\/\/oboemuebles.com\/en\/producto\/lim-3-0-2\/","title":{"rendered":"LIM 3.0"},"content":{"rendered":"","protected":false},"excerpt":{"rendered":"<p>Lim 3.0, un cambio de imagen de la familia ic\u00f3nica de LIM, se renueva y se convierte en una mesa ligera y delgada, con una identidad m\u00e1s actualizada y moderna. La estructura contenida en las secciones puede recibir diferentes materiales para ofrecer una opci\u00f3n alternativa al monocromatismo y la estructura de un solo material. Las tapas est\u00e1n integradas en el marco y est\u00e1n disponibles en vidrio templado lacado, cer\u00e1mica en una variante brillante o con recubrimiento satinado y Fenix, un innovador laminado estratificado de alta presi\u00f3n. Estructura en aluminio extruido, en versi\u00f3n anodizada natural o lacada mate en blanco y gris grafito. Alturas 30 cm.    <\/p>\n","protected":false},"featured_media":11362,"comment_status":"closed","ping_status":"closed","template":"","meta":{"_acf_changed":false},"product_brand":[],"product_cat":[890,878,872,899],"product_tag":[1352],"class_list":{"0":"post-29085","1":"product","2":"type-product","3":"status-publish","4":"has-post-thumbnail","6":"product_cat-modern-furniture","7":"product_cat-sign-livingroom-malaga-marbella","8":"product_cat-rooms-en","9":"product_cat-side-and-coffee-tables-malaga-marbella","10":"product_tag-fattorini-rizzini-partners","11":"pa_diseno-fattorini-rizzini-partners","13":"first","14":"instock","15":"product-type-simple"},"acf":[],"_links":{"self":[{"href":"https:\/\/oboemuebles.com\/en\/wp-json\/wp\/v2\/product\/29085","targetHints":{"allow":["GET"]}}],"collection":[{"href":"https:\/\/oboemuebles.com\/en\/wp-json\/wp\/v2\/product"}],"about":[{"href":"https:\/\/oboemuebles.com\/en\/wp-json\/wp\/v2\/types\/product"}],"replies":[{"embeddable":true,"href":"https:\/\/oboemuebles.com\/en\/wp-json\/wp\/v2\/comments?post=29085"}],"wp:featuredmedia":[{"embeddable":true,"href":"https:\/\/oboemuebles.com\/en\/wp-json\/wp\/v2\/media\/11362"}],"wp:attachment":[{"href":"https:\/\/oboemuebles.com\/en\/wp-json\/wp\/v2\/media?parent=29085"}],"wp:term":[{"taxonomy":"product_brand","embeddable":true,"href":"https:\/\/oboemuebles.com\/en\/wp-json\/wp\/v2\/product_brand?post=29085"},{"taxonomy":"product_cat","embeddable":true,"href":"https:\/\/oboemuebles.com\/en\/wp-json\/wp\/v2\/product_cat?post=29085"},{"taxonomy":"product_tag","embeddable":true,"href":"https:\/\/oboemuebles.com\/en\/wp-json\/wp\/v2\/product_tag?post=29085"}],"curies":[{"name":"wp","href":"https:\/\/api.w.org\/{rel}","templated":true}]}}