{"id":29233,"date":"2025-11-13T12:08:31","date_gmt":"2025-11-13T12:08:31","guid":{"rendered":"https:\/\/oboemuebles.com\/producto\/icaro\/"},"modified":"2025-11-13T12:08:31","modified_gmt":"2025-11-13T12:08:31","slug":"icaro","status":"publish","type":"product","link":"https:\/\/oboemuebles.com\/en\/furniture-design-decoration-malaga-marbella\/icaro\/","title":{"rendered":"ICARO"},"content":{"rendered":"","protected":false},"excerpt":{"rendered":"<p>La familia de mesas de centro Icaro se caracteriza por los mismos rasgos distintivos que caracterizan la colecci\u00f3n del mismo nombre y presenta una refinada estructura en madera maciza, trabajada seg\u00fan la tradici\u00f3n de la ebanister\u00eda italiana. La estructura esencial en fresno macizo propuesta en una gama de tonos sofisticados puede combinarse con tableros de diferentes tipos de m\u00e1rmol. La variedad de tama\u00f1os y acabados disponibles hace que las mesas de centro Icaro sean accesorios particularmente vers\u00e1tiles, que se adaptan a cualquier habitaci\u00f3n de la casa, en combinaci\u00f3n con todos los asientos de la colecci\u00f3n Flexform Mood.  <\/p>\n","protected":false},"featured_media":6845,"comment_status":"closed","ping_status":"closed","template":"","meta":{"_acf_changed":false},"product_brand":[],"product_cat":[890,878,872,899],"product_tag":[1206],"class_list":{"0":"post-29233","1":"product","2":"type-product","3":"status-publish","4":"has-post-thumbnail","6":"product_cat-modern-furniture","7":"product_cat-sign-livingroom-malaga-marbella","8":"product_cat-rooms-en","9":"product_cat-side-and-coffee-tables-malaga-marbella","10":"product_tag-roberto-lazzeroni","11":"pa_diseno-roberto-lazzeroni","13":"first","14":"instock","15":"product-type-simple"},"acf":[],"yoast_head":"<!-- This site is optimized with the Yoast SEO plugin v27.5 - https:\/\/yoast.com\/product\/yoast-seo-wordpress\/ -->\n<title>ICARO - Oboe Muebles - Tienda de muebles en M\u00e1laga y Marbella<\/title>\n<meta name=\"robots\" content=\"index, follow, max-snippet:-1, max-image-preview:large, max-video-preview:-1\" \/>\n<link rel=\"canonical\" href=\"https:\/\/oboemuebles.com\/en\/furniture-design-decoration-malaga-marbella\/icaro\/\" \/>\n<meta property=\"og:locale\" content=\"en_US\" \/>\n<meta property=\"og:type\" content=\"article\" \/>\n<meta property=\"og:title\" content=\"ICARO - Oboe Muebles - Tienda de muebles en M\u00e1laga y Marbella\" \/>\n<meta property=\"og:description\" content=\"La familia de mesas de centro Icaro se caracteriza por los mismos rasgos distintivos que caracterizan la colecci\u00f3n del mismo nombre y presenta una refinada estructura en madera maciza, trabajada seg\u00fan la tradici\u00f3n de la ebanister\u00eda italiana. La estructura esencial en fresno macizo propuesta en una gama de tonos sofisticados puede combinarse con tableros de diferentes tipos de m\u00e1rmol. La variedad de tama\u00f1os y acabados disponibles hace que las mesas de centro Icaro sean accesorios particularmente vers\u00e1tiles, que se adaptan a cualquier habitaci\u00f3n de la casa, en combinaci\u00f3n con todos los asientos de la colecci\u00f3n Flexform Mood.\" \/>\n<meta property=\"og:url\" content=\"https:\/\/oboemuebles.com\/en\/furniture-design-decoration-malaga-marbella\/icaro\/\" \/>\n<meta property=\"og:site_name\" content=\"Oboe Muebles - Tienda de muebles en M\u00e1laga y Marbella\" \/>\n<meta property=\"og:image\" content=\"https:\/\/oboemuebles.com\/wp-content\/uploads\/2025\/11\/FLEXFORM-ICARO-1.webp\" \/>\n\t<meta property=\"og:image:width\" content=\"900\" \/>\n\t<meta property=\"og:image:height\" content=\"900\" \/>\n\t<meta property=\"og:image:type\" content=\"image\/webp\" \/>\n<meta name=\"twitter:card\" content=\"summary_large_image\" \/>\n<script type=\"application\/ld+json\" class=\"yoast-schema-graph\">{\"@context\":\"https:\\\/\\\/schema.org\",\"@graph\":[{\"@type\":\"WebPage\",\"@id\":\"https:\\\/\\\/oboemuebles.com\\\/en\\\/furniture-design-decoration-malaga-marbella\\\/icaro\\\/\",\"url\":\"https:\\\/\\\/oboemuebles.com\\\/en\\\/furniture-design-decoration-malaga-marbella\\\/icaro\\\/\",\"name\":\"ICARO - Oboe Muebles - Tienda de muebles en M\u00e1laga y Marbella\",\"isPartOf\":{\"@id\":\"https:\\\/\\\/oboemuebles.com\\\/en\\\/#website\"},\"primaryImageOfPage\":{\"@id\":\"https:\\\/\\\/oboemuebles.com\\\/en\\\/furniture-design-decoration-malaga-marbella\\\/icaro\\\/#primaryimage\"},\"image\":{\"@id\":\"https:\\\/\\\/oboemuebles.com\\\/en\\\/furniture-design-decoration-malaga-marbella\\\/icaro\\\/#primaryimage\"},\"thumbnailUrl\":\"https:\\\/\\\/oboemuebles.com\\\/wp-content\\\/uploads\\\/2025\\\/11\\\/FLEXFORM-ICARO-1.webp\",\"datePublished\":\"2025-11-13T12:08:31+00:00\",\"breadcrumb\":{\"@id\":\"https:\\\/\\\/oboemuebles.com\\\/en\\\/furniture-design-decoration-malaga-marbella\\\/icaro\\\/#breadcrumb\"},\"inLanguage\":\"en-US\",\"potentialAction\":[{\"@type\":\"ReadAction\",\"target\":[\"https:\\\/\\\/oboemuebles.com\\\/en\\\/furniture-design-decoration-malaga-marbella\\\/icaro\\\/\"]}]},{\"@type\":\"ImageObject\",\"inLanguage\":\"en-US\",\"@id\":\"https:\\\/\\\/oboemuebles.com\\\/en\\\/furniture-design-decoration-malaga-marbella\\\/icaro\\\/#primaryimage\",\"url\":\"https:\\\/\\\/oboemuebles.com\\\/wp-content\\\/uploads\\\/2025\\\/11\\\/FLEXFORM-ICARO-1.webp\",\"contentUrl\":\"https:\\\/\\\/oboemuebles.com\\\/wp-content\\\/uploads\\\/2025\\\/11\\\/FLEXFORM-ICARO-1.webp\",\"width\":900,\"height\":900},{\"@type\":\"BreadcrumbList\",\"@id\":\"https:\\\/\\\/oboemuebles.com\\\/en\\\/furniture-design-decoration-malaga-marbella\\\/icaro\\\/#breadcrumb\",\"itemListElement\":[{\"@type\":\"ListItem\",\"position\":1,\"name\":\"Portada\",\"item\":\"https:\\\/\\\/oboemuebles.com\\\/en\\\/home\\\/\"},{\"@type\":\"ListItem\",\"position\":2,\"name\":\"Shop\",\"item\":\"https:\\\/\\\/oboemuebles.com\\\/en\\\/shop\\\/\"},{\"@type\":\"ListItem\",\"position\":3,\"name\":\"ICARO\"}]},{\"@type\":\"WebSite\",\"@id\":\"https:\\\/\\\/oboemuebles.com\\\/en\\\/#website\",\"url\":\"https:\\\/\\\/oboemuebles.com\\\/en\\\/\",\"name\":\"Oboe Muebles - Tienda de muebles en M\u00e1laga y Marbella\",\"description\":\"Oboe Muebles - Tienda de muebles en M\u00e1laga y Marbella\",\"potentialAction\":[{\"@type\":\"SearchAction\",\"target\":{\"@type\":\"EntryPoint\",\"urlTemplate\":\"https:\\\/\\\/oboemuebles.com\\\/en\\\/?s={search_term_string}\"},\"query-input\":{\"@type\":\"PropertyValueSpecification\",\"valueRequired\":true,\"valueName\":\"search_term_string\"}}],\"inLanguage\":\"en-US\"}]}<\/script>\n<!-- \/ Yoast SEO plugin. -->","yoast_head_json":{"title":"ICARO - Oboe Muebles - Tienda de muebles en M\u00e1laga y Marbella","robots":{"index":"index","follow":"follow","max-snippet":"max-snippet:-1","max-image-preview":"max-image-preview:large","max-video-preview":"max-video-preview:-1"},"canonical":"https:\/\/oboemuebles.com\/en\/furniture-design-decoration-malaga-marbella\/icaro\/","og_locale":"en_US","og_type":"article","og_title":"ICARO - Oboe Muebles - Tienda de muebles en M\u00e1laga y Marbella","og_description":"La familia de mesas de centro Icaro se caracteriza por los mismos rasgos distintivos que caracterizan la colecci\u00f3n del mismo nombre y presenta una refinada estructura en madera maciza, trabajada seg\u00fan la tradici\u00f3n de la ebanister\u00eda italiana. La estructura esencial en fresno macizo propuesta en una gama de tonos sofisticados puede combinarse con tableros de diferentes tipos de m\u00e1rmol. La variedad de tama\u00f1os y acabados disponibles hace que las mesas de centro Icaro sean accesorios particularmente vers\u00e1tiles, que se adaptan a cualquier habitaci\u00f3n de la casa, en combinaci\u00f3n con todos los asientos de la colecci\u00f3n Flexform Mood.","og_url":"https:\/\/oboemuebles.com\/en\/furniture-design-decoration-malaga-marbella\/icaro\/","og_site_name":"Oboe Muebles - Tienda de muebles en M\u00e1laga y Marbella","og_image":[{"width":900,"height":900,"url":"https:\/\/oboemuebles.com\/wp-content\/uploads\/2025\/11\/FLEXFORM-ICARO-1.webp","type":"image\/webp"}],"twitter_card":"summary_large_image","schema":{"@context":"https:\/\/schema.org","@graph":[{"@type":"WebPage","@id":"https:\/\/oboemuebles.com\/en\/furniture-design-decoration-malaga-marbella\/icaro\/","url":"https:\/\/oboemuebles.com\/en\/furniture-design-decoration-malaga-marbella\/icaro\/","name":"ICARO - Oboe Muebles - Tienda de muebles en M\u00e1laga y Marbella","isPartOf":{"@id":"https:\/\/oboemuebles.com\/en\/#website"},"primaryImageOfPage":{"@id":"https:\/\/oboemuebles.com\/en\/furniture-design-decoration-malaga-marbella\/icaro\/#primaryimage"},"image":{"@id":"https:\/\/oboemuebles.com\/en\/furniture-design-decoration-malaga-marbella\/icaro\/#primaryimage"},"thumbnailUrl":"https:\/\/oboemuebles.com\/wp-content\/uploads\/2025\/11\/FLEXFORM-ICARO-1.webp","datePublished":"2025-11-13T12:08:31+00:00","breadcrumb":{"@id":"https:\/\/oboemuebles.com\/en\/furniture-design-decoration-malaga-marbella\/icaro\/#breadcrumb"},"inLanguage":"en-US","potentialAction":[{"@type":"ReadAction","target":["https:\/\/oboemuebles.com\/en\/furniture-design-decoration-malaga-marbella\/icaro\/"]}]},{"@type":"ImageObject","inLanguage":"en-US","@id":"https:\/\/oboemuebles.com\/en\/furniture-design-decoration-malaga-marbella\/icaro\/#primaryimage","url":"https:\/\/oboemuebles.com\/wp-content\/uploads\/2025\/11\/FLEXFORM-ICARO-1.webp","contentUrl":"https:\/\/oboemuebles.com\/wp-content\/uploads\/2025\/11\/FLEXFORM-ICARO-1.webp","width":900,"height":900},{"@type":"BreadcrumbList","@id":"https:\/\/oboemuebles.com\/en\/furniture-design-decoration-malaga-marbella\/icaro\/#breadcrumb","itemListElement":[{"@type":"ListItem","position":1,"name":"Portada","item":"https:\/\/oboemuebles.com\/en\/home\/"},{"@type":"ListItem","position":2,"name":"Shop","item":"https:\/\/oboemuebles.com\/en\/shop\/"},{"@type":"ListItem","position":3,"name":"ICARO"}]},{"@type":"WebSite","@id":"https:\/\/oboemuebles.com\/en\/#website","url":"https:\/\/oboemuebles.com\/en\/","name":"Oboe Muebles - Tienda de muebles en M\u00e1laga y Marbella","description":"Oboe Muebles - Tienda de muebles en M\u00e1laga y Marbella","potentialAction":[{"@type":"SearchAction","target":{"@type":"EntryPoint","urlTemplate":"https:\/\/oboemuebles.com\/en\/?s={search_term_string}"},"query-input":{"@type":"PropertyValueSpecification","valueRequired":true,"valueName":"search_term_string"}}],"inLanguage":"en-US"}]}},"_links":{"self":[{"href":"https:\/\/oboemuebles.com\/en\/wp-json\/wp\/v2\/product\/29233","targetHints":{"allow":["GET"]}}],"collection":[{"href":"https:\/\/oboemuebles.com\/en\/wp-json\/wp\/v2\/product"}],"about":[{"href":"https:\/\/oboemuebles.com\/en\/wp-json\/wp\/v2\/types\/product"}],"replies":[{"embeddable":true,"href":"https:\/\/oboemuebles.com\/en\/wp-json\/wp\/v2\/comments?post=29233"}],"wp:featuredmedia":[{"embeddable":true,"href":"https:\/\/oboemuebles.com\/en\/wp-json\/wp\/v2\/media\/6845"}],"wp:attachment":[{"href":"https:\/\/oboemuebles.com\/en\/wp-json\/wp\/v2\/media?parent=29233"}],"wp:term":[{"taxonomy":"product_brand","embeddable":true,"href":"https:\/\/oboemuebles.com\/en\/wp-json\/wp\/v2\/product_brand?post=29233"},{"taxonomy":"product_cat","embeddable":true,"href":"https:\/\/oboemuebles.com\/en\/wp-json\/wp\/v2\/product_cat?post=29233"},{"taxonomy":"product_tag","embeddable":true,"href":"https:\/\/oboemuebles.com\/en\/wp-json\/wp\/v2\/product_tag?post=29233"}],"curies":[{"name":"wp","href":"https:\/\/api.w.org\/{rel}","templated":true}]}}