{"id":29244,"date":"2025-11-13T12:08:31","date_gmt":"2025-11-13T12:08:31","guid":{"rendered":"https:\/\/oboemuebles.com\/producto\/marmaduke\/"},"modified":"2025-11-13T12:08:31","modified_gmt":"2025-11-13T12:08:31","slug":"marmaduke","status":"publish","type":"product","link":"https:\/\/oboemuebles.com\/en\/producto\/marmaduke\/","title":{"rendered":"MARMADUKE"},"content":{"rendered":"","protected":false},"excerpt":{"rendered":"<p>Vers\u00e1tiles y f\u00e1ciles de combinar con todos los asientos de la colecci\u00f3n Flexform Mood, las mesas de centro Marmaduke presentan unas l\u00edneas puras y un dise\u00f1o minimalista, aunque no les falta originalidad en el signo gr\u00e1fico que caracteriza la base met\u00e1lica. La estructura met\u00e1lica propuesta en los acabados satinado, cromado, cromado negro, bru\u00f1ido, bronce o champ\u00e1n se combina con tableros de m\u00e1rmol precioso propuestos en diferentes variedades. <\/p>\n","protected":false},"featured_media":6856,"comment_status":"closed","ping_status":"closed","template":"","meta":{"_acf_changed":false},"product_brand":[],"product_cat":[890,878,872,899],"product_tag":[1206],"class_list":{"0":"post-29244","1":"product","2":"type-product","3":"status-publish","4":"has-post-thumbnail","6":"product_cat-modern-furniture","7":"product_cat-sign-livingroom-malaga-marbella","8":"product_cat-rooms-en","9":"product_cat-side-and-coffee-tables-malaga-marbella","10":"product_tag-roberto-lazzeroni","11":"pa_diseno-roberto-lazzeroni","13":"first","14":"instock","15":"product-type-simple"},"acf":[],"_links":{"self":[{"href":"https:\/\/oboemuebles.com\/en\/wp-json\/wp\/v2\/product\/29244","targetHints":{"allow":["GET"]}}],"collection":[{"href":"https:\/\/oboemuebles.com\/en\/wp-json\/wp\/v2\/product"}],"about":[{"href":"https:\/\/oboemuebles.com\/en\/wp-json\/wp\/v2\/types\/product"}],"replies":[{"embeddable":true,"href":"https:\/\/oboemuebles.com\/en\/wp-json\/wp\/v2\/comments?post=29244"}],"wp:featuredmedia":[{"embeddable":true,"href":"https:\/\/oboemuebles.com\/en\/wp-json\/wp\/v2\/media\/6856"}],"wp:attachment":[{"href":"https:\/\/oboemuebles.com\/en\/wp-json\/wp\/v2\/media?parent=29244"}],"wp:term":[{"taxonomy":"product_brand","embeddable":true,"href":"https:\/\/oboemuebles.com\/en\/wp-json\/wp\/v2\/product_brand?post=29244"},{"taxonomy":"product_cat","embeddable":true,"href":"https:\/\/oboemuebles.com\/en\/wp-json\/wp\/v2\/product_cat?post=29244"},{"taxonomy":"product_tag","embeddable":true,"href":"https:\/\/oboemuebles.com\/en\/wp-json\/wp\/v2\/product_tag?post=29244"}],"curies":[{"name":"wp","href":"https:\/\/api.w.org\/{rel}","templated":true}]}}