{"id":29352,"date":"2025-11-13T12:00:58","date_gmt":"2025-11-13T12:00:58","guid":{"rendered":"https:\/\/oboemuebles.com\/producto\/llt-2\/"},"modified":"2025-11-13T12:00:58","modified_gmt":"2025-11-13T12:00:58","slug":"llt-2","status":"publish","type":"product","link":"https:\/\/oboemuebles.com\/en\/producto\/llt-2\/","title":{"rendered":"LLT"},"content":{"rendered":"","protected":false},"excerpt":{"rendered":"<p>Consola compuesta por una tapa de vidrio transparente de 15 mm de espesor con bordes biselados en los dos lados m\u00e1s cortos y una base pegada en vidrio transparente de 15 mm de espesor con un borde de 30 mm. Elementos de fijaci\u00f3n en acero inoxidable. La consola LLT tambi\u00e9n se puede fabricar a tama\u00f1o personalizado (max 240 longitud).  <\/p>\n","protected":false},"featured_media":6332,"comment_status":"closed","ping_status":"closed","template":"","meta":{"_acf_changed":false},"product_brand":[],"product_cat":[890,880,872,899],"product_tag":[1295,1296],"class_list":{"0":"post-29352","1":"product","2":"type-product","3":"status-publish","4":"has-post-thumbnail","6":"product_cat-modern-furniture","7":"product_cat-design-entrance-malaga-marbella","8":"product_cat-rooms-en","9":"product_cat-side-and-coffee-tables-malaga-marbella","10":"product_tag-dante-o-benini","11":"product_tag-luca-gonzo","12":"pa_diseno-dante-o-benini","13":"pa_diseno-luca-gonzo","15":"first","16":"instock","17":"product-type-simple"},"acf":[],"_links":{"self":[{"href":"https:\/\/oboemuebles.com\/en\/wp-json\/wp\/v2\/product\/29352","targetHints":{"allow":["GET"]}}],"collection":[{"href":"https:\/\/oboemuebles.com\/en\/wp-json\/wp\/v2\/product"}],"about":[{"href":"https:\/\/oboemuebles.com\/en\/wp-json\/wp\/v2\/types\/product"}],"replies":[{"embeddable":true,"href":"https:\/\/oboemuebles.com\/en\/wp-json\/wp\/v2\/comments?post=29352"}],"wp:featuredmedia":[{"embeddable":true,"href":"https:\/\/oboemuebles.com\/en\/wp-json\/wp\/v2\/media\/6332"}],"wp:attachment":[{"href":"https:\/\/oboemuebles.com\/en\/wp-json\/wp\/v2\/media?parent=29352"}],"wp:term":[{"taxonomy":"product_brand","embeddable":true,"href":"https:\/\/oboemuebles.com\/en\/wp-json\/wp\/v2\/product_brand?post=29352"},{"taxonomy":"product_cat","embeddable":true,"href":"https:\/\/oboemuebles.com\/en\/wp-json\/wp\/v2\/product_cat?post=29352"},{"taxonomy":"product_tag","embeddable":true,"href":"https:\/\/oboemuebles.com\/en\/wp-json\/wp\/v2\/product_tag?post=29352"}],"curies":[{"name":"wp","href":"https:\/\/api.w.org\/{rel}","templated":true}]}}