{"id":29475,"date":"2025-11-13T11:29:23","date_gmt":"2025-11-13T11:29:23","guid":{"rendered":"https:\/\/oboemuebles.com\/producto\/palette-2\/"},"modified":"2025-11-13T11:29:23","modified_gmt":"2025-11-13T11:29:23","slug":"palette-2","status":"publish","type":"product","link":"https:\/\/oboemuebles.com\/en\/producto\/palette-2\/","title":{"rendered":"PALETTE"},"content":{"rendered":"<p>Defined by a compelling collage of materials, the Palette side table, designed by Jaime Hayon, has an elegant and sophisticated presence.<br \/>\nThe tiered arrangement of the oval and circular tabletops creates an effect that is understated yet sophisticated, combining the warmth of wood with the patterned surface of marble in contrast to the silky effect of satin-polished brass. The diverse mix of materials forms a truly sculptural and striking piece.<\/p>\n","protected":false},"excerpt":{"rendered":"<p>La base est\u00e1 hecha de tubos de acero soldados y recubiertos de pintura epoxy. Los tableros est\u00e1n hechos de lat\u00f3n pulido satinado cortado con l\u00e1ser, m\u00e1rmol pulido y chapa de fresno te\u00f1ido o nogal <\/p>\n","protected":false},"featured_media":4068,"comment_status":"closed","ping_status":"closed","template":"","meta":{"_acf_changed":false},"product_brand":[],"product_cat":[890,878,872,899],"product_tag":[1224],"class_list":{"0":"post-29475","1":"product","2":"type-product","3":"status-publish","4":"has-post-thumbnail","6":"product_cat-modern-furniture","7":"product_cat-sign-livingroom-malaga-marbella","8":"product_cat-rooms-en","9":"product_cat-side-and-coffee-tables-malaga-marbella","10":"product_tag-jaime-hayon","11":"pa_diseno-jaime-hayon","13":"first","14":"instock","15":"product-type-simple"},"acf":[],"_links":{"self":[{"href":"https:\/\/oboemuebles.com\/en\/wp-json\/wp\/v2\/product\/29475","targetHints":{"allow":["GET"]}}],"collection":[{"href":"https:\/\/oboemuebles.com\/en\/wp-json\/wp\/v2\/product"}],"about":[{"href":"https:\/\/oboemuebles.com\/en\/wp-json\/wp\/v2\/types\/product"}],"replies":[{"embeddable":true,"href":"https:\/\/oboemuebles.com\/en\/wp-json\/wp\/v2\/comments?post=29475"}],"wp:featuredmedia":[{"embeddable":true,"href":"https:\/\/oboemuebles.com\/en\/wp-json\/wp\/v2\/media\/4068"}],"wp:attachment":[{"href":"https:\/\/oboemuebles.com\/en\/wp-json\/wp\/v2\/media?parent=29475"}],"wp:term":[{"taxonomy":"product_brand","embeddable":true,"href":"https:\/\/oboemuebles.com\/en\/wp-json\/wp\/v2\/product_brand?post=29475"},{"taxonomy":"product_cat","embeddable":true,"href":"https:\/\/oboemuebles.com\/en\/wp-json\/wp\/v2\/product_cat?post=29475"},{"taxonomy":"product_tag","embeddable":true,"href":"https:\/\/oboemuebles.com\/en\/wp-json\/wp\/v2\/product_tag?post=29475"}],"curies":[{"name":"wp","href":"https:\/\/api.w.org\/{rel}","templated":true}]}}