{"id":29833,"date":"2025-11-13T11:54:14","date_gmt":"2025-11-13T11:54:14","guid":{"rendered":"https:\/\/oboemuebles.com\/producto\/coma-wood\/"},"modified":"2025-11-13T11:54:14","modified_gmt":"2025-11-13T11:54:14","slug":"coma-wood","status":"publish","type":"product","link":"https:\/\/oboemuebles.com\/en\/producto\/coma-wood\/","title":{"rendered":"COMA WOOD"},"content":{"rendered":"","protected":false},"excerpt":{"rendered":"<p>El taburete Coma Wood, realizado con materiales provenientes de bosques sostenibles, cuenta con una base de 4 patas de roble natural o tintado. El asiento puede realizarse en polipropileno o en contrachapado de madera y se puede tapizar. Este modelo est\u00e1 disponible en tres alturas: uno bajo, uno alto para cafeter\u00edas, bares y restaurantes, y uno de altura mediana para entornos m\u00e1s residenciales o corporativos.  <\/p>\n","protected":false},"featured_media":6029,"comment_status":"closed","ping_status":"closed","template":"","meta":{"_acf_changed":false},"product_brand":[],"product_cat":[879,890,877,872,903],"product_tag":[1308],"class_list":{"0":"post-29833","1":"product","2":"type-product","3":"status-publish","4":"has-post-thumbnail","6":"product_cat-dining-room-malaga-marbella","7":"product_cat-modern-furniture","8":"product_cat-kitchen-in-malaga-marbella","9":"product_cat-rooms-en","10":"product_cat-stools-malaga-marbella","11":"product_tag-llusca-design","12":"pa_diseno-llusca-design","14":"first","15":"instock","16":"purchasable","17":"product-type-simple"},"acf":[],"_links":{"self":[{"href":"https:\/\/oboemuebles.com\/en\/wp-json\/wp\/v2\/product\/29833","targetHints":{"allow":["GET"]}}],"collection":[{"href":"https:\/\/oboemuebles.com\/en\/wp-json\/wp\/v2\/product"}],"about":[{"href":"https:\/\/oboemuebles.com\/en\/wp-json\/wp\/v2\/types\/product"}],"replies":[{"embeddable":true,"href":"https:\/\/oboemuebles.com\/en\/wp-json\/wp\/v2\/comments?post=29833"}],"wp:featuredmedia":[{"embeddable":true,"href":"https:\/\/oboemuebles.com\/en\/wp-json\/wp\/v2\/media\/6029"}],"wp:attachment":[{"href":"https:\/\/oboemuebles.com\/en\/wp-json\/wp\/v2\/media?parent=29833"}],"wp:term":[{"taxonomy":"product_brand","embeddable":true,"href":"https:\/\/oboemuebles.com\/en\/wp-json\/wp\/v2\/product_brand?post=29833"},{"taxonomy":"product_cat","embeddable":true,"href":"https:\/\/oboemuebles.com\/en\/wp-json\/wp\/v2\/product_cat?post=29833"},{"taxonomy":"product_tag","embeddable":true,"href":"https:\/\/oboemuebles.com\/en\/wp-json\/wp\/v2\/product_tag?post=29833"}],"curies":[{"name":"wp","href":"https:\/\/api.w.org\/{rel}","templated":true}]}}