{"id":30058,"date":"2025-11-13T16:44:21","date_gmt":"2025-11-13T16:44:21","guid":{"rendered":"https:\/\/oboemuebles.com\/producto\/elementaire\/"},"modified":"2025-11-13T16:44:21","modified_gmt":"2025-11-13T16:44:21","slug":"elementaire","status":"publish","type":"product","link":"https:\/\/oboemuebles.com\/en\/producto\/elementaire\/","title":{"rendered":"Elementaire"},"content":{"rendered":"","protected":false},"excerpt":{"rendered":"<p>Through a blend of hard work and experience, the \u00c9l\u00e9mentaire was born. Its robust and durable design contrasts with its delicate appearance, making the \u00c9l\u00e9mentaire a perfect balance of beauty and strength. Suitable for both public and private settings, the HAY \u00c9l\u00e9mentaire has enough charm and charisma to look striking both on its own and as part of a larger ensemble.  <\/p>\n<p>A practical design that&#8217;s suitable for both indoor and outdoor spaces, why not complement it with a matching seat cushion?<\/p>\n","protected":false},"featured_media":19863,"comment_status":"closed","ping_status":"closed","template":"","meta":{"_acf_changed":false},"product_brand":[],"product_cat":[900,890,877,920,872],"product_tag":[1374],"class_list":{"0":"post-30058","1":"product","2":"type-product","3":"status-publish","4":"has-post-thumbnail","6":"product_cat-chairs-malaga-marbella","7":"product_cat-modern-furniture","8":"product_cat-kitchen-in-malaga-marbella","9":"product_cat-design-outdoor-malaga-marbella-2","10":"product_cat-rooms-en","11":"product_tag-ronan-erwan-bouroullec","13":"first","14":"instock","15":"product-type-simple"},"acf":[],"_links":{"self":[{"href":"https:\/\/oboemuebles.com\/en\/wp-json\/wp\/v2\/product\/30058","targetHints":{"allow":["GET"]}}],"collection":[{"href":"https:\/\/oboemuebles.com\/en\/wp-json\/wp\/v2\/product"}],"about":[{"href":"https:\/\/oboemuebles.com\/en\/wp-json\/wp\/v2\/types\/product"}],"replies":[{"embeddable":true,"href":"https:\/\/oboemuebles.com\/en\/wp-json\/wp\/v2\/comments?post=30058"}],"wp:featuredmedia":[{"embeddable":true,"href":"https:\/\/oboemuebles.com\/en\/wp-json\/wp\/v2\/media\/19863"}],"wp:attachment":[{"href":"https:\/\/oboemuebles.com\/en\/wp-json\/wp\/v2\/media?parent=30058"}],"wp:term":[{"taxonomy":"product_brand","embeddable":true,"href":"https:\/\/oboemuebles.com\/en\/wp-json\/wp\/v2\/product_brand?post=30058"},{"taxonomy":"product_cat","embeddable":true,"href":"https:\/\/oboemuebles.com\/en\/wp-json\/wp\/v2\/product_cat?post=30058"},{"taxonomy":"product_tag","embeddable":true,"href":"https:\/\/oboemuebles.com\/en\/wp-json\/wp\/v2\/product_tag?post=30058"}],"curies":[{"name":"wp","href":"https:\/\/api.w.org\/{rel}","templated":true}]}}