{"id":30195,"date":"2025-11-13T15:43:19","date_gmt":"2025-11-13T15:43:19","guid":{"rendered":"https:\/\/oboemuebles.com\/producto\/inout-823\/"},"modified":"2025-11-13T15:43:19","modified_gmt":"2025-11-13T15:43:19","slug":"inout-823","status":"publish","type":"product","link":"https:\/\/oboemuebles.com\/en\/producto\/inout-823\/","title":{"rendered":"INOUT 823"},"content":{"rendered":"","protected":false},"excerpt":{"rendered":"<p>Familia de sillas con y sin brazos, con estructura minimalista y l\u00edneas esenciales, las Inout 823\/824 se desarrollan en torno a una ligera estructura tubular de aluminio pintado de blanco, gris o salvia, material ecol\u00f3gico y \u00fanico por sus cualidades t\u00e9cnicas. A esto se agrega un particular entramado de cintas el\u00e1sticas de color gris, negro o azul, un producto innovador a base de goma sint\u00e9tica y propileno. <\/p>\n","protected":false},"featured_media":17425,"comment_status":"closed","ping_status":"closed","template":"","meta":{"_acf_changed":false},"product_brand":[],"product_cat":[900,890,920,872,876],"product_tag":[],"class_list":{"0":"post-30195","1":"product","2":"type-product","3":"status-publish","4":"has-post-thumbnail","6":"product_cat-chairs-malaga-marbella","7":"product_cat-modern-furniture","8":"product_cat-design-outdoor-malaga-marbella-2","9":"product_cat-rooms-en","10":"product_cat-design-terrace-malaga-marbella","12":"first","13":"instock","14":"product-type-simple"},"acf":[],"_links":{"self":[{"href":"https:\/\/oboemuebles.com\/en\/wp-json\/wp\/v2\/product\/30195","targetHints":{"allow":["GET"]}}],"collection":[{"href":"https:\/\/oboemuebles.com\/en\/wp-json\/wp\/v2\/product"}],"about":[{"href":"https:\/\/oboemuebles.com\/en\/wp-json\/wp\/v2\/types\/product"}],"replies":[{"embeddable":true,"href":"https:\/\/oboemuebles.com\/en\/wp-json\/wp\/v2\/comments?post=30195"}],"wp:featuredmedia":[{"embeddable":true,"href":"https:\/\/oboemuebles.com\/en\/wp-json\/wp\/v2\/media\/17425"}],"wp:attachment":[{"href":"https:\/\/oboemuebles.com\/en\/wp-json\/wp\/v2\/media?parent=30195"}],"wp:term":[{"taxonomy":"product_brand","embeddable":true,"href":"https:\/\/oboemuebles.com\/en\/wp-json\/wp\/v2\/product_brand?post=30195"},{"taxonomy":"product_cat","embeddable":true,"href":"https:\/\/oboemuebles.com\/en\/wp-json\/wp\/v2\/product_cat?post=30195"},{"taxonomy":"product_tag","embeddable":true,"href":"https:\/\/oboemuebles.com\/en\/wp-json\/wp\/v2\/product_tag?post=30195"}],"curies":[{"name":"wp","href":"https:\/\/api.w.org\/{rel}","templated":true}]}}