{"id":30381,"date":"2025-11-13T14:48:32","date_gmt":"2025-11-13T14:48:32","guid":{"rendered":"https:\/\/oboemuebles.com\/producto\/standard\/"},"modified":"2025-11-13T14:48:32","modified_gmt":"2025-11-13T14:48:32","slug":"standard","status":"publish","type":"product","link":"https:\/\/oboemuebles.com\/en\/producto\/standard\/","title":{"rendered":"STANDARD"},"content":{"rendered":"<p>Jean Prouv\u00e9&#8217;s Standard Chair has become one of the French designer&#8217;s most famous classics. The seat and back of this understated yet iconic chair are offered in various types of wood, and the metal frame is available in different colors. During World War II, Prouv\u00e9 responded to the metal shortage with a version made entirely of solid wood and plywood.  <\/p>\n","protected":false},"excerpt":{"rendered":"<p>Las sillas soportan m\u00e1s tensi\u00f3n en las patas traseras, ya que son ellas las que absorben el peso de la parte superior del cuerpo. El ingeniero y dise\u00f1ador Jean Prouv\u00e9 aplic\u00f3 esta sencilla idea al inconfundible dise\u00f1o de la silla Standard: las patas delanteras, que soportan un peso relativamente peque\u00f1o, son de acero tubular, mientras que las patas traseras son elementos huecos de gran volumen que transmiten la tensi\u00f3n al suelo. <\/p>\n","protected":false},"featured_media":15231,"comment_status":"closed","ping_status":"closed","template":"","meta":{"_acf_changed":false},"product_brand":[],"product_cat":[900,879,890,872],"product_tag":[1134],"class_list":{"0":"post-30381","1":"product","2":"type-product","3":"status-publish","4":"has-post-thumbnail","6":"product_cat-chairs-malaga-marbella","7":"product_cat-dining-room-malaga-marbella","8":"product_cat-modern-furniture","9":"product_cat-rooms-en","10":"product_tag-jean-prouve","11":"pa_diseno-jean-prouve","13":"first","14":"instock","15":"product-type-simple"},"acf":[],"_links":{"self":[{"href":"https:\/\/oboemuebles.com\/en\/wp-json\/wp\/v2\/product\/30381","targetHints":{"allow":["GET"]}}],"collection":[{"href":"https:\/\/oboemuebles.com\/en\/wp-json\/wp\/v2\/product"}],"about":[{"href":"https:\/\/oboemuebles.com\/en\/wp-json\/wp\/v2\/types\/product"}],"replies":[{"embeddable":true,"href":"https:\/\/oboemuebles.com\/en\/wp-json\/wp\/v2\/comments?post=30381"}],"wp:featuredmedia":[{"embeddable":true,"href":"https:\/\/oboemuebles.com\/en\/wp-json\/wp\/v2\/media\/15231"}],"wp:attachment":[{"href":"https:\/\/oboemuebles.com\/en\/wp-json\/wp\/v2\/media?parent=30381"}],"wp:term":[{"taxonomy":"product_brand","embeddable":true,"href":"https:\/\/oboemuebles.com\/en\/wp-json\/wp\/v2\/product_brand?post=30381"},{"taxonomy":"product_cat","embeddable":true,"href":"https:\/\/oboemuebles.com\/en\/wp-json\/wp\/v2\/product_cat?post=30381"},{"taxonomy":"product_tag","embeddable":true,"href":"https:\/\/oboemuebles.com\/en\/wp-json\/wp\/v2\/product_tag?post=30381"}],"curies":[{"name":"wp","href":"https:\/\/api.w.org\/{rel}","templated":true}]}}