{"id":30387,"date":"2025-11-13T14:45:27","date_gmt":"2025-11-13T14:45:27","guid":{"rendered":"https:\/\/oboemuebles.com\/producto\/belleville\/"},"modified":"2025-11-13T14:45:27","modified_gmt":"2025-11-13T14:45:27","slug":"belleville","status":"publish","type":"product","link":"https:\/\/oboemuebles.com\/en\/producto\/belleville\/","title":{"rendered":"BELLEVILLE"},"content":{"rendered":"<p>La Belleville Chair de pl\u00e1stico consta de dos componentes: un bastidor estructural y una carcasa de asiento. El elegante bastidor estructural traza las l\u00edneas caligr\u00e1ficas de las patas y el respaldo de la silla y est\u00e1 disponible con o sin reposabrazos inclinados hacia delante. La fina carcasa de asiento se estrecha hacia arriba desde el asiento para convertirse en el respaldo. Adem\u00e1s de la versi\u00f3n de pl\u00e1stico de diferentes colores, la carcasa tambi\u00e9n se ofrece en contrachapado de madera laminada o tapizada en cuero o tela. Belleville Chair Plastic tambi\u00e9n es adecuada para su uso al aire libre.    <\/p>\n","protected":false},"excerpt":{"rendered":"<p>Belleville is the name of a lively Parisian neighborhood where designers Ronan and Erwan Bouroullec have their studio. The Belleville Chair&#8217;s visual references can be found in the classic furnishings of French restaurants and the cheerful atmosphere of this Parisian corner. The chair&#8217;s familiar shape\u2014even in a contemporary context\u2014might initially seem obvious, but it also evokes a sense of mystery and intrigue, as the chair&#8217;s material, structure, and craftsmanship are only revealed upon closer inspection.  <\/p>\n","protected":false},"featured_media":14984,"comment_status":"closed","ping_status":"closed","template":"","meta":{"_acf_changed":false},"product_brand":[],"product_cat":[900,879,890,877,920,872],"product_tag":[1156,1124],"class_list":{"0":"post-30387","1":"product","2":"type-product","3":"status-publish","4":"has-post-thumbnail","6":"product_cat-chairs-malaga-marbella","7":"product_cat-dining-room-malaga-marbella","8":"product_cat-modern-furniture","9":"product_cat-kitchen-in-malaga-marbella","10":"product_cat-design-outdoor-malaga-marbella-2","11":"product_cat-rooms-en","12":"product_tag-erwan-bouroullec","13":"product_tag-ronan-bouroullec","14":"pa_diseno-erwan-bouroullec","15":"pa_diseno-ronan-bouroullec","17":"first","18":"instock","19":"product-type-simple"},"acf":[],"_links":{"self":[{"href":"https:\/\/oboemuebles.com\/en\/wp-json\/wp\/v2\/product\/30387","targetHints":{"allow":["GET"]}}],"collection":[{"href":"https:\/\/oboemuebles.com\/en\/wp-json\/wp\/v2\/product"}],"about":[{"href":"https:\/\/oboemuebles.com\/en\/wp-json\/wp\/v2\/types\/product"}],"replies":[{"embeddable":true,"href":"https:\/\/oboemuebles.com\/en\/wp-json\/wp\/v2\/comments?post=30387"}],"wp:featuredmedia":[{"embeddable":true,"href":"https:\/\/oboemuebles.com\/en\/wp-json\/wp\/v2\/media\/14984"}],"wp:attachment":[{"href":"https:\/\/oboemuebles.com\/en\/wp-json\/wp\/v2\/media?parent=30387"}],"wp:term":[{"taxonomy":"product_brand","embeddable":true,"href":"https:\/\/oboemuebles.com\/en\/wp-json\/wp\/v2\/product_brand?post=30387"},{"taxonomy":"product_cat","embeddable":true,"href":"https:\/\/oboemuebles.com\/en\/wp-json\/wp\/v2\/product_cat?post=30387"},{"taxonomy":"product_tag","embeddable":true,"href":"https:\/\/oboemuebles.com\/en\/wp-json\/wp\/v2\/product_tag?post=30387"}],"curies":[{"name":"wp","href":"https:\/\/api.w.org\/{rel}","templated":true}]}}